{"id":7244,"date":"2025-03-30T16:45:01","date_gmt":"2025-03-30T16:45:01","guid":{"rendered":"https:\/\/www.mskeydepot.com\/?post_type=product&#038;p=7244"},"modified":"2026-04-29T13:23:28","modified_gmt":"2026-04-29T13:23:28","slug":"microsoft-windows-11-professional","status":"publish","type":"product","link":"https:\/\/www.mskeydepot.com\/de\/produkt\/microsoft-windows-11-professional\/","title":{"rendered":"Microsoft Windows 11 Professional"},"content":{"rendered":"<p>Siehe <strong>Microsoft Windows 11 Professional<\/strong> for the best price. After your order, we\u2019ll deliver your <strong>Aktivierungsschl\u00fcssel<\/strong> direkt an Ihre E-Mail. Mit einer einmaligen Zahlung schalten Sie ein <strong>lebenslange Lizenz<\/strong>-aktivieren Sie Ihr Windows und schalten Sie Ihren PC noch heute ein. Bestellen Sie jetzt und treten Sie ein in eine Welt, in der der perfekte Schl\u00fcssel zu Ihrem digitalen Potenzial auf Sie wartet!<\/p>\n\n\n\n<hr class=\"wp-block-separator has-alpha-channel-opacity\"\/>\n\n\n\n<h3 class=\"wp-block-heading\">Entdecken Sie Microsoft Windows 11 Professional<\/h3>\n\n\n\n<p>In einer Welt, in der die Technologie jeden Tag neue T\u00fcren \u00f6ffnet, <strong>Windows 11 Professional<\/strong> ist Ihr Hauptschl\u00fcssel, um mit dem verbunden zu bleiben, was am wichtigsten ist. Mit seinen intuitiven Tools maximiert er den Platz auf Ihrem Bildschirm und sorgt f\u00fcr h\u00f6chste Produktivit\u00e4t.<\/p>\n\n\n\n<p>Mit <strong>Windows 11 Pro<\/strong>genie\u00dfen Sie ein erfrischendes <strong>Start-Men\u00fc<\/strong> und neue M\u00f6glichkeiten, Ihren PC in Gang zu bringen. Verbinden Sie sich mit Freunden \u00fcber <strong>Microsoft Teams<\/strong>bleiben Sie auf dem Laufenden, tauchen Sie ein in die Welt der Spiele und entdecken Sie verifizierte Inhalte auf <strong>Microsoft Edge<\/strong>. Windows 11 Professional ist Ihr Einstieg in die Welt des Denkens, der Kreativit\u00e4t und des beruflichen Fortkommens.<\/p>\n\n\n\n<h4 class=\"wp-block-heading\">Eine neue Taste f\u00fcr das Startmen\u00fc<\/h4>\n\n\n\n<p>Die <strong>Windows 11 Pro Startmen\u00fc<\/strong> besticht durch ein schlankes, modernes Design. Ihre wichtigsten Standorte und Optionen befinden sich vorne und in der Mitte, w\u00e4hrend sich die App-Kacheln auf der linken Seite anordnen. \u00c4ndern Sie die Gr\u00f6\u00dfe, erweitern Sie den Vollbildmodus - passen Sie ihn mit einem einzigen Tastendruck an.<\/p>\n\n\n\n<h4 class=\"wp-block-heading\">Eine neue Sichtweise erwartet Sie<\/h4>\n\n\n\n<p>Treten Sie ein in einen ruhigen, kreativen Raum mit <strong>Windows 11 Pro's<\/strong> neu gestaltete Schnittstelle. Es ist eine ruhige Umgebung, die Ihre Leidenschaften anregt und zu neuen Ideen inspiriert.<\/p>\n\n\n\n<h4 class=\"wp-block-heading\">Produktivit\u00e4t entfesselt<\/h4>\n\n\n\n<p>Verbessern Sie Ihre Arbeitsabl\u00e4ufe mit Zugriff auf alle Anwendungen, die Sie ben\u00f6tigen - einschlie\u00dflich <strong>Android-Apps<\/strong>! Multitasking wie ein Profi mit <strong>Schnapp-Layouts<\/strong>, <strong>Virtuelle Desktops<\/strong>und ein nahtloses Redocking-Erlebnis, das den Aufgabenwechsel zum Kinderspiel macht.<\/p>\n\n\n\n<h4 class=\"wp-block-heading\">Verbindung mit Microsoft Teams<\/h4>\n\n\n\n<p><strong>Microsoft Teams<\/strong> ersetzt Skype als Schl\u00fcssel zur sofortigen Verbindung. Rufen Sie die Menschen, die Ihnen am wichtigsten sind, direkt von der Windows 11 Pro-Taskleiste aus an oder chatten Sie kostenlos mit ihnen - und das auf jedem Ger\u00e4t.<\/p>\n\n\n\n<h4 class=\"wp-block-heading\">Gestalten Sie Ihre Welt<\/h4>\n\n\n\n<p>Mit <strong>Microsoft Edge<\/strong> und anpassbar <strong>Widgets<\/strong>Mit Windows 11 Pro sind Sie immer auf dem Laufenden - mit Nachrichten, Informationen und Unterhaltungsangeboten, die auf Sie zugeschnitten sind - und das alles auf Knopfdruck.<\/p>\n\n\n\n<h4 class=\"wp-block-heading\">Erkunden Sie den Microsoft Store<\/h4>\n\n\n\n<p>Finden Sie Apps und Unterhaltung schnell in der <strong>Microsoft Store<\/strong>. Freischalten <strong>Android-Apps<\/strong> mit Intel Bridge-Technologie oder direkt im Laden - Ihr Schl\u00fcssel zu unendlichen M\u00f6glichkeiten.<\/p>\n\n\n\n<h4 class=\"wp-block-heading\">Level Up Gaming<\/h4>\n\n\n\n<p>Windows 11 Pro verwandelt Ihren PC in ein Spiele-Kraftpaket mit atemberaubender Grafik, die es mit der Realit\u00e4t aufnehmen kann. Schalten Sie \u00fcber 100 hochwertige Spiele mit <strong>Xbox Game Pass<\/strong> (Mitgliedschaft separat erh\u00e4ltlich) und tauche ein in eine Spielwelt wie keine andere.<\/p>\n\n\n\n<hr class=\"wp-block-separator has-alpha-channel-opacity\"\/>\n\n\n\n<h3 class=\"wp-block-heading\">Hauptmerkmale von Windows 11 Professional<\/h3>\n\n\n\n<ul class=\"wp-block-list\">\n<li><strong>Microsoft Store<\/strong>: Erschlie\u00dfen Sie einen Schatz an kostenlosen oder kostenpflichtigen Apps auf Ihrem Tablet oder PC, komplett mit Rezensionen und Bewertungen.<\/li>\n\n\n\n<li><strong>Microsoft Teams<\/strong>: Integriert in die Taskleiste f\u00fcr sofortigen Zugriff \u00fcber Windows, Mac, Android und iOS.<\/li>\n\n\n\n<li><strong>Xbox Game Pass<\/strong>: Erh\u00f6hen Sie das Spielvergn\u00fcgen mit <strong>Auto HDR<\/strong> und <strong>Direkte Speicherung<\/strong>und bringt Leistung auf Konsolenniveau auf Ihren PC.<\/li>\n\n\n\n<li><strong>Virtuelle Desktops<\/strong>: Erstellen und wechseln Sie m\u00fchelos zwischen Desktops f\u00fcr Arbeit, Freizeit oder Schule.<\/li>\n\n\n\n<li><strong>Windows Hallo<\/strong>: Verwenden Sie Ihr Gesicht, Ihren Fingerabdruck oder Ihre PIN, um Ihr Ger\u00e4t und Ihr Microsoft-Konto sicher zu entsperren.<\/li>\n\n\n\n<li><strong>Ger\u00e4teverschl\u00fcsselung<\/strong>: Sch\u00fctzen Sie Ihre Daten mit integrierter Verschl\u00fcsselung - nur autorisierte Benutzer haben den Schl\u00fcssel.<\/li>\n\n\n\n<li><strong>Firewall und Netzwerkschutz<\/strong>: Bleiben Sie sicher mit Echtzeit-Netzwerk\u00fcberwachung in Windows Security.<\/li>\n\n\n\n<li><strong>Internet-Schutz<\/strong>: Sicheres Surfen mit zuverl\u00e4ssigem Schutz vor Online-Bedrohungen.<\/li>\n\n\n\n<li><strong>Elterliche Kontrolle<\/strong>: Verwalten Sie Ihre Privatsph\u00e4re und Bildschirmzeit mit Tools, die Ihnen die Kontrolle geben.<\/li>\n\n\n\n<li><strong>Sicherer Start<\/strong>: Starten Sie sicher mit Software, der der Hersteller Ihres PCs vertraut.<\/li>\n\n\n\n<li><strong>Windows-Verteidiger<\/strong>: Sch\u00fctzen Sie Ihr System mit modernstem Virenschutz.<\/li>\n\n\n\n<li><strong>Snap Layouts &amp; Gruppen<\/strong>: Organisieren Sie Anwendungen m\u00fchelos und wechseln Sie Aufgaben mit einem einzigen Klick.<\/li>\n<\/ul>\n\n\n\n<h4 class=\"wp-block-heading\">Exklusive Profi-Funktionen:<\/h4>\n\n\n\n<ol class=\"wp-block-list\">\n<li>Lokale Konten erstellen<\/li>\n\n\n\n<li>Active Directory\/Azure AD beitreten<\/li>\n\n\n\n<li>Hyper-V-Virtualisierung<\/li>\n\n\n\n<li>Windows Sandbox f\u00fcr sichere Tests<\/li>\n\n\n\n<li>BitLocker-Verschl\u00fcsselung<\/li>\n\n\n\n<li>Schutz von Windows-Informationen<\/li>\n\n\n\n<li>Verwaltung mobiler Ger\u00e4te (MDM)<\/li>\n\n\n\n<li>Gruppenrichtlinien-Steuerungen<\/li>\n\n\n\n<li>Enterprise State Roaming mit Azure<\/li>\n\n\n\n<li>Zugewiesener Zugang f\u00fcr Kioske<\/li>\n\n\n\n<li>Dynamische Bereitstellung<\/li>\n\n\n\n<li>Windows Update f\u00fcr Unternehmen<\/li>\n\n\n\n<li>Kiosk-Modus<\/li>\n<\/ol>\n\n\n\n<hr class=\"wp-block-separator has-alpha-channel-opacity\"\/>\n\n\n\n<h3 class=\"wp-block-heading\">Systemanforderungen<\/h3>\n\n\n\n<ul class=\"wp-block-list\">\n<li><strong>Prozessor<\/strong>: 1 GHz oder schneller, 2+ Kerne, 64-bit kompatibel<\/li>\n\n\n\n<li><strong>RAM<\/strong>: 4 GB<\/li>\n\n\n\n<li><strong>Lagerung<\/strong>: 64 GB oder mehr<\/li>\n\n\n\n<li><strong>Firmware<\/strong>: UEFI, Secure Boot f\u00e4hig<\/li>\n\n\n\n<li><strong>TPM<\/strong>: Version 2.0<\/li>\n\n\n\n<li><strong>Grafiken<\/strong>: DirectX 12 kompatibel, WDDM 2.0 Treiber<\/li>\n\n\n\n<li><strong>Anzeige<\/strong>720p, &gt;9\u201d Diagonale, 8-bit Farbe<\/li>\n\n\n\n<li><strong>Internet &amp; Microsoft-Konto<\/strong>: Erforderlich f\u00fcr Einrichtung und Updates<\/li>\n<\/ul>\n\n\n\n<p><\/p>","protected":false},"excerpt":{"rendered":"<div>Nimm dein <strong>Schl\u00fcssel f\u00fcr Windows 11 Professional<\/strong> heute, aktivieren Sie Ihre lebenslange Lizenz und treten Sie ein in eine Welt der Produktivit\u00e4t, Kreativit\u00e4t und Verbindung. Eine Zahlung, lebenslanger Zugang<\/div>","protected":false},"featured_media":7256,"comment_status":"open","ping_status":"closed","template":"","meta":{"_acf_changed":true},"product_brand":[54],"product_cat":[61],"product_tag":[],"class_list":{"0":"post-7244","1":"product","2":"type-product","3":"status-publish","4":"has-post-thumbnail","6":"product_brand-microsoft","7":"product_cat-operating-system","9":"first","10":"instock","11":"shipping-taxable","12":"purchasable","13":"product-type-simple"},"acf":[],"aioseo_notices":[],"_links":{"self":[{"href":"https:\/\/www.mskeydepot.com\/de\/wp-json\/wp\/v2\/product\/7244","targetHints":{"allow":["GET"]}}],"collection":[{"href":"https:\/\/www.mskeydepot.com\/de\/wp-json\/wp\/v2\/product"}],"about":[{"href":"https:\/\/www.mskeydepot.com\/de\/wp-json\/wp\/v2\/types\/product"}],"replies":[{"embeddable":true,"href":"https:\/\/www.mskeydepot.com\/de\/wp-json\/wp\/v2\/comments?post=7244"}],"wp:featuredmedia":[{"embeddable":true,"href":"https:\/\/www.mskeydepot.com\/de\/wp-json\/wp\/v2\/media\/7256"}],"wp:attachment":[{"href":"https:\/\/www.mskeydepot.com\/de\/wp-json\/wp\/v2\/media?parent=7244"}],"wp:term":[{"taxonomy":"product_brand","embeddable":true,"href":"https:\/\/www.mskeydepot.com\/de\/wp-json\/wp\/v2\/product_brand?post=7244"},{"taxonomy":"product_cat","embeddable":true,"href":"https:\/\/www.mskeydepot.com\/de\/wp-json\/wp\/v2\/product_cat?post=7244"},{"taxonomy":"product_tag","embeddable":true,"href":"https:\/\/www.mskeydepot.com\/de\/wp-json\/wp\/v2\/product_tag?post=7244"}],"curies":[{"name":"wp","href":"https:\/\/api.w.org\/{rel}","templated":true}]}}