{"id":7267,"date":"2025-03-29T17:42:55","date_gmt":"2025-03-29T17:42:55","guid":{"rendered":"https:\/\/www.mskeydepot.com\/?post_type=product&#038;p=7267"},"modified":"2026-04-29T13:24:39","modified_gmt":"2026-04-29T13:24:39","slug":"microsoft-windows-11-home","status":"publish","type":"product","link":"https:\/\/www.mskeydepot.com\/de\/produkt\/microsoft-windows-11-home\/","title":{"rendered":"Microsoft Windows 11 Startseite"},"content":{"rendered":"<h3 class=\"wp-block-heading\">Entdecken Sie eine neue Art, Ihren PC mit Windows 11 Home zu erleben<\/h3>\n\n\n\n<p>Sie suchen nach einem modernen, effizienten Upgrade f\u00fcr Ihren Computer? Lernen Sie Microsoft Windows 11 Home kennen! Vollgepackt mit innovativen Funktionen und einem schlanken, eleganten Design ist Windows 11 Home die perfekte L\u00f6sung, um Ihr Computererlebnis zu verbessern. Und mit Microsoft Edge als Standardbrowser k\u00f6nnen Sie jeden Tag schneller und sicherer surfen. Warten Sie nicht - kaufen Sie Windows 11 Home noch heute und ver\u00e4ndern Sie Ihren PC!<\/p>\n\n\n\n<h3 class=\"wp-block-heading\">Buy Windows 11 Home at the Best Price<\/h3>\n\n\n\n<p>Get Windows 11 Home at an unbeatable price. After your order, we\u2019ll deliver your activation key instantly via email. With a one-time payment, you\u2019ll secure a lifetime license! Order now to receive your Windows 11 Home license key, activate your system, and enjoy a seamless, high-performance computer.<\/p>\n\n\n\n<hr class=\"wp-block-separator has-alpha-channel-opacity\"\/>\n\n\n\n<h3 class=\"wp-block-heading\">Windows 11 Home Funktionen<\/h3>\n\n\n\n<h4 class=\"wp-block-heading\">Microsoft Edge<\/h4>\n\n\n\n<p>Erreichen Sie mehr mit Microsoft Edge, einem Browser, der auf Geschwindigkeit und Produktivit\u00e4t ausgelegt ist. Mit Tools wie Notizen, Tracking-Verhinderung und einer ablenkungsfreien Leseansicht ist er der perfekte Begleiter, um Dinge zu erledigen.<\/p>\n\n\n\n<h4 class=\"wp-block-heading\">Microsoft Store<\/h4>\n\n\n\n<p>Ihr One-Stop-Shop f\u00fcr alles, was mit dem PC zu tun hat. Von Software \u00fcber Hardware bis hin zu Zubeh\u00f6r - im Microsoft Store finden Sie alles, was Sie brauchen, um Ihr Windows 11 Home-Erlebnis zu maximieren.<\/p>\n\n\n\n<h4 class=\"wp-block-heading\">Schnapp-Layouts<\/h4>\n\n\n\n<p>Organisieren Sie Ihren Arbeitsbereich m\u00fchelos mit Snap Layouts. Ordnen Sie Fenster nebeneinander an oder stapeln Sie sie mit nur wenigen Klicks f\u00fcr einen aufger\u00e4umten Bildschirm.<\/p>\n\n\n\n<h4 class=\"wp-block-heading\">Desktops<\/h4>\n\n\n\n<p>Erstellen Sie separate virtuelle Desktops f\u00fcr Arbeit, Freizeit oder pers\u00f6nliche Aufgaben. Wechseln Sie sofort zwischen ihnen, um Ihr Leben organisiert und konzentriert zu halten.<\/p>\n\n\n\n<h4 class=\"wp-block-heading\">Microsoft Teams<\/h4>\n\n\n\n<p>Bleiben Sie mit Microsoft Teams, einem Chat-basierten Tool f\u00fcr die Zusammenarbeit, in Verbindung. Chatten, telefonieren und arbeiten Sie an Projekten mit Kollegen oder Freunden - alles von einer Plattform aus.<\/p>\n\n\n\n<h4 class=\"wp-block-heading\">Sprach-, Touch- und Stifterlebnis<\/h4>\n\n\n\n<p>Windows 11 Home bietet eine nat\u00fcrliche, intuitive Benutzeroberfl\u00e4che. Verwenden Sie Sprachbefehle, Touch-Gesten oder einen Stift, um Aufgaben schnell und effizient zu erledigen.<\/p>\n\n\n\n<h4 class=\"wp-block-heading\">Widgets<\/h4>\n\n\n\n<p>Greifen Sie mit Widgets direkt von Ihrem Desktop auf wichtige Informationen zu. Pr\u00fcfen Sie das Wetter, die B\u00f6rsenkurse oder die Nachrichten, ohne zus\u00e4tzliche Anwendungen zu \u00f6ffnen.<\/p>\n\n\n\n<h4 class=\"wp-block-heading\">Exzellente Spiele<\/h4>\n\n\n\n<p>Windows 11 Home ist der Traum eines jeden Gamers, denn es unterst\u00fctzt die neueste Hardware und die neuesten Titel f\u00fcr ein unvergleichliches Spielerlebnis.<\/p>\n\n\n\n<hr class=\"wp-block-separator has-alpha-channel-opacity\"\/>\n\n\n\n<h3 class=\"wp-block-heading\">Windows 11 Home Sicherheitsfunktionen<\/h3>\n\n\n\n<h4 class=\"wp-block-heading\">Ger\u00e4teverschl\u00fcsselung<\/h4>\n\n\n\n<p>Sch\u00fctzen Sie Ihre Daten mit Ger\u00e4teverschl\u00fcsselung. Selbst wenn Ihr PC verloren geht oder gestohlen wird, bleiben Ihre Daten sicher.<\/p>\n\n\n\n<h4 class=\"wp-block-heading\">Firewall und Netzwerkschutz<\/h4>\n\n\n\n<p>Sch\u00fctzen Sie Ihr System mit robusten Firewall- und Netzwerksicherheitsfunktionen vor Hackern und Malware.<\/p>\n\n\n\n<h4 class=\"wp-block-heading\">Internet-Schutz<\/h4>\n\n\n\n<p>Halten Sie Online-Bedrohungen mit Internet-Schutz in Schach und sorgen Sie daf\u00fcr, dass Ihre Daten vor unbefugtem Zugriff und Malware gesch\u00fctzt bleiben.<\/p>\n\n\n\n<h4 class=\"wp-block-heading\">Sicherer Start<\/h4>\n\n\n\n<p>Secure Boot verhindert Manipulationen, indem es sicherstellt, dass Ihr PC nur mit vertrauensw\u00fcrdiger Software startet.<\/p>\n\n\n\n<h4 class=\"wp-block-heading\">Windows Hallo<\/h4>\n\n\n\n<p>Melden Sie sich sicher mit Ihrem Gesicht, Fingerabdruck oder Ihrer Iris an. Mit Windows Hello ist Ihr PC nur f\u00fcr Sie zug\u00e4nglich.<\/p>\n\n\n\n<h4 class=\"wp-block-heading\">Windows-Sicherheit<\/h4>\n\n\n\n<p>Bleiben Sie vor Malware und neuen Bedrohungen gesch\u00fctzt - mit Windows Security, Ihrem Rundum-Schutzsystem.<\/p>\n\n\n\n<hr class=\"wp-block-separator has-alpha-channel-opacity\"\/>\n\n\n\n<h3 class=\"wp-block-heading\">Systemanforderungen<\/h3>\n\n\n\n<ul class=\"wp-block-list\">\n<li><strong>Prozessor<\/strong>: 1 GHz oder schneller<\/li>\n\n\n\n<li><strong>RAM<\/strong>: 1 GB (32-Bit) oder 2 GB (64-Bit)<\/li>\n\n\n\n<li><strong>Lagerung<\/strong>: 16 GB freier Speicherplatz (32-bit) oder 20 GB (64-bit)<\/li>\n\n\n\n<li><strong>Grafiken<\/strong>: DirectX 9 oder h\u00f6her mit WDDM 1.0-Treiber<\/li>\n<\/ul>\n\n\n\n<hr class=\"wp-block-separator has-alpha-channel-opacity\"\/>\n\n\n\n<h3 class=\"wp-block-heading\"><\/h3>\n\n\n\n<p><\/p>","protected":false},"excerpt":{"rendered":"<p>Discover a Fresh Way to Experience Your PC with Windows 11 Home Looking for a modern, efficient upgrade for your computer? Meet Microsoft Windows 11 Home! Packed with innovative features and a sleek, stylish design, Windows 11 Home is the perfect way to elevate your computing experience. Plus, with Microsoft Edge as the default browser, [&hellip;]<\/p>\n","protected":false},"featured_media":7255,"comment_status":"open","ping_status":"closed","template":"","meta":{"_acf_changed":true},"product_brand":[54],"product_cat":[61],"product_tag":[],"class_list":{"0":"post-7267","1":"product","2":"type-product","3":"status-publish","4":"has-post-thumbnail","6":"product_brand-microsoft","7":"product_cat-operating-system","9":"first","10":"instock","11":"shipping-taxable","12":"purchasable","13":"product-type-simple"},"acf":[],"aioseo_notices":[],"_links":{"self":[{"href":"https:\/\/www.mskeydepot.com\/de\/wp-json\/wp\/v2\/product\/7267","targetHints":{"allow":["GET"]}}],"collection":[{"href":"https:\/\/www.mskeydepot.com\/de\/wp-json\/wp\/v2\/product"}],"about":[{"href":"https:\/\/www.mskeydepot.com\/de\/wp-json\/wp\/v2\/types\/product"}],"replies":[{"embeddable":true,"href":"https:\/\/www.mskeydepot.com\/de\/wp-json\/wp\/v2\/comments?post=7267"}],"wp:featuredmedia":[{"embeddable":true,"href":"https:\/\/www.mskeydepot.com\/de\/wp-json\/wp\/v2\/media\/7255"}],"wp:attachment":[{"href":"https:\/\/www.mskeydepot.com\/de\/wp-json\/wp\/v2\/media?parent=7267"}],"wp:term":[{"taxonomy":"product_brand","embeddable":true,"href":"https:\/\/www.mskeydepot.com\/de\/wp-json\/wp\/v2\/product_brand?post=7267"},{"taxonomy":"product_cat","embeddable":true,"href":"https:\/\/www.mskeydepot.com\/de\/wp-json\/wp\/v2\/product_cat?post=7267"},{"taxonomy":"product_tag","embeddable":true,"href":"https:\/\/www.mskeydepot.com\/de\/wp-json\/wp\/v2\/product_tag?post=7267"}],"curies":[{"name":"wp","href":"https:\/\/api.w.org\/{rel}","templated":true}]}}