{"id":7269,"date":"2025-04-01T17:55:41","date_gmt":"2025-04-01T17:55:41","guid":{"rendered":"https:\/\/www.mskeydepot.com\/?post_type=product&#038;p=7269"},"modified":"2025-05-18T12:21:01","modified_gmt":"2025-05-18T12:21:01","slug":"microsoft-office-home-business-2024-bind-schlussel","status":"publish","type":"product","link":"https:\/\/www.mskeydepot.com\/de\/produkt\/microsoft-office-home-business-2024-bind-schlussel\/","title":{"rendered":"Microsoft Office Home &amp; Business 2024 Bindungsschl\u00fcssel"},"content":{"rendered":"<h3 class=\"wp-block-heading\">Produktivit\u00e4tssteigerung mit Microsoft Office 2024 Home and Business<\/h3>\n\n\n\n<p>Willkommen bei Microsoft Office 2024 Home and Business - der perfekten Produktivit\u00e4tssuite f\u00fcr Familien und kleine Unternehmen. Ganz gleich, ob Sie Aufgaben im Haushalt organisieren oder ein wachsendes Unternehmen leiten, diese Komplettl\u00f6sung bietet Ihnen die wichtigsten Tools, die Sie ben\u00f6tigen, um intelligenter und schneller zu arbeiten.<\/p>\n\n\n\n<h3 class=\"wp-block-heading\">Microsoft Office 2024 Home und Business bei Keyzland.de kaufen<\/h3>\n\n\n\n<p>Kaufen Sie Microsoft Office 2024 Home and Business zum besten Preis bei Keyzland.com. Nach Ihrer Bestellung senden wir Ihnen Ihren Aktivierungsschl\u00fcssel sofort per E-Mail zu. Mit einer einmaligen Zahlung sichern Sie sich eine lebenslange Lizenz f\u00fcr einen PC oder Mac! Bestellen Sie jetzt, um Ihren Office 2024 Lizenzschl\u00fcssel zu erhalten, Ihre Software zu aktivieren und Ihren Arbeitsablauf zu Hause oder im Unternehmen zu optimieren.<\/p>\n\n\n\n<hr class=\"wp-block-separator has-alpha-channel-opacity\"\/>\n\n\n\n<h3 class=\"wp-block-heading\">Alles, was Sie brauchen, in einem Paket<\/h3>\n\n\n\n<p>Microsoft Office 2024 Home and Business ist sowohl auf Privatanwender als auch auf kleine Unternehmen zugeschnitten und bietet die bew\u00e4hrten Anwendungen von Microsoft in einer einzigen, leistungsstarken Suite. Diese Edition umfasst Word, Excel, PowerPoint, Outlook und OneNote - von der Dokumentenerstellung \u00fcber die Datenanalyse bis hin zur E-Mail-Verwaltung und dem Erstellen von Notizen.<\/p>\n\n\n\n<p>Dieser einmalige Kauf ist mit Windows und macOS kompatibel und macht Abo-Geb\u00fchren \u00fcberfl\u00fcssig. Installieren Sie es auf einem PC oder Mac und genie\u00dfen Sie nahtlose Produktivit\u00e4t zu Hause, im B\u00fcro oder unterwegs.<\/p>\n\n\n\n<hr class=\"wp-block-separator has-alpha-channel-opacity\"\/>\n\n\n\n<h3 class=\"wp-block-heading\">Die wichtigsten Funktionen von Microsoft Office 2024 Home and Business<\/h3>\n\n\n\n<h4 class=\"wp-block-heading\">Wort 2024<\/h4>\n\n\n\n<p>Mit Word 2024 k\u00f6nnen Sie von professionellen Berichten bis hin zu pers\u00f6nlichen Briefen alles erstellen. Mit den neuen Werkzeugen f\u00fcr die Zusammenarbeit in Echtzeit k\u00f6nnen Sie m\u00fchelos mit anderen zusammenarbeiten, und die verbesserten Formatierungsoptionen sorgen daf\u00fcr, dass Ihre Dokumente ausgefeilt und professionell aussehen.<\/p>\n\n\n\n<h4 class=\"wp-block-heading\">Excel 2024<\/h4>\n\n\n\n<p>Verwalten Sie mit Excel 2024 m\u00fchelos Budgets oder analysieren Sie Gesch\u00e4ftsdaten. Vollgepackt mit fortschrittlichen Formeln, detaillierten Diagrammen und KI-gest\u00fctzten Einblicken ist es perfekt f\u00fcr Anf\u00e4nger und erfahrene Benutzer gleicherma\u00dfen.<\/p>\n\n\n\n<h4 class=\"wp-block-heading\">PowerPoint 2024<\/h4>\n\n\n\n<p>Erstellen Sie mit PowerPoint 2024 beeindruckende Pr\u00e4sentationen f\u00fcr Gesch\u00e4ftspr\u00e4sentationen oder Schulprojekte. W\u00e4hlen Sie aus einer Vielzahl von Vorlagen und Design-Tools, und arbeiten Sie mit anderen in Echtzeit zusammen, um Ihre Ideen zum Leben zu erwecken.<\/p>\n\n\n\n<h4 class=\"wp-block-heading\">Ausblick 2024<\/h4>\n\n\n\n<p>Behalten Sie den \u00dcberblick mit Outlook 2024, Ihrer zentralen Anlaufstelle f\u00fcr E-Mails, Terminplanung und Aufgaben. Mit Funktionen wie dem fokussierten Posteingang und der nahtlosen Kalenderintegration behalten Sie den \u00dcberblick und die Kontrolle.<\/p>\n\n\n\n<h4 class=\"wp-block-heading\">OneNote 2024<\/h4>\n\n\n\n<p>Halten Sie Ideen fest und bleiben Sie organisiert mit OneNote 2024, Ihrem digitalen Notizbuch. Teilen Sie Notizen mit anderen und synchronisieren Sie sie \u00fcber die Cloud mit anderen Ger\u00e4ten, um jederzeit darauf zugreifen zu k\u00f6nnen.<\/p>\n\n\n\n<hr class=\"wp-block-separator has-alpha-channel-opacity\"\/>\n\n\n\n<h3 class=\"wp-block-heading\">Warum sollten Sie sich f\u00fcr Microsoft Office 2024 Home and Business entscheiden?<\/h3>\n\n\n\n<ul class=\"wp-block-list\">\n<li><strong>Einmaliger Kauf<\/strong>: Keine Abonnements - nur einmal kaufen und f\u00fcr immer auf einem PC oder Mac nutzen.<\/li>\n\n\n\n<li><strong>Plattform\u00fcbergreifende Unterst\u00fctzung<\/strong>: Funktioniert sowohl unter Windows als auch unter macOS einwandfrei.<\/li>\n\n\n\n<li><strong>All-in-One-Suite<\/strong>: Enth\u00e4lt Word, Excel, PowerPoint, Outlook und OneNote f\u00fcr alle Ihre Bed\u00fcrfnisse.<\/li>\n\n\n\n<li><strong>Perfekt f\u00fcr Familien und kleine Unternehmen<\/strong>: Ein Gleichgewicht zwischen leistungsstarken Funktionen und benutzerfreundlichem Design.<\/li>\n\n\n\n<li><strong>Verbesserte Zusammenarbeit<\/strong>: Bearbeiten Sie Dokumente oder Pr\u00e4sentationen mit anderen in Echtzeit.<\/li>\n<\/ul>\n\n\n\n<hr class=\"wp-block-separator has-alpha-channel-opacity\"\/>\n\n\n\n<h3 class=\"wp-block-heading\">Systemanforderungen<\/h3>\n\n\n\n<p>Stellen Sie sicher, dass Ihr Ger\u00e4t f\u00fcr Microsoft Office 2024 Home and Business bereit ist:<\/p>\n\n\n\n<h4 class=\"wp-block-heading\">F\u00fcr Windows:<\/h4>\n\n\n\n<ul class=\"wp-block-list\">\n<li><strong>Prozessor<\/strong>: 1,6 GHz oder schneller, 2-Kern<\/li>\n\n\n\n<li><strong>Speicher<\/strong>: 4 GB RAM (64-Bit) oder 2 GB RAM (32-Bit)<\/li>\n\n\n\n<li><strong>Lagerung<\/strong>: 4 GB verf\u00fcgbarer Festplattenspeicher<\/li>\n\n\n\n<li><strong>Anzeige<\/strong>: 1280 x 768 Aufl\u00f6sung<\/li>\n<\/ul>\n\n\n\n<h4 class=\"wp-block-heading\">F\u00fcr macOS:<\/h4>\n\n\n\n<ul class=\"wp-block-list\">\n<li><strong>Prozessor<\/strong>: 1,6 GHz, 2-Kern-Prozessor<\/li>\n\n\n\n<li><strong>Speicher<\/strong>: 4 GB RAM<\/li>\n\n\n\n<li><strong>Lagerung<\/strong>: 10 GB verf\u00fcgbarer Festplattenspeicher<\/li>\n\n\n\n<li><strong>Anzeige<\/strong>: 1280 x 800 Aufl\u00f6sung<\/li>\n<\/ul>\n\n\n\n<hr class=\"wp-block-separator has-alpha-channel-opacity\"\/>\n\n\n\n<h3 class=\"wp-block-heading\">Steigern Sie Ihre Produktivit\u00e4t noch heute<\/h3>\n\n\n\n<p>Microsoft Office 2024 Home and Business ist die ultimative L\u00f6sung f\u00fcr Familien und kleine Unternehmen. Mit grundlegenden Anwendungen wie Word, Excel, PowerPoint, Outlook und OneNote sowie voller Kompatibilit\u00e4t mit Windows und macOS ist es darauf ausgelegt, Ihnen zu Hause oder im B\u00fcro zum Erfolg zu verhelfen. Kaufen Sie bei Keyzland.com das beste Angebot, aktivieren Sie Ihre lebenslange Lizenz und bringen Sie Ihre Produktivit\u00e4t auf die n\u00e4chste Stufe!<\/p>","protected":false},"excerpt":{"rendered":"<p>Mit unverzichtbaren Anwendungen wie Word, Excel, PowerPoint, Outlook und OneNote sowie vollst\u00e4ndiger Kompatibilit\u00e4t mit Windows und macOS ist es f\u00fcr Ihren Erfolg zu Hause und bei der Arbeit ausgelegt.<\/p>","protected":false},"featured_media":7251,"comment_status":"open","ping_status":"closed","template":"","meta":{"_acf_changed":false},"product_brand":[54],"product_cat":[60],"product_tag":[],"class_list":{"0":"post-7269","1":"product","2":"type-product","3":"status-publish","4":"has-post-thumbnail","6":"product_brand-microsoft","7":"product_cat-office-products","9":"first","10":"instock","11":"shipping-taxable","12":"purchasable","13":"product-type-simple"},"acf":[],"aioseo_notices":[],"_links":{"self":[{"href":"https:\/\/www.mskeydepot.com\/de\/wp-json\/wp\/v2\/product\/7269","targetHints":{"allow":["GET"]}}],"collection":[{"href":"https:\/\/www.mskeydepot.com\/de\/wp-json\/wp\/v2\/product"}],"about":[{"href":"https:\/\/www.mskeydepot.com\/de\/wp-json\/wp\/v2\/types\/product"}],"replies":[{"embeddable":true,"href":"https:\/\/www.mskeydepot.com\/de\/wp-json\/wp\/v2\/comments?post=7269"}],"wp:featuredmedia":[{"embeddable":true,"href":"https:\/\/www.mskeydepot.com\/de\/wp-json\/wp\/v2\/media\/7251"}],"wp:attachment":[{"href":"https:\/\/www.mskeydepot.com\/de\/wp-json\/wp\/v2\/media?parent=7269"}],"wp:term":[{"taxonomy":"product_brand","embeddable":true,"href":"https:\/\/www.mskeydepot.com\/de\/wp-json\/wp\/v2\/product_brand?post=7269"},{"taxonomy":"product_cat","embeddable":true,"href":"https:\/\/www.mskeydepot.com\/de\/wp-json\/wp\/v2\/product_cat?post=7269"},{"taxonomy":"product_tag","embeddable":true,"href":"https:\/\/www.mskeydepot.com\/de\/wp-json\/wp\/v2\/product_tag?post=7269"}],"curies":[{"name":"wp","href":"https:\/\/api.w.org\/{rel}","templated":true}]}}