{"id":7271,"date":"2025-03-20T18:27:34","date_gmt":"2025-03-20T18:27:34","guid":{"rendered":"https:\/\/www.mskeydepot.com\/?post_type=product&#038;p=7271"},"modified":"2026-04-29T13:31:38","modified_gmt":"2026-04-29T13:31:38","slug":"microsoft-office-2019-pro-plus","status":"publish","type":"product","link":"https:\/\/www.mskeydepot.com\/de\/produkt\/microsoft-office-2019-pro-plus\/","title":{"rendered":"Microsoft Office 2019 Pro Plus"},"content":{"rendered":"<p><strong>Hinweis: Dies ist ein Telefon-Aktivierungsschl\u00fcssel, keine Online-Aktivierung.<\/strong><\/p>\n\n\n\n<hr class=\"wp-block-separator has-alpha-channel-opacity\"\/>\n\n\n\n<h3 class=\"wp-block-heading\">Microsoft Office 2019 Professional Plus \u00dcberblick<\/h3>\n\n\n\n<p><strong>Hinweis<\/strong>: Diese Version ist nicht mit Mac-Computern kompatibel. Eine Mac-spezifische Version ist separat erh\u00e4ltlich.<\/p>\n\n\n\n<p>Microsoft Office 2019 Professional Plus ist die fortschrittlichste und funktionsreichste Suite, die Microsoft je ver\u00f6ffentlicht hat. Optimiert f\u00fcr h\u00f6chste Leistung, bietet diese Edition ein umfassendes Set an Tools, die sich sowohl f\u00fcr den privaten als auch f\u00fcr den beruflichen Einsatz eignen. Mit aktualisierten Anwendungen und innovativen Funktionen wie Spracherkennung und digitaler Tinte - die es Ihnen erm\u00f6glichen, auf dem Bildschirm zu schreiben und Handschrift in Text umzuwandeln - setzt Office 2019 Pro Plus einen neuen Standard f\u00fcr Produktivit\u00e4t.<\/p>\n\n\n\n<hr class=\"wp-block-separator has-alpha-channel-opacity\"\/>\n\n\n\n<h3 class=\"wp-block-heading\">Perfekt f\u00fcr Heim und Gesch\u00e4ft<\/h3>\n\n\n\n<p>Office 2019 Pro Plus ist die ultimative Wahl f\u00fcr Unternehmen und Privatanwender gleicherma\u00dfen. Seine robusten Funktionen optimieren die Kommunikation im Team, die gemeinsame Nutzung von Daten und die Zusammenarbeit an Projekten. Genie\u00dfen Sie erstklassige Leistung, Unterst\u00fctzung f\u00fcr HD-Videoanrufe \u00fcber Skype for Business (Abonnement nicht enthalten) und einen vereinfachten Arbeitsbereich f\u00fcr schnellen Zugriff auf Tools. Und dank der mobilen Funktionen k\u00f6nnen Sie Dateien auch unterwegs bearbeiten - ein PC ist nicht erforderlich.<\/p>\n\n\n\n<h4 class=\"wp-block-heading\">Lifetime-Lizenz erkl\u00e4rt<\/h4>\n\n\n\n<p>Mit einem einmaligen Kauf bei Keyzland.com geh\u00f6rt Ihre Office 2019 Pro Plus-Lizenz f\u00fcr immer Ihnen - keine Abonnements oder Verl\u00e4ngerungsgeb\u00fchren. Verwenden Sie sie auf einem Ger\u00e4t, und wenn Sie den PC wechseln, deaktivieren Sie sie einfach auf dem alten Ger\u00e4t und reaktivieren sie auf dem neuen Ger\u00e4t. Diese Lizenz ist ein Leben lang wiederverwendbar!<\/p>\n\n\n\n<hr class=\"wp-block-separator has-alpha-channel-opacity\"\/>\n\n\n\n<h3 class=\"wp-block-heading\">Enthaltene Anwendungen in Office 2019 Professional Plus<\/h3>\n\n\n\n<h4 class=\"wp-block-heading\">Excel 2019<\/h4>\n\n\n\n<p>Stammdatenverwaltung mit Excel 2019. Erstellen Sie Finanztabellen, Steuerunterlagen oder Produktdatenbanken mit neuen Grafiken, mathematischen Funktionen und voller CSV-Kompatibilit\u00e4t - ideal f\u00fcr Profis.<\/p>\n\n\n\n<h4 class=\"wp-block-heading\">Wort 2019<\/h4>\n\n\n\n<p>Gestalten Sie jedes Dokument mit der verbesserten Oberfl\u00e4che von Word 2019. Neue Funktionen wie Spracherkennung und digitale Tinte wandeln handschriftliche Notizen in Text um und machen das Programm vielseitig f\u00fcr den privaten oder gesch\u00e4ftlichen Gebrauch.<\/p>\n\n\n\n<h4 class=\"wp-block-heading\">PowerPoint 2019<\/h4>\n\n\n\n<p>Erh\u00f6hen Sie Ihre Pr\u00e4sentationen mit PowerPoint 2019. F\u00fcgen Sie Ultra HD-Bilder hinzu, zoomen Sie Folien und passen Sie die Gr\u00f6\u00dfe von Grafiken m\u00fchelos an - ganz ohne externe Tools. Es ist die ultimative Pr\u00e4sentationssoftware, vereinfacht.<\/p>\n\n\n\n<h4 class=\"wp-block-heading\">Ausblick 2019<\/h4>\n\n\n\n<p>Bleiben Sie organisiert mit Outlook 2019. Verwalten Sie E-Mails, Kontakte und Termine mit Echtzeit-Updates \u00fcber Exchange Server-Unterst\u00fctzung. Verwalten Sie mehrere Konten mit Leichtigkeit.<\/p>\n\n\n\n<h4 class=\"wp-block-heading\">Herausgeber 2019<\/h4>\n\n\n\n<p>Gestalten Sie beeindruckende Flyer, Magazine und Anzeigen mit Publisher 2019. Mit Handschrifterkennung und professionellen Werkzeugen ist es perfekt, um Ihr Publikum in den Bann zu ziehen.<\/p>\n\n\n\n<h4 class=\"wp-block-heading\">OneNote 2019<\/h4>\n\n\n\n<p>Halten Sie Ideen \u00fcberall fest mit OneNote 2019 (Download auf der Microsoft-Website). Geben Sie Notizen, Webseiten, Videos und mehr frei - und synchronisieren Sie sie f\u00fcr einen nahtlosen Zugriff \u00fcber alle Ger\u00e4te hinweg.<\/p>\n\n\n\n<h4 class=\"wp-block-heading\">Zugang 2019<\/h4>\n\n\n\n<p>Erstellen und verwalten Sie Datenbanken mit Access 2019. Verbesserte Koordination und browserbasierte Bearbeitung machen die Datenverarbeitung schnell und sicher, sicher gespeichert in einer SQL-Datenbank.<\/p>\n\n\n\n<p><strong>Skype f\u00fcr Unternehmen<\/strong>: Abonnement nicht inbegriffen.<\/p>\n\n\n\n<hr class=\"wp-block-separator has-alpha-channel-opacity\"\/>\n\n\n\n<h3 class=\"wp-block-heading\">Kompatibilit\u00e4t<\/h3>\n\n\n\n<p>Office 2019 Professional Plus wird ausschlie\u00dflich unter Windows 10 und Windows Server 2019 unterst\u00fctzt.<\/p>\n\n\n\n<hr class=\"wp-block-separator has-alpha-channel-opacity\"\/>\n\n\n\n<h3 class=\"wp-block-heading\">Was Sie mit Ihrem Kauf erhalten<\/h3>\n\n\n\n<ul class=\"wp-block-list\">\n<li><strong>Sofortige Lieferung<\/strong>: Produktschl\u00fcssel und Download-Link werden innerhalb weniger Minuten per E-Mail verschickt - kein Versand, keine Verz\u00f6gerungen.<\/li>\n\n\n\n<li><strong>Einfache Installation<\/strong>: Inklusive Schritt-f\u00fcr-Schritt-Anleitung.<\/li>\n\n\n\n<li><strong>Kostenlose Unterst\u00fctzung<\/strong>: Technische Unterst\u00fctzung ist ohne zus\u00e4tzliche Kosten verf\u00fcgbar.<\/li>\n<\/ul>\n\n\n\n<hr class=\"wp-block-separator has-alpha-channel-opacity\"\/>\n\n\n\n<h3 class=\"wp-block-heading\">Systemanforderungen<\/h3>\n\n\n\n<ul class=\"wp-block-list\">\n<li><strong>Plattform<\/strong>: Windows<\/li>\n\n\n\n<li><strong>Unterst\u00fctzte Betriebssysteme<\/strong>: Windows 10, Windows Server 2019<\/li>\n\n\n\n<li><strong>Prozessor<\/strong>: 3 GHz oder schneller<\/li>\n\n\n\n<li><strong>RAM<\/strong>: 2 GB oder h\u00f6her<\/li>\n\n\n\n<li><strong>Lagerung<\/strong>: 3 GB freier Speicherplatz<\/li>\n\n\n\n<li><strong>Grafiken<\/strong>: Direkte AnwendungDirectX 10-Unterst\u00fctzung, Aufl\u00f6sung 1024 x 768 oder h\u00f6her<\/li>\n\n\n\n<li><strong>Browser<\/strong>: Neueste Version von Edge, Chrome, Firefox, Explorer oder Safari<\/li>\n\n\n\n<li><strong>.NET-Version<\/strong>.NET 3.5 oder h\u00f6her<\/li>\n<\/ul>\n\n\n\n<hr class=\"wp-block-separator has-alpha-channel-opacity\"\/>\n\n\n\n<p><\/p>","protected":false},"excerpt":{"rendered":"<p>Bestellen Sie jetzt und erleben Sie die bisher leistungsst\u00e4rkste Suite von Microsoft - aktivieren Sie Ihre Lizenz und erreichen Sie noch heute mehr!<\/p>","protected":false},"featured_media":7248,"comment_status":"open","ping_status":"closed","template":"","meta":{"_acf_changed":true},"product_brand":[54],"product_cat":[60],"product_tag":[],"class_list":{"0":"post-7271","1":"product","2":"type-product","3":"status-publish","4":"has-post-thumbnail","6":"product_brand-microsoft","7":"product_cat-office-products","9":"first","10":"instock","11":"shipping-taxable","12":"purchasable","13":"product-type-simple"},"acf":[],"aioseo_notices":[],"_links":{"self":[{"href":"https:\/\/www.mskeydepot.com\/de\/wp-json\/wp\/v2\/product\/7271","targetHints":{"allow":["GET"]}}],"collection":[{"href":"https:\/\/www.mskeydepot.com\/de\/wp-json\/wp\/v2\/product"}],"about":[{"href":"https:\/\/www.mskeydepot.com\/de\/wp-json\/wp\/v2\/types\/product"}],"replies":[{"embeddable":true,"href":"https:\/\/www.mskeydepot.com\/de\/wp-json\/wp\/v2\/comments?post=7271"}],"wp:featuredmedia":[{"embeddable":true,"href":"https:\/\/www.mskeydepot.com\/de\/wp-json\/wp\/v2\/media\/7248"}],"wp:attachment":[{"href":"https:\/\/www.mskeydepot.com\/de\/wp-json\/wp\/v2\/media?parent=7271"}],"wp:term":[{"taxonomy":"product_brand","embeddable":true,"href":"https:\/\/www.mskeydepot.com\/de\/wp-json\/wp\/v2\/product_brand?post=7271"},{"taxonomy":"product_cat","embeddable":true,"href":"https:\/\/www.mskeydepot.com\/de\/wp-json\/wp\/v2\/product_cat?post=7271"},{"taxonomy":"product_tag","embeddable":true,"href":"https:\/\/www.mskeydepot.com\/de\/wp-json\/wp\/v2\/product_tag?post=7271"}],"curies":[{"name":"wp","href":"https:\/\/api.w.org\/{rel}","templated":true}]}}