{"id":7272,"date":"2025-03-20T21:00:57","date_gmt":"2025-03-20T21:00:57","guid":{"rendered":"https:\/\/www.mskeydepot.com\/?post_type=product&#038;p=7272"},"modified":"2026-04-29T13:30:28","modified_gmt":"2026-04-29T13:30:28","slug":"microsoft-office-2019-home-und-business-fur-mac","status":"publish","type":"product","link":"https:\/\/www.mskeydepot.com\/de\/produkt\/microsoft-office-2019-home-und-business-fur-mac\/","title":{"rendered":"Microsoft Office 2019 Home und Business f\u00fcr MAC"},"content":{"rendered":"<p><\/p>\n\n\n\n<p>Get Microsoft Office 2019 Home and Business for Mac at the best price. After your order, we\u2019ll send your activation key instantly via email. With a one-time payment, you\u2019ll secure a lifetime license! Order now to receive your license key, activate your Office suite, and boost productivity on your Mac.<\/p>\n\n\n\n<hr class=\"wp-block-separator has-alpha-channel-opacity\"\/>\n\n\n\n<h3 class=\"wp-block-heading\">Microsoft Office 2019 Home und Business f\u00fcr Mac \u00dcberblick<\/h3>\n\n\n\n<p>Microsoft Office 2019 Home and Business f\u00fcr Mac ist ideal f\u00fcr kleine Unternehmen und Familien und bietet die neuesten Versionen von Word, Excel, PowerPoint und Outlook. Diese Suite wurde exklusiv f\u00fcr macOS entwickelt und stellt sicher, dass Sie dank regelm\u00e4\u00dfiger Updates immer Zugriff auf die neuesten Funktionen haben - so sind Sie immer auf dem neuesten Stand.<\/p>\n\n\n\n<p><strong>Hinweis<\/strong>: Dieses Paket ist nur mit Mac OS kompatibel.<\/p>\n\n\n\n<hr class=\"wp-block-separator has-alpha-channel-opacity\"\/>\n\n\n\n<h3 class=\"wp-block-heading\">Details zum Produkt<\/h3>\n\n\n\n<ul class=\"wp-block-list\">\n<li><strong>Gesellschaft<\/strong>: Microsoft<\/li>\n\n\n\n<li><strong>Lizenz<\/strong>: Einmaliger Kauf f\u00fcr 1 Mac, Lizenz auf Lebenszeit<\/li>\n\n\n\n<li><strong>Enth\u00e4lt<\/strong>: Klassische 2019er Versionen von Word, Excel, PowerPoint und Outlook<\/li>\n\n\n\n<li><strong>Kompatibilit\u00e4t<\/strong>macOS (funktioniert mit Microsoft Teams)<\/li>\n<\/ul>\n\n\n\n<h4 class=\"wp-block-heading\">Was ist inbegriffen?<\/h4>\n\n\n\n<p>Diese Suite bietet eine moderne Oberfl\u00e4che und zeitsparende Funktionen zur Verbesserung der Zusammenarbeit. Speichern Sie Ihre Dokumente auf OneDrive, um \u00fcberall auf die Cloud zugreifen zu k\u00f6nnen. Ihr Kauf umfasst:<\/p>\n\n\n\n<ul class=\"wp-block-list\">\n<li>1x Lizenz (Produktschl\u00fcssel)<\/li>\n\n\n\n<li>Offizieller Download-Link von Microsoft<\/li>\n\n\n\n<li>Vollst\u00e4ndige 2019er Versionen von Word, Excel, PowerPoint und Outlook<\/li>\n\n\n\n<li>Alle Sprachpakete (nur f\u00fcr einen Mac)<\/li>\n<\/ul>\n\n\n\n<h4 class=\"wp-block-heading\">Liefermethode<\/h4>\n\n\n\n<p>Mit unserem schnellen e-Liefersystem erhalten Sie Ihren Produktschl\u00fcssel und den Download-Link fast sofort nach der Zahlung per E-Mail. Sie sehen Ihren Schl\u00fcssel auf dem Bildschirm und in Ihrem Posteingang und k\u00f6nnen so jederzeit, Tag und Nacht, schnell einrichten.<\/p>\n\n\n\n<hr class=\"wp-block-separator has-alpha-channel-opacity\"\/>\n\n\n\n<h3 class=\"wp-block-heading\">Microsoft Office 2019 Heim- und Gesch\u00e4ftsanwendungen<\/h3>\n\n\n\n<h4 class=\"wp-block-heading\">Word 2019 f\u00fcr Mac<\/h4>\n\n\n\n<p>Ihr Lieblings-Textverarbeitungsprogramm ist zur\u00fcck und besser denn je. Ob f\u00fcr Schularbeiten oder private Projekte, Word 2019 bietet:<\/p>\n\n\n\n<ul class=\"wp-block-list\">\n<li><strong>Schnelle Werkzeuge<\/strong>: Verwenden Sie die \"Tell Me\"-Leiste, um Funktionen zu finden und sie zu Ihrer Quick-Access-Symbolleiste hinzuzuf\u00fcgen.<\/li>\n\n\n\n<li><strong>Verbesserter Dunkelmodus<\/strong>: Eine dunklere Seite und der Focus Mode f\u00fcr ablenkungsfreies Schreiben reduzieren die Belastung der Augen.<\/li>\n\n\n\n<li><strong>Verbessertes Vorlesen<\/strong>: Genie\u00dfen Sie Text-to-Speech in hoher Qualit\u00e4t mit Line Focus in Immersive Reader.<\/li>\n\n\n\n<li><strong>Moderne Kommentare<\/strong>: Kontextbezogene @Erw\u00e4hnungen ersetzen Pop-ups in der Seitenleiste f\u00fcr eine nahtlose Zusammenarbeit.<\/li>\n<\/ul>\n\n\n\n<h4 class=\"wp-block-heading\">Excel 2019 f\u00fcr Mac<\/h4>\n\n\n\n<p>Erreichen Sie mit Excel 2019 neue Dimensionen der Datenanalyse:<\/p>\n\n\n\n<ul class=\"wp-block-list\">\n<li><strong>Leistungsstarke Analyse<\/strong>: Vereinfachen Sie komplexe Tabellenkalkulationen f\u00fcr jeden Beruf oder Zweck.<\/li>\n\n\n\n<li><strong>Neue Funktionen<\/strong>: Nutzen Sie LET() und XLOOKUP() f\u00fcr erweiterte Datenmanipulationen.<\/li>\n\n\n\n<li><strong>Dynamische Arrays<\/strong>: Ersetzen Sie un\u00fcbersichtliche Formeln durch klare, effiziente Berechnungen.<\/li>\n\n\n\n<li><strong>Bessere Leistung<\/strong>: Schnellere Navigation und Berechnungen f\u00fcr gro\u00dfe Datens\u00e4tze.<\/li>\n<\/ul>\n\n\n\n<h4 class=\"wp-block-heading\">PowerPoint 2019 f\u00fcr Mac<\/h4>\n\n\n\n<p>Erstellen Sie herausragende Pr\u00e4sentationen mit PowerPoint 2019:<\/p>\n\n\n\n<ul class=\"wp-block-list\">\n<li><strong>Sch\u00f6pferische Freiheit<\/strong>: Gestalten Sie professionelle Folien mit Animationen und \u00dcberg\u00e4ngen.<\/li>\n\n\n\n<li><strong>3D-Entw\u00fcrfe &amp; Icons<\/strong>: Greifen Sie auf SVG-Symbole zu oder laden Sie Ihre eigenen hoch, um einzigartige Bilder zu erstellen.<\/li>\n\n\n\n<li><strong>Einfaches Erz\u00e4hlen<\/strong>: Nehmen Sie den Text direkt in der App auf - keine externen Tools erforderlich.<\/li>\n<\/ul>\n\n\n\n<h4 class=\"wp-block-heading\">Outlook 2019 f\u00fcr Mac<\/h4>\n\n\n\n<p>Bleiben Sie in Verbindung und organisiert mit Outlook 2019:<\/p>\n\n\n\n<ul class=\"wp-block-list\">\n<li><strong>E-Mail-Beherrschung<\/strong>: Verwalten Sie E-Mails, Anh\u00e4nge und Kontakte m\u00fchelos.<\/li>\n\n\n\n<li><strong>Terminplanung leicht gemacht<\/strong>: Planen Sie Meetings mit der Skype for Business-Integration und synchronisieren Sie Ihren Kalender mit Terminen.<\/li>\n<\/ul>\n\n\n\n<hr class=\"wp-block-separator has-alpha-channel-opacity\"\/>\n\n\n\n<h3 class=\"wp-block-heading\">Warum sollten Sie sich f\u00fcr Office 2019 Home and Business f\u00fcr Mac entscheiden?<\/h3>\n\n\n\n<ul class=\"wp-block-list\">\n<li><strong>Lizenz auf Lebenszeit<\/strong>: Einmaliger Kauf, keine Abonnements.<\/li>\n\n\n\n<li><strong>Mac-optimiert<\/strong>: Nahtlose Leistung unter macOS.<\/li>\n\n\n\n<li><strong>Cloud-Zugang<\/strong>: Speichern und Abrufen von Dateien \u00fcber OneDrive.<\/li>\n\n\n\n<li><strong>Vielseitige Werkzeuge<\/strong>: Ideal f\u00fcr kleine Unternehmen und Familienaufgaben.<\/li>\n<\/ul>\n\n\n\n<hr class=\"wp-block-separator has-alpha-channel-opacity\"\/>\n\n\n\n<h3 class=\"wp-block-heading\">Systemanforderungen<\/h3>\n\n\n\n<ul class=\"wp-block-list\">\n<li><strong>Prozessor<\/strong>: Intel-Prozessor<\/li>\n\n\n\n<li><strong>Speicher<\/strong>: 4 GB RAM<\/li>\n\n\n\n<li><strong>Lagerung<\/strong>: 10 GB freier Speicherplatz (HFS+ oder APFS-Format)<\/li>\n\n\n\n<li><strong>Anzeige<\/strong>: Aufl\u00f6sung 1280 x 800 oder h\u00f6her<\/li>\n\n\n\n<li><strong>Grafiken<\/strong>: Keine besonderen Anforderungen<\/li>\n\n\n\n<li><strong>Konnektivit\u00e4t<\/strong>: Internetzugang (Geb\u00fchren k\u00f6nnen anfallen)<\/li>\n\n\n\n<li><strong>Andere<\/strong>: Microsoft-Konto erforderlich<\/li>\n\n\n\n<li><strong>Betriebssystem<\/strong>: Unterst\u00fctzt die drei neuesten macOS-Versionen (Aktualisierung mit jeder neuen macOS-Version)<\/li>\n<\/ul>\n\n\n\n<hr class=\"wp-block-separator has-alpha-channel-opacity\"\/>","protected":false},"excerpt":{"rendered":"<p>Leistungsstarke, auf macOS zugeschnittene Tools, mit denen Sie in wenigen Minuten intelligenter arbeiten k\u00f6nnen. Bestellen Sie jetzt, aktivieren Sie Ihren Schl\u00fcssel und verwandeln Sie Ihren Mac in ein Produktivit\u00e4tskraftwerk!<\/p>","protected":false},"featured_media":7247,"comment_status":"open","ping_status":"closed","template":"","meta":{"_acf_changed":false},"product_brand":[54],"product_cat":[60],"product_tag":[],"class_list":{"0":"post-7272","1":"product","2":"type-product","3":"status-publish","4":"has-post-thumbnail","6":"product_brand-microsoft","7":"product_cat-office-products","9":"first","10":"instock","11":"shipping-taxable","12":"purchasable","13":"product-type-simple"},"acf":[],"aioseo_notices":[],"_links":{"self":[{"href":"https:\/\/www.mskeydepot.com\/de\/wp-json\/wp\/v2\/product\/7272","targetHints":{"allow":["GET"]}}],"collection":[{"href":"https:\/\/www.mskeydepot.com\/de\/wp-json\/wp\/v2\/product"}],"about":[{"href":"https:\/\/www.mskeydepot.com\/de\/wp-json\/wp\/v2\/types\/product"}],"replies":[{"embeddable":true,"href":"https:\/\/www.mskeydepot.com\/de\/wp-json\/wp\/v2\/comments?post=7272"}],"wp:featuredmedia":[{"embeddable":true,"href":"https:\/\/www.mskeydepot.com\/de\/wp-json\/wp\/v2\/media\/7247"}],"wp:attachment":[{"href":"https:\/\/www.mskeydepot.com\/de\/wp-json\/wp\/v2\/media?parent=7272"}],"wp:term":[{"taxonomy":"product_brand","embeddable":true,"href":"https:\/\/www.mskeydepot.com\/de\/wp-json\/wp\/v2\/product_brand?post=7272"},{"taxonomy":"product_cat","embeddable":true,"href":"https:\/\/www.mskeydepot.com\/de\/wp-json\/wp\/v2\/product_cat?post=7272"},{"taxonomy":"product_tag","embeddable":true,"href":"https:\/\/www.mskeydepot.com\/de\/wp-json\/wp\/v2\/product_tag?post=7272"}],"curies":[{"name":"wp","href":"https:\/\/api.w.org\/{rel}","templated":true}]}}