{"id":7379,"date":"2025-04-07T17:48:51","date_gmt":"2025-04-07T17:48:51","guid":{"rendered":"https:\/\/www.mskeydepot.com\/?post_type=product&#038;p=7379"},"modified":"2026-04-29T13:20:20","modified_gmt":"2026-04-29T13:20:20","slug":"microsoft-office-pro-plus-2016-2","status":"publish","type":"product","link":"https:\/\/www.mskeydepot.com\/de\/produkt\/microsoft-office-pro-plus-2016-2\/","title":{"rendered":"Microsoft Office Pro Plus 2016"},"content":{"rendered":"<h3 class=\"wp-block-heading\">Microsoft Office 2016 Professional Plus \u00dcberblick<\/h3>\n\n\n\n<p>Microsoft Office 2016 Professional Plus ist eine robuste Produktivit\u00e4tssuite, die Studenten, Berufst\u00e4tige und Unternehmen unterst\u00fctzt. Mit wichtigen Tools wie Word, Excel, PowerPoint, Outlook, Access, Publisher und OneNote bietet diese Premium-Edition alles, was Sie zum Erstellen, Bearbeiten und Verwalten von Dokumenten, Tabellenkalkulationen, Pr\u00e4sentationen und mehr ben\u00f6tigen. Mit einer benutzerfreundlichen Oberfl\u00e4che und leistungsstarken Funktionen verbessert Office 2016 Pro Plus die Zusammenarbeit, die Datenanalyse und die professionelle Dokumentenerstellung und ist damit die perfekte Wahl f\u00fcr jeden Arbeitsablauf.<\/p>\n\n\n\n<p><strong>Hinweis: Dies ist ein Telefon-Aktivierungsschl\u00fcssel, keine Online-Aktivierung.<\/strong><\/p>\n\n\n\n<hr class=\"wp-block-separator has-alpha-channel-opacity\"\/>\n\n\n\n<h3 class=\"wp-block-heading\">Informationen zur Aktivierung<\/h3>\n\n\n\n<p>Die Aktivierung von Office 2016 Pro Plus ist mit unserer Online-Methode schnell und einfach - kein Telefonanruf erforderlich. Folgen Sie den bereitgestellten Anweisungen und dem Schl\u00fcssel, um die Aktivierung nahtlos \u00fcber den automatisierten Dienst von Microsoft durchzuf\u00fchren. Sie brauchen Hilfe? Unser Support-Team steht Ihnen per Live-Chat oder E-Mail zur Verf\u00fcgung, um Ihnen sofort zu helfen.<\/p>\n\n\n\n<p><strong>Hinweis<\/strong>: Dieser Schl\u00fcssel ist f\u00fcr ein einzelnes Windows-Ger\u00e4t bestimmt und kann nur einmal verwendet werden. Nach der Aktivierung wird er an diesen PC gebunden. Beim Formatieren des Laufwerks wird die Lizenz gel\u00f6scht und kann nicht auf einen anderen Computer \u00fcbertragen werden.<\/p>\n\n\n\n<hr class=\"wp-block-separator has-alpha-channel-opacity\"\/>\n\n\n\n<h3 class=\"wp-block-heading\">Hauptmerkmale von Microsoft Office 2016 Professional Plus<\/h3>\n\n\n\n<h4 class=\"wp-block-heading\">Word 2016<\/h4>\n\n\n\n<p>Erstellen Sie m\u00fchelos Dokumente in professioneller Qualit\u00e4t. Genie\u00dfen Sie erweiterte Formatierung, Zusammenarbeit in Echtzeit und eine umfangreiche Vorlagenbibliothek f\u00fcr jedes Projekt.<\/p>\n\n\n\n<h4 class=\"wp-block-heading\">Excel 2016<\/h4>\n\n\n\n<p>Analysieren Sie Daten wie ein Profi mit dynamischen Tabellenkalkulationen, leistungsstarken Formeln, Pivot-Tabellen und aufschlussreichen Tabellen und Diagrammen.<\/p>\n\n\n\n<h4 class=\"wp-block-heading\">PowerPoint 2016<\/h4>\n\n\n\n<p>Gestalten Sie beeindruckende Pr\u00e4sentationen mit anpassbaren Themen, \u00dcberg\u00e4ngen und Animationen. Arbeiten Sie in Echtzeit zusammen, um eine wirkungsvolle Pr\u00e4sentation zu erstellen.<\/p>\n\n\n\n<h4 class=\"wp-block-heading\">Ausblick 2016<\/h4>\n\n\n\n<p>Bleiben Sie organisiert mit effizienter E-Mail-, Kalender- und Aufgabenverwaltung. Mit Funktionen wie Focused Inbox und integrierter Terminplanung behalten Sie den \u00dcberblick.<\/p>\n\n\n\n<h4 class=\"wp-block-heading\">Zugang 2016<\/h4>\n\n\n\n<p>Erstellen und verwalten Sie m\u00fchelos Datenbanken. Erstellen Sie benutzerdefinierte Formulare, Abfragen und Berichte zum Organisieren und Analysieren gro\u00dfer Datens\u00e4tze.<\/p>\n\n\n\n<h4 class=\"wp-block-heading\">Herausgeber 2016<\/h4>\n\n\n\n<p>Produzieren Sie professionelle Publikationen wie Brosch\u00fcren und Newsletter. Passen Sie Layouts, Schriftarten und Bilder an, um auff\u00e4llige Ergebnisse zu erzielen.<\/p>\n\n\n\n<h4 class=\"wp-block-heading\">OneNote 2016<\/h4>\n\n\n\n<p>Halten Sie Ideen in einem digitalen Notizbuch fest. Synchronisieren Sie Notizen auf verschiedenen Ger\u00e4ten und arbeiten Sie nahtlos mit anderen zusammen.<\/p>\n\n\n\n<h4 class=\"wp-block-heading\">Kollaboration und Integration<\/h4>\n\n\n\n<p>Sie k\u00f6nnen Dokumente in Echtzeit mitverfassen und \u00fcber OneDrive in der Cloud speichern und zug\u00e4nglich machen.<\/p>\n\n\n\n<h4 class=\"wp-block-heading\">Erh\u00f6hte Sicherheit<\/h4>\n\n\n\n<p>Sichern Sie Ihre Arbeit mit Datenverschl\u00fcsselung, Rechteverwaltung und erweitertem Schutz vor Bedrohungen.<\/p>\n\n\n\n<h4 class=\"wp-block-heading\">Produktivit\u00e4ts-Tools<\/h4>\n\n\n\n<p>Nutzen Sie Skype for Business, SharePoint und optionale Project\/Visio-Integrationen (separat erh\u00e4ltlich) f\u00fcr Kommunikation und Management.<\/p>\n\n\n\n<hr class=\"wp-block-separator has-alpha-channel-opacity\"\/>\n\n\n\n<h3 class=\"wp-block-heading\">Systemanforderungen<\/h3>\n\n\n\n<ul class=\"wp-block-list\">\n<li><strong>Betriebssystem<\/strong>: Windows 7 oder h\u00f6her, Windows Server 2008 R2, oder Windows Server 2012<\/li>\n\n\n\n<li><strong>Prozessor<\/strong>: 1 GHz oder schneller (x86 oder x64-bit) mit SSE2<\/li>\n\n\n\n<li><strong>Speicher<\/strong>2 GB RAM oder mehr<\/li>\n\n\n\n<li><strong>Lagerung<\/strong>: 3 GB freier Speicherplatz<\/li>\n\n\n\n<li><strong>Anzeige<\/strong>: 1280 x 800 Aufl\u00f6sung<\/li>\n\n\n\n<li><strong>Grafiken<\/strong>: DirectX 10-Grafikkarte f\u00fcr Hardware-Beschleunigung<\/li>\n\n\n\n<li><strong>.NET-Version<\/strong>: 3,5, 4,0, oder 4,5<\/li>\n<\/ul>\n\n\n\n<hr class=\"wp-block-separator has-alpha-channel-opacity\"\/>\n\n\n\n<h3 class=\"wp-block-heading\"><\/h3>","protected":false},"excerpt":{"rendered":"<p>Bestellen Sie jetzt, aktivieren Sie Ihren Schl\u00fcssel, und erleben Sie eine zuverl\u00e4ssige, funktionsreiche L\u00f6sung f\u00fcr alle Ihre beruflichen Anforderungen!<\/p>","protected":false},"featured_media":7246,"comment_status":"open","ping_status":"closed","template":"","meta":{"_acf_changed":true},"product_brand":[54],"product_cat":[60],"product_tag":[],"class_list":{"0":"post-7379","1":"product","2":"type-product","3":"status-publish","4":"has-post-thumbnail","6":"product_brand-microsoft","7":"product_cat-office-products","9":"first","10":"instock","11":"shipping-taxable","12":"purchasable","13":"product-type-simple"},"acf":[],"aioseo_notices":[],"_links":{"self":[{"href":"https:\/\/www.mskeydepot.com\/de\/wp-json\/wp\/v2\/product\/7379","targetHints":{"allow":["GET"]}}],"collection":[{"href":"https:\/\/www.mskeydepot.com\/de\/wp-json\/wp\/v2\/product"}],"about":[{"href":"https:\/\/www.mskeydepot.com\/de\/wp-json\/wp\/v2\/types\/product"}],"replies":[{"embeddable":true,"href":"https:\/\/www.mskeydepot.com\/de\/wp-json\/wp\/v2\/comments?post=7379"}],"wp:featuredmedia":[{"embeddable":true,"href":"https:\/\/www.mskeydepot.com\/de\/wp-json\/wp\/v2\/media\/7246"}],"wp:attachment":[{"href":"https:\/\/www.mskeydepot.com\/de\/wp-json\/wp\/v2\/media?parent=7379"}],"wp:term":[{"taxonomy":"product_brand","embeddable":true,"href":"https:\/\/www.mskeydepot.com\/de\/wp-json\/wp\/v2\/product_brand?post=7379"},{"taxonomy":"product_cat","embeddable":true,"href":"https:\/\/www.mskeydepot.com\/de\/wp-json\/wp\/v2\/product_cat?post=7379"},{"taxonomy":"product_tag","embeddable":true,"href":"https:\/\/www.mskeydepot.com\/de\/wp-json\/wp\/v2\/product_tag?post=7379"}],"curies":[{"name":"wp","href":"https:\/\/api.w.org\/{rel}","templated":true}]}}