{"id":7519,"date":"2025-05-31T14:25:33","date_gmt":"2025-05-31T14:25:33","guid":{"rendered":"https:\/\/www.mskeydepot.com\/?post_type=product&#038;p=7519"},"modified":"2026-04-29T13:18:20","modified_gmt":"2026-04-29T13:18:20","slug":"microsoft-office-2021-fur-mac-lebenslange-lizenz","status":"publish","type":"product","link":"https:\/\/www.mskeydepot.com\/de\/produkt\/microsoft-office-2021-fur-mac-lebenslange-lizenz\/","title":{"rendered":"Microsoft Office 2021 Home und Business f\u00fcr Mac"},"content":{"rendered":"<p>Steigern Sie Ihre Produktivit\u00e4t mit Microsoft Office 2021 f\u00fcr Mac, einer leistungsstarken Anwendungssuite f\u00fcr Studenten, Berufst\u00e4tige und Familien, die zuverl\u00e4ssige Tools ohne regelm\u00e4\u00dfige Abonnements w\u00fcnschen. Mit einem einmaligen Kauf erhalten Sie eine lebenslange Lizenz f\u00fcr die Installation klassischer Office-Anwendungen auf einem einzelnen Mac, die Ihnen permanenten Zugriff auf wichtige Funktionen und Sicherheitsupdates bietet.<\/p>\n\n\n\n<p><strong>Wesentliche Merkmale<\/strong>:<\/p>\n\n\n\n<ul class=\"wp-block-list\">\n<li><strong>Einmaliger Kauf<\/strong>: Keine wiederkehrenden Geb\u00fchren. Einmal bezahlen und Office 2021 f\u00fcr immer auf einem Mac nutzen.<\/li>\n\n\n\n<li><strong>Enthaltene Anwendungen<\/strong>: Mit den Desktop-Versionen von Word, Excel, PowerPoint, OneNote und Outlook k\u00f6nnen Sie professionelle Dokumente erstellen, Daten analysieren, ansprechende Pr\u00e4sentationen gestalten und E-Mails und Notizen verwalten.<\/li>\n\n\n\n<li><strong>Nahtlose Kompatibilit\u00e4t<\/strong>: Optimiert f\u00fcr macOS (unterst\u00fctzt die drei neuesten Versionen zum Zeitpunkt der Ver\u00f6ffentlichung, einschlie\u00dflich Monterey, Ventura und Sonoma), um eine reibungslose Leistung auf Ihrem Mac zu gew\u00e4hrleisten.<\/li>\n\n\n\n<li><strong>Zusammenarbeit in Echtzeit<\/strong>: Mit der Co-Authoring-Funktion k\u00f6nnen mehrere Benutzer gleichzeitig Word-, Excel- und PowerPoint-Dokumente bearbeiten - ideal f\u00fcr Team-Projekte oder Schulaufgaben.<\/li>\n\n\n\n<li><strong>Verbesserte Tools<\/strong>: Profitieren Sie von aktualisierten Funktionen wie verbesserten Excel-Funktionen (z. B. XLOOKUP, LET) f\u00fcr erweiterte Datenanalysen und modernisierten Vorlagen in Word und PowerPoint f\u00fcr professionelle Ausgaben.<\/li>\n\n\n\n<li><strong>Verbesserungen der Zug\u00e4nglichkeit<\/strong>: Enth\u00e4lt Tools zum Hinzuf\u00fcgen von Alt-Text und eine verbesserte Unterst\u00fctzung f\u00fcr Bildschirmleser, so dass Ihre Inhalte besser integriert werden k\u00f6nnen.<\/li>\n\n\n\n<li><strong>Moderne Schnittstelle<\/strong>: Genie\u00dfen Sie das \u00fcberarbeitete, benutzerfreundliche Design aller Apps mit Unterst\u00fctzung f\u00fcr die Touch-Eingabe auf kompatiblen Mac-Ger\u00e4ten.<\/li>\n\n\n\n<li><strong>Offline-Produktivit\u00e4t<\/strong>: Funktioniert nach der Installation auch ohne Internetverbindung, sodass der Zugriff jederzeit und \u00fcberall m\u00f6glich ist.<\/li>\n<\/ul>\n\n\n\n<p><strong>Details zum Produkt<\/strong>:<\/p>\n\n\n\n<ul class=\"wp-block-list\">\n<li><strong>G\u00fcltigkeit der Lizenz<\/strong>: Lizenz auf Lebenszeit f\u00fcr einen Mac, inklusive Microsoft-Support.<\/li>\n\n\n\n<li><strong>Sprache<\/strong>: Mehrsprachig, einschlie\u00dflich Englisch und anderer Sprachen f\u00fcr Anzeige, Hilfe und Korrekturwerkzeuge.<\/li>\n\n\n\n<li><strong>Lieferung<\/strong>: Sie erhalten Ihren Produktschl\u00fcssel und einen Download-Link per E-Mail innerhalb weniger Minuten nach dem Kauf, zusammen mit klaren Installationsanweisungen.<\/li>\n\n\n\n<li><strong>Systemanforderungen<\/strong>macOS Monterey, Ventura oder Sonoma; 1,1 GHz Dual-Core-Prozessor, 4 GB RAM, 4 GB Festplattenspeicher, 1280\u00d7768 Bildschirmaufl\u00f6sung.<\/li>\n<\/ul>\n\n\n\n<p><\/p>","protected":false},"excerpt":{"rendered":"<p>Office 2021 ist die ideale L\u00f6sung f\u00fcr alle, die eine kosteng\u00fcnstige, abonnementfreie L\u00f6sung f\u00fcr ihren Mac suchen.<\/p>","protected":false},"featured_media":7249,"comment_status":"open","ping_status":"closed","template":"","meta":{"_acf_changed":true},"product_brand":[54],"product_cat":[60],"product_tag":[],"class_list":{"0":"post-7519","1":"product","2":"type-product","3":"status-publish","4":"has-post-thumbnail","6":"product_brand-microsoft","7":"product_cat-office-products","9":"first","10":"instock","11":"shipping-taxable","12":"purchasable","13":"product-type-simple"},"acf":[],"aioseo_notices":[],"_links":{"self":[{"href":"https:\/\/www.mskeydepot.com\/de\/wp-json\/wp\/v2\/product\/7519","targetHints":{"allow":["GET"]}}],"collection":[{"href":"https:\/\/www.mskeydepot.com\/de\/wp-json\/wp\/v2\/product"}],"about":[{"href":"https:\/\/www.mskeydepot.com\/de\/wp-json\/wp\/v2\/types\/product"}],"replies":[{"embeddable":true,"href":"https:\/\/www.mskeydepot.com\/de\/wp-json\/wp\/v2\/comments?post=7519"}],"wp:featuredmedia":[{"embeddable":true,"href":"https:\/\/www.mskeydepot.com\/de\/wp-json\/wp\/v2\/media\/7249"}],"wp:attachment":[{"href":"https:\/\/www.mskeydepot.com\/de\/wp-json\/wp\/v2\/media?parent=7519"}],"wp:term":[{"taxonomy":"product_brand","embeddable":true,"href":"https:\/\/www.mskeydepot.com\/de\/wp-json\/wp\/v2\/product_brand?post=7519"},{"taxonomy":"product_cat","embeddable":true,"href":"https:\/\/www.mskeydepot.com\/de\/wp-json\/wp\/v2\/product_cat?post=7519"},{"taxonomy":"product_tag","embeddable":true,"href":"https:\/\/www.mskeydepot.com\/de\/wp-json\/wp\/v2\/product_tag?post=7519"}],"curies":[{"name":"wp","href":"https:\/\/api.w.org\/{rel}","templated":true}]}}