{"id":7244,"date":"2025-03-30T16:45:01","date_gmt":"2025-03-30T16:45:01","guid":{"rendered":"https:\/\/www.mskeydepot.com\/?post_type=product&#038;p=7244"},"modified":"2026-04-29T13:23:28","modified_gmt":"2026-04-29T13:23:28","slug":"microsoft-windows-11-profesional","status":"publish","type":"product","link":"https:\/\/www.mskeydepot.com\/es\/producto\/microsoft-windows-11-profesional\/","title":{"rendered":"Microsoft Windows 11 Professional"},"content":{"rendered":"<p>Visite <strong>Microsoft Windows 11 Professional<\/strong> for the best price. After your order, we\u2019ll deliver your <strong>clave de activaci\u00f3n<\/strong> directamente a su correo electr\u00f3nico. Con un pago \u00fanico, desbloqueas un <strong>licencia vitalicia<\/strong>-activa tu Windows y enciende tu PC hoy mismo. Haz tu pedido ahora y entra en un mundo donde te espera la llave perfecta para tu potencial digital.<\/p>\n\n\n\n<hr class=\"wp-block-separator has-alpha-channel-opacity\"\/>\n\n\n\n<h3 class=\"wp-block-heading\">Descubra Microsoft Windows 11 Professional<\/h3>\n\n\n\n<p>En un mundo en el que la tecnolog\u00eda abre nuevas puertas cada d\u00eda, <strong>Windows 11 Profesional<\/strong> es tu llave maestra para mantenerte conectado a lo que m\u00e1s importa. Dise\u00f1ado con herramientas intuitivas, maximiza el espacio de la pantalla y desbloquea la m\u00e1xima productividad.<\/p>\n\n\n\n<p>Con <strong>Windows 11 Pro<\/strong>Disfrutar\u00e1 de una <strong>Men\u00fa de inicio<\/strong> y nuevas formas de arrancar tu PC. Con\u00e9ctate con tus amigos a trav\u00e9s de <strong>Microsoft Teams<\/strong>mantente al d\u00eda de las noticias, sum\u00e9rgete en los juegos y explora contenidos verificados en <strong>Microsoft Edge<\/strong>. Windows 11 Professional es su puerta de entrada para pensar, crear y prosperar profesionalmente.<\/p>\n\n\n\n<h4 class=\"wp-block-heading\">Una nueva tecla para el men\u00fa Inicio<\/h4>\n\n\n\n<p>En <strong>Men\u00fa Inicio de Windows 11 Pro<\/strong> cuenta con un dise\u00f1o elegante y moderno. Las ubicaciones y opciones clave se sit\u00faan en el centro, mientras que los mosaicos de aplicaciones se alinean a la izquierda. Cambia su tama\u00f1o, ampl\u00edala a pantalla completa... personal\u00edzala a tu gusto con solo girar una tecla.<\/p>\n\n\n\n<h4 class=\"wp-block-heading\">Una nueva perspectiva<\/h4>\n\n\n\n<p>Entre en un espacio tranquilo y creativo con <strong>Windows 11 Pro's<\/strong> interfaz redise\u00f1ada. Es un entorno sereno creado para alimentar tus pasiones e inspirar nuevas ideas.<\/p>\n\n\n\n<h4 class=\"wp-block-heading\">Productividad desbloqueada<\/h4>\n\n\n\n<p>Impulse su flujo de trabajo con acceso a todas las aplicaciones que necesita, incluidas <strong>Aplicaciones Android<\/strong>\u00a1! Multitarea como un profesional con <strong>Snap Layouts<\/strong>, <strong>Escritorios virtuales<\/strong>y una experiencia de reacoplamiento perfecta que facilita el cambio de tareas.<\/p>\n\n\n\n<h4 class=\"wp-block-heading\">Conectar con Microsoft Teams<\/h4>\n\n\n\n<p><strong>Microsoft Teams<\/strong> sustituye a Skype como clave de conexi\u00f3n instant\u00e1nea. Llama o chatea gratis con las personas que m\u00e1s te importan desde la barra de tareas de Windows 11 Pro, en cualquier dispositivo.<\/p>\n\n\n\n<h4 class=\"wp-block-heading\">Curar su mundo<\/h4>\n\n\n\n<p>Con <strong>Microsoft Edge<\/strong> y personalizable <strong>Widgets<\/strong>Windows 11 Pro te mantiene informado con noticias, informaci\u00f3n y entretenimiento a tu medida, todo al alcance de tu mano.<\/p>\n\n\n\n<h4 class=\"wp-block-heading\">Explorar Microsoft Store<\/h4>\n\n\n\n<p>Encuentre aplicaciones y entretenimiento r\u00e1pidamente en el <strong>Tienda Microsoft<\/strong>. Desbloquear <strong>Aplicaciones Android<\/strong> con tecnolog\u00eda Intel Bridge o ll\u00e9vatelos directamente de la tienda: tu llave a un sinf\u00edn de posibilidades.<\/p>\n\n\n\n<h4 class=\"wp-block-heading\">Juegos Level Up<\/h4>\n\n\n\n<p>Windows 11 Pro convierte tu PC en un centro neur\u00e1lgico de los juegos con unos gr\u00e1ficos asombrosos que rivalizan con la realidad. Desbloquea m\u00e1s de 100 juegos de alta calidad con <strong>Xbox Game Pass<\/strong> (la suscripci\u00f3n se vende por separado) y sum\u00e9rgete en un mundo de juego sin igual.<\/p>\n\n\n\n<hr class=\"wp-block-separator has-alpha-channel-opacity\"\/>\n\n\n\n<h3 class=\"wp-block-heading\">Caracter\u00edsticas principales de Windows 11 Professional<\/h3>\n\n\n\n<ul class=\"wp-block-list\">\n<li><strong>Tienda Microsoft<\/strong>: Descubre un tesoro de aplicaciones, gratuitas o de pago, en tu tableta o PC, con rese\u00f1as y valoraciones.<\/li>\n\n\n\n<li><strong>Microsoft Teams<\/strong>: Integrado en la barra de tareas para un acceso instant\u00e1neo en Windows, Mac, Android e iOS.<\/li>\n\n\n\n<li><strong>Xbox Game Pass<\/strong>: Eleva el juego con <strong>HDR autom\u00e1tico<\/strong> y <strong>Almacenamiento directo<\/strong>que lleva el rendimiento de una consola a tu PC.<\/li>\n\n\n\n<li><strong>Escritorios virtuales<\/strong>: Crea y alterna entre escritorios para el trabajo, el ocio o la escuela con facilidad.<\/li>\n\n\n\n<li><strong>Windows Hello<\/strong>: Utiliza tu cara, huella dactilar o PIN para desbloquear tu dispositivo y tu cuenta Microsoft de forma segura.<\/li>\n\n\n\n<li><strong>Cifrado de dispositivos<\/strong>: Protege tus datos con el cifrado integrado: s\u00f3lo los usuarios autorizados tienen la clave.<\/li>\n\n\n\n<li><strong>Cortafuegos y protecci\u00f3n de redes<\/strong>: Mant\u00e9ngase seguro con la supervisi\u00f3n de la red en tiempo real en Windows Security.<\/li>\n\n\n\n<li><strong>Protecci\u00f3n de Internet<\/strong>: Navega seguro con s\u00f3lidas defensas contra las amenazas en l\u00ednea.<\/li>\n\n\n\n<li><strong>Control parental<\/strong>: Gestiona la privacidad y el tiempo frente a la pantalla con herramientas que te dan el control.<\/li>\n\n\n\n<li><strong>Arranque seguro<\/strong>: Arranca con confianza con el software del fabricante de tu PC.<\/li>\n\n\n\n<li><strong>Windows Defender<\/strong>: Proteja su sistema con la protecci\u00f3n antivirus m\u00e1s avanzada.<\/li>\n\n\n\n<li><strong>Snap Layouts y Grupos<\/strong>: Organiza las aplicaciones sin esfuerzo y cambia de tarea con un solo clic.<\/li>\n<\/ul>\n\n\n\n<h4 class=\"wp-block-heading\">Funciones Pro exclusivas:<\/h4>\n\n\n\n<ol class=\"wp-block-list\">\n<li>Crear cuentas locales<\/li>\n\n\n\n<li>Unirse a Active Directory\/Azure AD<\/li>\n\n\n\n<li>Virtualizaci\u00f3n Hyper-V<\/li>\n\n\n\n<li>Windows Sandbox para pruebas seguras<\/li>\n\n\n\n<li>Cifrado BitLocker<\/li>\n\n\n\n<li>Protecci\u00f3n de la informaci\u00f3n de Windows<\/li>\n\n\n\n<li>Gesti\u00f3n de dispositivos m\u00f3viles (MDM)<\/li>\n\n\n\n<li>Controles de directivas de grupo<\/li>\n\n\n\n<li>Itinerancia de estado empresarial con Azure<\/li>\n\n\n\n<li>Acceso asignado para quioscos<\/li>\n\n\n\n<li>Aprovisionamiento din\u00e1mico<\/li>\n\n\n\n<li>Windows Update para empresas<\/li>\n\n\n\n<li>Modo quiosco<\/li>\n<\/ol>\n\n\n\n<hr class=\"wp-block-separator has-alpha-channel-opacity\"\/>\n\n\n\n<h3 class=\"wp-block-heading\">Requisitos del sistema<\/h3>\n\n\n\n<ul class=\"wp-block-list\">\n<li><strong>Procesador<\/strong>: 1 GHz o m\u00e1s r\u00e1pido, 2+ n\u00facleos, compatible con 64 bits<\/li>\n\n\n\n<li><strong>RAM<\/strong>: 4 GB<\/li>\n\n\n\n<li><strong>Almacenamiento<\/strong>64 GB o m\u00e1s<\/li>\n\n\n\n<li><strong>Firmware<\/strong>: Compatible con UEFI y Secure Boot<\/li>\n\n\n\n<li><strong>TPM<\/strong>: Versi\u00f3n 2.0<\/li>\n\n\n\n<li><strong>Gr\u00e1ficos<\/strong>: Compatible con DirectX 12, controlador WDDM 2.0<\/li>\n\n\n\n<li><strong>Mostrar<\/strong>720p, diagonal &gt;9\u201d, color de 8 bits<\/li>\n\n\n\n<li><strong>Internet y cuenta Microsoft<\/strong>: Necesario para la configuraci\u00f3n y las actualizaciones<\/li>\n<\/ul>\n\n\n\n<p><\/p>","protected":false},"excerpt":{"rendered":"<div>Coge tu <strong>Clave de Windows 11 Professional<\/strong> hoy mismo, active su licencia de por vida y entre en un mundo de productividad, creatividad y conexi\u00f3n. Un pago, acceso de por vida<\/div>","protected":false},"featured_media":7256,"comment_status":"open","ping_status":"closed","template":"","meta":{"_acf_changed":true},"product_brand":[54],"product_cat":[61],"product_tag":[],"class_list":{"0":"post-7244","1":"product","2":"type-product","3":"status-publish","4":"has-post-thumbnail","6":"product_brand-microsoft","7":"product_cat-operating-system","9":"first","10":"instock","11":"shipping-taxable","12":"purchasable","13":"product-type-simple"},"acf":[],"aioseo_notices":[],"_links":{"self":[{"href":"https:\/\/www.mskeydepot.com\/es\/wp-json\/wp\/v2\/product\/7244","targetHints":{"allow":["GET"]}}],"collection":[{"href":"https:\/\/www.mskeydepot.com\/es\/wp-json\/wp\/v2\/product"}],"about":[{"href":"https:\/\/www.mskeydepot.com\/es\/wp-json\/wp\/v2\/types\/product"}],"replies":[{"embeddable":true,"href":"https:\/\/www.mskeydepot.com\/es\/wp-json\/wp\/v2\/comments?post=7244"}],"wp:featuredmedia":[{"embeddable":true,"href":"https:\/\/www.mskeydepot.com\/es\/wp-json\/wp\/v2\/media\/7256"}],"wp:attachment":[{"href":"https:\/\/www.mskeydepot.com\/es\/wp-json\/wp\/v2\/media?parent=7244"}],"wp:term":[{"taxonomy":"product_brand","embeddable":true,"href":"https:\/\/www.mskeydepot.com\/es\/wp-json\/wp\/v2\/product_brand?post=7244"},{"taxonomy":"product_cat","embeddable":true,"href":"https:\/\/www.mskeydepot.com\/es\/wp-json\/wp\/v2\/product_cat?post=7244"},{"taxonomy":"product_tag","embeddable":true,"href":"https:\/\/www.mskeydepot.com\/es\/wp-json\/wp\/v2\/product_tag?post=7244"}],"curies":[{"name":"wp","href":"https:\/\/api.w.org\/{rel}","templated":true}]}}