{"id":7265,"date":"2025-03-29T17:22:17","date_gmt":"2025-03-29T17:22:17","guid":{"rendered":"https:\/\/www.mskeydepot.com\/?post_type=product&#038;p=7265"},"modified":"2026-04-29T13:25:24","modified_gmt":"2026-04-29T13:25:24","slug":"microsoft-windows-10-profesional","status":"publish","type":"product","link":"https:\/\/www.mskeydepot.com\/es\/producto\/microsoft-windows-10-profesional\/","title":{"rendered":"Microsoft Windows 10 Professional"},"content":{"rendered":"<h3 class=\"wp-block-heading\">Buy Windows 10 Professional at the Best Price.<\/h3>\n\n\n\n<p>Get Windows 10 Professional for an unbeatable price. After placing your order, we\u2019ll deliver your activation key instantly via email. Enjoy a one-time payment for a lifetime license! Order now to receive your Windows 10 Pro license key and activate your system for smooth, reliable performance on your computer.<\/p>\n\n\n\n<p>Windows 10 est\u00e1 dise\u00f1ado para ser intuitivo y f\u00e1cil de usar, por lo que es f\u00e1cil de dominar en cuesti\u00f3n de minutos. El querido Men\u00fa Inicio vuelve en una versi\u00f3n ampliada y mejorada. Con arranques r\u00e1pidos, reinicios r\u00e1pidos y funciones de seguridad integradas, Windows 10 mantiene tu PC seguro a la vez que se integra a la perfecci\u00f3n con tu software y hardware existentes.<\/p>\n\n\n\n<hr class=\"wp-block-separator has-alpha-channel-opacity\"\/>\n\n\n\n<h3 class=\"wp-block-heading\">Detalles del producto<\/h3>\n\n\n\n<ul class=\"wp-block-list\">\n<li><strong>Marca<\/strong>: Microsoft<\/li>\n\n\n\n<li><strong>Plataforma<\/strong>: Windows 10<\/li>\n\n\n\n<li><strong>Formato<\/strong>: Licencia digital de un solo uso<\/li>\n\n\n\n<li><strong>Idioma<\/strong>: Multiling\u00fce (cambie la configuraci\u00f3n de idioma despu\u00e9s de la instalaci\u00f3n; se pueden descargar paquetes de interfaz de idiomas adicionales).<\/li>\n<\/ul>\n\n\n\n<hr class=\"wp-block-separator has-alpha-channel-opacity\"\/>\n\n\n\n<h3 class=\"wp-block-heading\">\u00bfPor qu\u00e9 elegir Windows 10 Professional?<\/h3>\n\n\n\n<p>Windows 10 Pro ofrece todo lo que le gusta de Windows 10 Home, adem\u00e1s de caracter\u00edsticas avanzadas adaptadas para empresas y usuarios avanzados. Tanto si lo usas en un port\u00e1til como en un equipo de sobremesa, esta versi\u00f3n transforma tu dispositivo en el ordenador personalizado definitivo.<\/p>\n\n\n\n<p>Disfrute de caracter\u00edsticas de vanguardia y seguridad de primer nivel con las actualizaciones m\u00e1s r\u00e1pidas que Microsoft haya lanzado jam\u00e1s. Windows 10 Pro protege tu sistema frente al malware y te mantiene a la vanguardia con las \u00faltimas mejoras.<\/p>\n\n\n\n<hr class=\"wp-block-separator has-alpha-channel-opacity\"\/>\n\n\n\n<h3 class=\"wp-block-heading\">Caracter\u00edsticas principales de Windows 10 Professional<\/h3>\n\n\n\n<h4 class=\"wp-block-heading\">Familiar y f\u00e1cil de usar<\/h4>\n\n\n\n<p>El ic\u00f3nico Men\u00fa Inicio ha vuelto y mejor que nunca, ofreci\u00e9ndote un acceso r\u00e1pido a tus herramientas esenciales. Windows 10 Pro es compatible con una amplia gama de software y hardware, incluido el que ya est\u00e1 instalado en tu dispositivo.<\/p>\n\n\n\n<h4 class=\"wp-block-heading\">Rendimiento r\u00e1pido y fluido<\/h4>\n\n\n\n<p>Windows 10 Pro arranca r\u00e1pido, se reanuda al instante y ejecuta las aplicaciones con tanta eficiencia que incluso los PC m\u00e1s antiguos parecen nuevos. La funci\u00f3n de ahorro de bater\u00eda prolonga la vida \u00fatil de tu dispositivo para que sigas siendo productivo y entreteni\u00e9ndote durante m\u00e1s tiempo.<\/p>\n\n\n\n<h4 class=\"wp-block-heading\">Seguridad mejorada para mayor tranquilidad<\/h4>\n\n\n\n<p>Mant\u00e9ngase protegido con funciones de seguridad mejoradas y actualizaciones autom\u00e1ticas que ofrecen las \u00faltimas protecciones contra las amenazas.<\/p>\n\n\n\n<h4 class=\"wp-block-heading\">Compatibilidad sin fisuras<\/h4>\n\n\n\n<p>Windows 10 funciona a la perfecci\u00f3n con programas de Windows 7 y 8\/8.1. Tus archivos y documentos permanecen seguros, sin preocuparte por la p\u00e9rdida de datos.<\/p>\n\n\n\n<h4 class=\"wp-block-heading\">Su asistente digital personal<\/h4>\n\n\n\n<p>Cortana, tu asistente virtual, est\u00e1 disponible en todos los dispositivos Windows 10 Pro para ayudarte a abordar las tareas con facilidad.<\/p>\n\n\n\n<h4 class=\"wp-block-heading\">La multitarea simplificada<\/h4>\n\n\n\n<p>Aumente la productividad con herramientas innovadoras. Conecte hasta cuatro aplicaciones en una pantalla o cree escritorios virtuales para disponer de m\u00e1s espacio de trabajo.<\/p>\n\n\n\n<h4 class=\"wp-block-heading\">Perfecto para la productividad en la oficina<\/h4>\n\n\n\n<p>Windows 10 Pro combina perfectamente con Microsoft Office (Word, Excel, PowerPoint y Outlook). \u00a1Explore los paquetes de Office en Keyzland.com!<\/p>\n\n\n\n<h4 class=\"wp-block-heading\">Cifrado avanzado<\/h4>\n\n\n\n<p>Proteja sus datos con el cifrado BitLocker y herramientas de gesti\u00f3n de la seguridad mejoradas.<\/p>\n\n\n\n<h4 class=\"wp-block-heading\">Acceso remoto a escritorio<\/h4>\n\n\n\n<p>Con\u00e9ctese con Escritorio remoto para utilizar su PC Pro desde cualquier lugar: su casa, su oficina o mientras se desplaza.<\/p>\n\n\n\n<h4 class=\"wp-block-heading\">M\u00e1quinas virtuales<\/h4>\n\n\n\n<p>Ejecute varios sistemas operativos simult\u00e1neamente gracias a la compatibilidad con m\u00e1quinas virtuales Hyper-V.<\/p>\n\n\n\n<h4 class=\"wp-block-heading\">Tus aplicaciones, a tu manera<\/h4>\n\n\n\n<p>Cree una secci\u00f3n de aplicaciones personalizada en la Tienda Windows para acceder r\u00e1pidamente a las herramientas empresariales.<\/p>\n\n\n\n<hr class=\"wp-block-separator has-alpha-channel-opacity\"\/>\n\n\n\n<h3 class=\"wp-block-heading\">Descargar Windows 10 Professional<\/h3>\n\n\n\n<p>\u00bfNecesita la descarga oficial? Haga clic aqu\u00ed para <a href=\"https:\/\/www.microsoft.com\/en-us\/software-download\/windows10\" target=\"_blank\" rel=\"noreferrer noopener\">Enlace de descarga de Microsoft Windows 10<\/a>.<\/p>\n\n\n\n<hr class=\"wp-block-separator has-alpha-channel-opacity\"\/>\n\n\n\n<h3 class=\"wp-block-heading\">Requisitos del sistema para Windows 10 Professional<\/h3>\n\n\n\n<ul class=\"wp-block-list\">\n<li><strong>Procesador<\/strong>: 1 GHz o superior<\/li>\n\n\n\n<li><strong>RAM<\/strong>: 1 GB (32 bits) o 2 GB (64 bits)<\/li>\n\n\n\n<li><strong>Espacio en disco duro<\/strong>: 16 GB (32 bits) o 20 GB (64 bits)<\/li>\n\n\n\n<li><strong>Gr\u00e1ficos<\/strong>: DirectX 9 o posterior con controlador WDDM 1.0 (algunas aplicaciones\/juegos pueden necesitar gr\u00e1ficos avanzados)<\/li>\n\n\n\n<li><strong>Mostrar<\/strong>: Resoluci\u00f3n 1024\u00d7600<\/li>\n\n\n\n<li><strong>Cortana<\/strong>: Disponible en EE.UU., Reino Unido, China, Francia, Italia, Alemania y Espa\u00f1a.<\/li>\n\n\n\n<li><strong>Cifrado<\/strong>: Requiere Instant Go y TPM 2.0<\/li>\n\n\n\n<li><strong>BitLocker<\/strong>: Necesita TPM 1.2, 2.0, o unidad flash USB (BitLocker To Go requiere USB para el cifrado)<\/li>\n\n\n\n<li><strong>Hyper-V<\/strong>: Requiere capacidades SLAT y 2 GB adicionales de RAM.<\/li>\n<\/ul>\n\n\n\n<hr class=\"wp-block-separator has-alpha-channel-opacity\"\/>\n\n\n\n<h3 class=\"wp-block-heading\"><\/h3>","protected":false},"excerpt":{"rendered":"<p>Active su sistema con una clave de licencia original y desbloquee un mundo de productividad, seguridad y rendimiento. Haga su pedido ahora y descubra por qu\u00e9 Windows 10 Pro es la mejor opci\u00f3n tanto para profesionales como para entusiastas.<\/p>","protected":false},"featured_media":7254,"comment_status":"open","ping_status":"closed","template":"","meta":{"_acf_changed":true},"product_brand":[54],"product_cat":[61],"product_tag":[],"class_list":{"0":"post-7265","1":"product","2":"type-product","3":"status-publish","4":"has-post-thumbnail","6":"product_brand-microsoft","7":"product_cat-operating-system","9":"first","10":"instock","11":"shipping-taxable","12":"purchasable","13":"product-type-simple"},"acf":[],"aioseo_notices":[],"_links":{"self":[{"href":"https:\/\/www.mskeydepot.com\/es\/wp-json\/wp\/v2\/product\/7265","targetHints":{"allow":["GET"]}}],"collection":[{"href":"https:\/\/www.mskeydepot.com\/es\/wp-json\/wp\/v2\/product"}],"about":[{"href":"https:\/\/www.mskeydepot.com\/es\/wp-json\/wp\/v2\/types\/product"}],"replies":[{"embeddable":true,"href":"https:\/\/www.mskeydepot.com\/es\/wp-json\/wp\/v2\/comments?post=7265"}],"wp:featuredmedia":[{"embeddable":true,"href":"https:\/\/www.mskeydepot.com\/es\/wp-json\/wp\/v2\/media\/7254"}],"wp:attachment":[{"href":"https:\/\/www.mskeydepot.com\/es\/wp-json\/wp\/v2\/media?parent=7265"}],"wp:term":[{"taxonomy":"product_brand","embeddable":true,"href":"https:\/\/www.mskeydepot.com\/es\/wp-json\/wp\/v2\/product_brand?post=7265"},{"taxonomy":"product_cat","embeddable":true,"href":"https:\/\/www.mskeydepot.com\/es\/wp-json\/wp\/v2\/product_cat?post=7265"},{"taxonomy":"product_tag","embeddable":true,"href":"https:\/\/www.mskeydepot.com\/es\/wp-json\/wp\/v2\/product_tag?post=7265"}],"curies":[{"name":"wp","href":"https:\/\/api.w.org\/{rel}","templated":true}]}}