{"id":7266,"date":"2025-03-29T17:38:51","date_gmt":"2025-03-29T17:38:51","guid":{"rendered":"https:\/\/www.mskeydepot.com\/?post_type=product&#038;p=7266"},"modified":"2026-04-29T13:25:02","modified_gmt":"2026-04-29T13:25:02","slug":"microsoft-windows-10-home","status":"publish","type":"product","link":"https:\/\/www.mskeydepot.com\/es\/producto\/microsoft-windows-10-home\/","title":{"rendered":"Microsoft Windows 10 Home"},"content":{"rendered":"<p>Purchase Windows 10 Home at an unbeatable price. After your order, we\u2019ll send your activation key instantly via email. Make a one-time payment and enjoy a lifetime license! Order now to get your Windows 10 Home license key, activate your system, and keep your computer running smoothly.<\/p>\n\n\n\n<p>Windows 10 est\u00e1 dise\u00f1ado para ser sencillo y familiar, convirti\u00e9ndole en un profesional en cuesti\u00f3n de minutos. El ic\u00f3nico Men\u00fa Inicio vuelve en una versi\u00f3n ampliada y mejorada. Con arranques r\u00e1pidos, reanudaciones r\u00e1pidas y una s\u00f3lida seguridad integrada, Windows 10 Hogar se integra a la perfecci\u00f3n con el software y el hardware existentes.<\/p>\n\n\n\n<hr class=\"wp-block-separator has-alpha-channel-opacity\"\/>\n\n\n\n<h3 class=\"wp-block-heading\">Libere la potencia de Windows 10 Home<\/h3>\n\n\n\n<p>Con Windows 10 Home en el n\u00facleo de su PC, las posibilidades son infinitas:<\/p>\n\n\n\n<ul class=\"wp-block-list\">\n<li><strong>Seguridad integrada<\/strong>: El antivirus, el cortafuegos y las protecciones de Internet te mantienen a salvo.<\/li>\n\n\n\n<li><strong>Windows Hello<\/strong>: Desbloquea tu PC de forma r\u00e1pida y segura con el escaneo facial o de huella dactilar, sin necesidad de contrase\u00f1a.<\/li>\n\n\n\n<li><strong>Asistencia Focus<\/strong>: Bloquea notificaciones y distracciones para una productividad ininterrumpida.<\/li>\n\n\n\n<li><strong>Cronolog\u00eda<\/strong>: Despl\u00e1zate por tus documentos, aplicaciones y sitios web recientes con facilidad.<\/li>\n\n\n\n<li><strong>Fotos de Microsoft<\/strong>: Organiza, edita y comparte tus fotos y v\u00eddeos sin esfuerzo.<\/li>\n\n\n\n<li><strong>Barra de juegos<\/strong>: Transmite partidas, graba tu pantalla y ajusta la configuraci\u00f3n de audio al instante.<\/li>\n<\/ul>\n\n\n\n<hr class=\"wp-block-separator has-alpha-channel-opacity\"\/>\n\n\n\n<h3 class=\"wp-block-heading\">Caracter\u00edsticas de Windows 10 Home<\/h3>\n\n\n\n<h4 class=\"wp-block-heading\">Familiar y f\u00e1cil de usar<\/h4>\n\n\n\n<p>El cl\u00e1sico Men\u00fa Inicio est\u00e1 de vuelta y mejor que nunca, ofreciendo acceso r\u00e1pido a tus herramientas esenciales. Windows 10 Hogar es compatible con una amplia gama de dispositivos y software, incluido el que ya est\u00e1 instalado en el sistema.<\/p>\n\n\n\n<h4 class=\"wp-block-heading\">Rendimiento r\u00e1pido y fluido<\/h4>\n\n\n\n<p>Windows 10 Hogar arranca y se reanuda en un instante, ejecutando aplicaciones con tanta eficiencia que incluso los PC m\u00e1s antiguos se sienten renovados. La nueva funci\u00f3n de ahorro de bater\u00eda prolonga la vida \u00fatil del dispositivo para aumentar la productividad y el entretenimiento.<\/p>\n\n\n\n<h4 class=\"wp-block-heading\">Tranquilidad<\/h4>\n\n\n\n<p>Disfrute de funciones de seguridad mejoradas y actualizaciones autom\u00e1ticas que mantienen su sistema al d\u00eda con las \u00faltimas protecciones.<\/p>\n\n\n\n<h4 class=\"wp-block-heading\">Compatibilidad sin fisuras<\/h4>\n\n\n\n<p>Windows 10 Hogar funciona a la perfecci\u00f3n con programas de Windows 7 y 8\/8.1. Tus archivos y documentos estar\u00e1n seguros, sin riesgo de p\u00e9rdida o da\u00f1os.<\/p>\n\n\n\n<h4 class=\"wp-block-heading\">Su asistente digital personal<\/h4>\n\n\n\n<p>Cortana, tu asistente virtual, est\u00e1 disponible en todos los dispositivos con Windows 10 Home para ayudarte a estar al tanto de las tareas.<\/p>\n\n\n\n<h4 class=\"wp-block-heading\">La multitarea m\u00e1s f\u00e1cil<\/h4>\n\n\n\n<p>Mant\u00e9ngase organizado y productivo con herramientas innovadoras. Conecte hasta cuatro aplicaciones en una sola pantalla o cree escritorios virtuales para disponer de m\u00e1s espacio de trabajo.<\/p>\n\n\n\n<h4 class=\"wp-block-heading\">Perfecto para la productividad en la oficina<\/h4>\n\n\n\n<p>Windows 10 Home funciona perfectamente con Microsoft Office (Word, Excel, PowerPoint y Outlook). \u00a1Encuentre paquetes de Office en Keyzland.com!<\/p>\n\n\n\n<h4 class=\"wp-block-heading\">Cifrado mejorado<\/h4>\n\n\n\n<p>Proteja sus datos con el cifrado BitLocker y la supervisi\u00f3n de seguridad avanzada.<\/p>\n\n\n\n<h4 class=\"wp-block-heading\">Acceso remoto a escritorio<\/h4>\n\n\n\n<p>Con\u00e9ctese con Escritorio remoto para acceder a su PC desde cualquier lugar, en casa o fuera de ella.<\/p>\n\n\n\n<h4 class=\"wp-block-heading\">M\u00e1quinas virtuales<\/h4>\n\n\n\n<p>Ejecute varios sistemas operativos simult\u00e1neamente gracias a la compatibilidad con m\u00e1quinas virtuales Hyper-V.<\/p>\n\n\n\n<h4 class=\"wp-block-heading\">Tus aplicaciones, a tu manera<\/h4>\n\n\n\n<p>Cree una secci\u00f3n de aplicaciones personalizadas en la Tienda Windows para acceder r\u00e1pidamente a sus herramientas favoritas.<\/p>\n\n\n\n<hr class=\"wp-block-separator has-alpha-channel-opacity\"\/>\n\n\n\n<h3 class=\"wp-block-heading\">Descargar Windows 10 Home<\/h3>\n\n\n\n<p>\u00bfNecesita la descarga oficial? Haga clic aqu\u00ed para <a href=\"https:\/\/www.microsoft.com\/en-us\/software-download\/windows10\" target=\"_blank\" rel=\"noreferrer noopener\">P\u00e1gina de descarga de Microsoft Windows 10<\/a>.<\/p>\n\n\n\n<hr class=\"wp-block-separator has-alpha-channel-opacity\"\/>\n\n\n\n<h3 class=\"wp-block-heading\">Requisitos del sistema para Windows 10 Home<\/h3>\n\n\n\n<ul class=\"wp-block-list\">\n<li><strong>Procesador<\/strong>: Procesador compatible a 1 GHz o superior<\/li>\n\n\n\n<li><strong>Memoria<\/strong>: 1 GB de RAM (32 bits) o 2 GB (64 bits)<\/li>\n\n\n\n<li><strong>Espacio en disco duro<\/strong>: Hasta 20 GB disponibles<\/li>\n\n\n\n<li><strong>Gr\u00e1ficos<\/strong>Resoluci\u00f3n 800\u00d7600 o superior; procesador gr\u00e1fico DirectX 9 con controlador WDDM<\/li>\n\n\n\n<li><strong>Conectividad<\/strong>: Acceso a Internet (de pago)<\/li>\n\n\n\n<li><strong>Otros requisitos<\/strong>: Se necesita una cuenta Microsoft para algunas funciones; la reproducci\u00f3n de DVD requiere un software aparte.<\/li>\n<\/ul>\n\n\n\n<hr class=\"wp-block-separator has-alpha-channel-opacity\"\/>\n\n\n\n<h3 class=\"wp-block-heading\"><\/h3>","protected":false},"excerpt":{"rendered":"<p>Active su sistema con una clave de licencia original y disfrute de una experiencia r\u00e1pida, segura y f\u00e1cil de usar. Haga su pedido hoy mismo y descubra por qu\u00e9 Windows 10 Hogar es perfecto para el uso diario.<\/p>","protected":false},"featured_media":7253,"comment_status":"open","ping_status":"closed","template":"","meta":{"_acf_changed":true},"product_brand":[54],"product_cat":[61],"product_tag":[],"class_list":{"0":"post-7266","1":"product","2":"type-product","3":"status-publish","4":"has-post-thumbnail","6":"product_brand-microsoft","7":"product_cat-operating-system","9":"first","10":"instock","11":"shipping-taxable","12":"purchasable","13":"product-type-simple"},"acf":[],"aioseo_notices":[],"_links":{"self":[{"href":"https:\/\/www.mskeydepot.com\/es\/wp-json\/wp\/v2\/product\/7266","targetHints":{"allow":["GET"]}}],"collection":[{"href":"https:\/\/www.mskeydepot.com\/es\/wp-json\/wp\/v2\/product"}],"about":[{"href":"https:\/\/www.mskeydepot.com\/es\/wp-json\/wp\/v2\/types\/product"}],"replies":[{"embeddable":true,"href":"https:\/\/www.mskeydepot.com\/es\/wp-json\/wp\/v2\/comments?post=7266"}],"wp:featuredmedia":[{"embeddable":true,"href":"https:\/\/www.mskeydepot.com\/es\/wp-json\/wp\/v2\/media\/7253"}],"wp:attachment":[{"href":"https:\/\/www.mskeydepot.com\/es\/wp-json\/wp\/v2\/media?parent=7266"}],"wp:term":[{"taxonomy":"product_brand","embeddable":true,"href":"https:\/\/www.mskeydepot.com\/es\/wp-json\/wp\/v2\/product_brand?post=7266"},{"taxonomy":"product_cat","embeddable":true,"href":"https:\/\/www.mskeydepot.com\/es\/wp-json\/wp\/v2\/product_cat?post=7266"},{"taxonomy":"product_tag","embeddable":true,"href":"https:\/\/www.mskeydepot.com\/es\/wp-json\/wp\/v2\/product_tag?post=7266"}],"curies":[{"name":"wp","href":"https:\/\/api.w.org\/{rel}","templated":true}]}}