{"id":7267,"date":"2025-03-29T17:42:55","date_gmt":"2025-03-29T17:42:55","guid":{"rendered":"https:\/\/www.mskeydepot.com\/?post_type=product&#038;p=7267"},"modified":"2026-04-29T13:24:39","modified_gmt":"2026-04-29T13:24:39","slug":"microsoft-windows-11-home","status":"publish","type":"product","link":"https:\/\/www.mskeydepot.com\/es\/producto\/microsoft-windows-11-home\/","title":{"rendered":"Microsoft Windows 11 Home"},"content":{"rendered":"<h3 class=\"wp-block-heading\">Descubre una nueva forma de disfrutar de tu PC con Windows 11 Home<\/h3>\n\n\n\n<p>\u00bfBusca una actualizaci\u00f3n moderna y eficaz para su ordenador? Te presentamos Microsoft Windows 11 Home. Repleto de funciones innovadoras y un dise\u00f1o elegante y estilizado, Windows 11 Hogar es la forma perfecta de elevar su experiencia inform\u00e1tica. Adem\u00e1s, con Microsoft Edge como navegador predeterminado, disfrute de una navegaci\u00f3n m\u00e1s r\u00e1pida y segura todos los d\u00edas. No espere m\u00e1s: compre Windows 11 Hogar hoy mismo y transforme su PC.<\/p>\n\n\n\n<h3 class=\"wp-block-heading\">Buy Windows 11 Home at the Best Price<\/h3>\n\n\n\n<p>Get Windows 11 Home at an unbeatable price. After your order, we\u2019ll deliver your activation key instantly via email. With a one-time payment, you\u2019ll secure a lifetime license! Order now to receive your Windows 11 Home license key, activate your system, and enjoy a seamless, high-performance computer.<\/p>\n\n\n\n<hr class=\"wp-block-separator has-alpha-channel-opacity\"\/>\n\n\n\n<h3 class=\"wp-block-heading\">Caracter\u00edsticas de Windows 11 Home<\/h3>\n\n\n\n<h4 class=\"wp-block-heading\">Microsoft Edge<\/h4>\n\n\n\n<p>Consigue m\u00e1s con Microsoft Edge, un navegador dise\u00f1ado para la velocidad y la productividad. Con herramientas como la toma de notas, la prevenci\u00f3n del seguimiento y una vista de lectura sin distracciones, es el compa\u00f1ero perfecto para hacer las cosas.<\/p>\n\n\n\n<h4 class=\"wp-block-heading\">Tienda Microsoft<\/h4>\n\n\n\n<p>Tu tienda integral para todo lo relacionado con el PC. Desde software hasta hardware y accesorios, Microsoft Store tiene todo lo que necesitas para maximizar tu experiencia con Windows 11 Home.<\/p>\n\n\n\n<h4 class=\"wp-block-heading\">Snap Layouts<\/h4>\n\n\n\n<p>Organiza tu espacio de trabajo sin esfuerzo con Snap Layouts. Coloca las ventanas una al lado de la otra o ap\u00edlalas con unos pocos clics para tener una pantalla despejada.<\/p>\n\n\n\n<h4 class=\"wp-block-heading\">Sobremesas<\/h4>\n\n\n\n<p>Cree escritorios virtuales independientes para el trabajo, el ocio o las tareas personales. Cambia entre ellos al instante para mantener tu vida organizada y centrada.<\/p>\n\n\n\n<h4 class=\"wp-block-heading\">Microsoft Teams<\/h4>\n\n\n\n<p>Mant\u00e9ngase conectado con Microsoft Teams, una herramienta de colaboraci\u00f3n basada en chat. Chatea, llama y trabaja en proyectos con colegas o amigos, todo desde una sola plataforma.<\/p>\n\n\n\n<h4 class=\"wp-block-heading\">Experiencia de voz, tacto y l\u00e1piz<\/h4>\n\n\n\n<p>Windows 11 Hogar ofrece una interfaz natural e intuitiva. Utilice comandos de voz, gestos t\u00e1ctiles o un l\u00e1piz para completar tareas de forma r\u00e1pida y eficiente.<\/p>\n\n\n\n<h4 class=\"wp-block-heading\">Widgets<\/h4>\n\n\n\n<p>Accede a informaci\u00f3n clave directamente desde tu escritorio con Widgets. Consulta el tiempo, la bolsa o las noticias sin abrir otras aplicaciones.<\/p>\n\n\n\n<h4 class=\"wp-block-heading\">Excelencia en el juego<\/h4>\n\n\n\n<p>Windows 11 Home es el sue\u00f1o de cualquier jugador, ya que es compatible con el hardware y los t\u00edtulos m\u00e1s recientes para disfrutar de una experiencia de juego inigualable.<\/p>\n\n\n\n<hr class=\"wp-block-separator has-alpha-channel-opacity\"\/>\n\n\n\n<h3 class=\"wp-block-heading\">Caracter\u00edsticas de seguridad de Windows 11 para el hogar<\/h3>\n\n\n\n<h4 class=\"wp-block-heading\">Cifrado de dispositivos<\/h4>\n\n\n\n<p>Proteja sus datos con el cifrado de dispositivos. Incluso si pierdes o te roban el PC, tu informaci\u00f3n permanecer\u00e1 segura.<\/p>\n\n\n\n<h4 class=\"wp-block-heading\">Cortafuegos y protecci\u00f3n de redes<\/h4>\n\n\n\n<p>Proteja su sistema de piratas inform\u00e1ticos y programas maliciosos con s\u00f3lidas funciones de cortafuegos y seguridad de red.<\/p>\n\n\n\n<h4 class=\"wp-block-heading\">Protecci\u00f3n de Internet<\/h4>\n\n\n\n<p>Mantenga a raya las amenazas en l\u00ednea con la protecci\u00f3n de Internet, garantizando que sus datos permanezcan a salvo de accesos no autorizados y malware.<\/p>\n\n\n\n<h4 class=\"wp-block-heading\">Arranque seguro<\/h4>\n\n\n\n<p>Secure Boot evita la manipulaci\u00f3n garantizando que su PC s\u00f3lo se inicie con software de confianza.<\/p>\n\n\n\n<h4 class=\"wp-block-heading\">Windows Hello<\/h4>\n\n\n\n<p>Inicie sesi\u00f3n de forma segura con su cara, huella dactilar o iris. Windows Hello mantiene tu PC accesible solo para ti.<\/p>\n\n\n\n<h4 class=\"wp-block-heading\">Seguridad de Windows<\/h4>\n\n\n\n<p>Mant\u00e9ngase protegido contra el malware y las amenazas emergentes con Windows Security, su sistema de defensa todo en uno.<\/p>\n\n\n\n<hr class=\"wp-block-separator has-alpha-channel-opacity\"\/>\n\n\n\n<h3 class=\"wp-block-heading\">Requisitos del sistema<\/h3>\n\n\n\n<ul class=\"wp-block-list\">\n<li><strong>Procesador<\/strong>: 1 GHz o superior<\/li>\n\n\n\n<li><strong>RAM<\/strong>: 1 GB (32 bits) o 2 GB (64 bits)<\/li>\n\n\n\n<li><strong>Almacenamiento<\/strong>: 16 GB de espacio libre (32 bits) o 20 GB (64 bits)<\/li>\n\n\n\n<li><strong>Gr\u00e1ficos<\/strong>: DirectX 9 o posterior con controlador WDDM 1.0<\/li>\n<\/ul>\n\n\n\n<hr class=\"wp-block-separator has-alpha-channel-opacity\"\/>\n\n\n\n<h3 class=\"wp-block-heading\"><\/h3>\n\n\n\n<p><\/p>","protected":false},"excerpt":{"rendered":"<p>Discover a Fresh Way to Experience Your PC with Windows 11 Home Looking for a modern, efficient upgrade for your computer? Meet Microsoft Windows 11 Home! Packed with innovative features and a sleek, stylish design, Windows 11 Home is the perfect way to elevate your computing experience. Plus, with Microsoft Edge as the default browser, [&hellip;]<\/p>\n","protected":false},"featured_media":7255,"comment_status":"open","ping_status":"closed","template":"","meta":{"_acf_changed":true},"product_brand":[54],"product_cat":[61],"product_tag":[],"class_list":{"0":"post-7267","1":"product","2":"type-product","3":"status-publish","4":"has-post-thumbnail","6":"product_brand-microsoft","7":"product_cat-operating-system","9":"first","10":"instock","11":"shipping-taxable","12":"purchasable","13":"product-type-simple"},"acf":[],"aioseo_notices":[],"_links":{"self":[{"href":"https:\/\/www.mskeydepot.com\/es\/wp-json\/wp\/v2\/product\/7267","targetHints":{"allow":["GET"]}}],"collection":[{"href":"https:\/\/www.mskeydepot.com\/es\/wp-json\/wp\/v2\/product"}],"about":[{"href":"https:\/\/www.mskeydepot.com\/es\/wp-json\/wp\/v2\/types\/product"}],"replies":[{"embeddable":true,"href":"https:\/\/www.mskeydepot.com\/es\/wp-json\/wp\/v2\/comments?post=7267"}],"wp:featuredmedia":[{"embeddable":true,"href":"https:\/\/www.mskeydepot.com\/es\/wp-json\/wp\/v2\/media\/7255"}],"wp:attachment":[{"href":"https:\/\/www.mskeydepot.com\/es\/wp-json\/wp\/v2\/media?parent=7267"}],"wp:term":[{"taxonomy":"product_brand","embeddable":true,"href":"https:\/\/www.mskeydepot.com\/es\/wp-json\/wp\/v2\/product_brand?post=7267"},{"taxonomy":"product_cat","embeddable":true,"href":"https:\/\/www.mskeydepot.com\/es\/wp-json\/wp\/v2\/product_cat?post=7267"},{"taxonomy":"product_tag","embeddable":true,"href":"https:\/\/www.mskeydepot.com\/es\/wp-json\/wp\/v2\/product_tag?post=7267"}],"curies":[{"name":"wp","href":"https:\/\/api.w.org\/{rel}","templated":true}]}}