{"id":7268,"date":"2025-03-30T17:50:33","date_gmt":"2025-03-30T17:50:33","guid":{"rendered":"https:\/\/www.mskeydepot.com\/?post_type=product&#038;p=7268"},"modified":"2026-04-29T13:22:07","modified_gmt":"2026-04-29T13:22:07","slug":"microsoft-office-2024-professional-plus","status":"publish","type":"product","link":"https:\/\/www.mskeydepot.com\/es\/producto\/microsoft-office-2024-professional-plus\/","title":{"rendered":"Microsoft Office 2024 Professional Plus"},"content":{"rendered":"<h3 class=\"wp-block-heading\">Aumente su productividad con Microsoft Office 2024 Professional Plus<\/h3>\n\n\n\n<p>Bienvenido al futuro del trabajo con Microsoft Office 2024 Professional Plus, la suite definitiva para los profesionales que desean llevar su productividad a nuevas cotas. Cargado con herramientas de vanguardia y caracter\u00edsticas inteligentes, Office 2024 Professional Plus est\u00e1 dise\u00f1ado para impulsar la colaboraci\u00f3n, agilizar los flujos de trabajo y ofrecer informaci\u00f3n de gran alcance que le permiten trabajar de forma m\u00e1s inteligente, no m\u00e1s duro. Tanto si est\u00e1 tratando datos complejos, elaborando presentaciones sobresalientes o gestionando las comunicaciones diarias, esta suite le permite lograr m\u00e1s con facilidad.<\/p>\n\n\n\n<h3 class=\"wp-block-heading\">Buy Microsoft Office 2024 Professional Plus <\/h3>\n\n\n\n<p>Get Microsoft Office 2024 Professional Plus at the best price. After your order, we\u2019ll send your activation key instantly via email. With a one-time payment, you\u2019ll enjoy a lifetime license! Order now to receive your Office 2024 license key, activate your software, and power up your PC with unmatched performance.<\/p>\n\n\n\n<h4 class=\"wp-block-heading\">Informaci\u00f3n sobre el producto<\/h4>\n\n\n\n<ul class=\"wp-block-list\">\n<li><strong>Compatibilidad<\/strong>: Versiones completas de 32 y 64 bits de un Microsoft Gold Partner certificado<\/li>\n\n\n\n<li><strong>Licencia multidispositivo<\/strong>: Activar en un m\u00e1ximo de 3 dispositivos (por ejemplo, PC de casa, port\u00e1til y ordenador de trabajo).<\/li>\n\n\n\n<li><strong>Opciones de activaci\u00f3n<\/strong>: En l\u00ednea o por tel\u00e9fono<\/li>\n\n\n\n<li><strong>Idiomas<\/strong>: Ingl\u00e9s, espa\u00f1ol, italiano, alem\u00e1n, franc\u00e9s<\/li>\n\n\n\n<li><strong>Entrega<\/strong>: Clave del producto, instrucciones, enlaces de descarga y factura enviados por correo electr\u00f3nico.<\/li>\n<\/ul>\n\n\n\n<hr class=\"wp-block-separator has-alpha-channel-opacity\"\/>\n\n\n\n<h3 class=\"wp-block-heading\">Novedades de Office 2024 y Office LTSC 2024<\/h3>\n\n\n\n<p>Office 2024 y Office LTSC 2024 introducen interesantes actualizaciones centradas en el rendimiento, la accesibilidad y la colaboraci\u00f3n. Office 2024 aporta herramientas mejoradas con IA como Microsoft Editor y Designer, una mayor integraci\u00f3n con Microsoft Teams y s\u00f3lidas funciones basadas en la nube para el trabajo en equipo en tiempo real. Por su parte, Office LTSC 2024, dise\u00f1ado para usuarios comerciales, ofrece un conjunto de caracter\u00edsticas fijas y estables con soporte a largo plazo, perfecto para aquellos que dan prioridad a la coherencia frente a las actualizaciones continuas.<\/p>\n\n\n\n<hr class=\"wp-block-separator has-alpha-channel-opacity\"\/>\n\n\n\n<h3 class=\"wp-block-heading\">Caracter\u00edsticas principales de Microsoft Office 2024 Professional Plus<\/h3>\n\n\n\n<h4 class=\"wp-block-heading\">Herramientas avanzadas de colaboraci\u00f3n<\/h4>\n\n\n\n<p>Trabaje sin problemas con la coautor\u00eda en tiempo real, el chat integrado y el historial de versiones mejorado, perfecto para equipos cercanos o lejanos.<\/p>\n\n\n\n<h4 class=\"wp-block-heading\">An\u00e1lisis de datos mejorado<\/h4>\n\n\n\n<p>Excel 2024 ofrece potentes herramientas, como nuevas f\u00f3rmulas, gr\u00e1ficos avanzados e informaci\u00f3n basada en IA, para que las decisiones basadas en datos sean m\u00e1s r\u00e1pidas e inteligentes.<\/p>\n\n\n\n<h4 class=\"wp-block-heading\">Opciones de presentaci\u00f3n innovadoras<\/h4>\n\n\n\n<p>PowerPoint 2024 eleva sus diapositivas con contenido din\u00e1mico, animaciones m\u00e1s fluidas y funciones que atraen al p\u00fablico.<\/p>\n\n\n\n<h4 class=\"wp-block-heading\">Gesti\u00f3n eficaz del correo electr\u00f3nico<\/h4>\n\n\n\n<p>Outlook 2024 le mantiene organizado con herramientas de correo electr\u00f3nico m\u00e1s inteligentes, seguridad mejorada y gesti\u00f3n de tareas integrada.<\/p>\n\n\n\n<h4 class=\"wp-block-heading\">Amplias funciones de seguridad<\/h4>\n\n\n\n<p>Proteja sus datos con cifrado avanzado, controles de privacidad y herramientas preparadas para el cumplimiento de normativas integradas en Office 2024.<\/p>\n\n\n\n<h4 class=\"wp-block-heading\">Interfaz personalizable<\/h4>\n\n\n\n<p>Personaliza tu espacio de trabajo con temas, barras de herramientas y preferencias que se adapten a tu estilo \u00fanico.<\/p>\n\n\n\n<h4 class=\"wp-block-heading\">Conectividad a la nube<\/h4>\n\n\n\n<p>Acceda a sus archivos, gu\u00e1rdelos y comp\u00e1rtalos desde cualquier lugar con una perfecta integraci\u00f3n en la nube.<\/p>\n\n\n\n<hr class=\"wp-block-separator has-alpha-channel-opacity\"\/>\n\n\n\n<h3 class=\"wp-block-heading\">Fecha de lanzamiento y disponibilidad<\/h3>\n\n\n\n<p>Microsoft Office 2024 Professional Plus se lanz\u00f3 el 1 de octubre de 2024 y est\u00e1 disponible a trav\u00e9s de Keyzland.com y otros distribuidores autorizados. Con un precio competitivo, es el momento perfecto para actualizarse: \u00a1visite Keyzland.com para conocer las \u00faltimas ofertas!<\/p>\n\n\n\n<hr class=\"wp-block-separator has-alpha-channel-opacity\"\/>\n\n\n\n<h3 class=\"wp-block-heading\">\u00bfPor qu\u00e9 actualizar a Office 2024 Professional Plus?<\/h3>\n\n\n\n<p>Actualizarse a Microsoft Office 2024 Professional Plus significa desbloquear las \u00faltimas herramientas de productividad, garantizar la compatibilidad con formatos modernos y mantenerse seguro con protecciones de primer nivel. Desde hacer n\u00fameros hasta realizar presentaciones o agilizar el correo electr\u00f3nico, Office 2024 le ofrece todo lo que necesita.<\/p>\n\n\n\n<hr class=\"wp-block-separator has-alpha-channel-opacity\"\/>\n\n\n\n<h3 class=\"wp-block-heading\">Transforme su trabajo hoy mismo<\/h3>\n\n\n\n<p>Compre en Keyzland.com y entre en una nueva era de productividad con Microsoft Office 2024 Professional Plus. Pida ahora su licencia de por vida y experimente lo \u00faltimo en eficiencia profesional: \u00a1su pr\u00f3ximo nivel de \u00e9xito empieza aqu\u00ed!<\/p>\n\n\n\n<p><\/p>","protected":false},"excerpt":{"rendered":"<p>Pida ahora su licencia vitalicia y experimente lo \u00faltimo en eficacia profesional: \u00a1su pr\u00f3ximo nivel de \u00e9xito empieza aqu\u00ed!<\/p>","protected":false},"featured_media":7252,"comment_status":"open","ping_status":"closed","template":"","meta":{"_acf_changed":true},"product_brand":[54],"product_cat":[60],"product_tag":[],"class_list":{"0":"post-7268","1":"product","2":"type-product","3":"status-publish","4":"has-post-thumbnail","6":"product_brand-microsoft","7":"product_cat-office-products","9":"first","10":"instock","11":"shipping-taxable","12":"purchasable","13":"product-type-simple"},"acf":[],"aioseo_notices":[],"_links":{"self":[{"href":"https:\/\/www.mskeydepot.com\/es\/wp-json\/wp\/v2\/product\/7268","targetHints":{"allow":["GET"]}}],"collection":[{"href":"https:\/\/www.mskeydepot.com\/es\/wp-json\/wp\/v2\/product"}],"about":[{"href":"https:\/\/www.mskeydepot.com\/es\/wp-json\/wp\/v2\/types\/product"}],"replies":[{"embeddable":true,"href":"https:\/\/www.mskeydepot.com\/es\/wp-json\/wp\/v2\/comments?post=7268"}],"wp:featuredmedia":[{"embeddable":true,"href":"https:\/\/www.mskeydepot.com\/es\/wp-json\/wp\/v2\/media\/7252"}],"wp:attachment":[{"href":"https:\/\/www.mskeydepot.com\/es\/wp-json\/wp\/v2\/media?parent=7268"}],"wp:term":[{"taxonomy":"product_brand","embeddable":true,"href":"https:\/\/www.mskeydepot.com\/es\/wp-json\/wp\/v2\/product_brand?post=7268"},{"taxonomy":"product_cat","embeddable":true,"href":"https:\/\/www.mskeydepot.com\/es\/wp-json\/wp\/v2\/product_cat?post=7268"},{"taxonomy":"product_tag","embeddable":true,"href":"https:\/\/www.mskeydepot.com\/es\/wp-json\/wp\/v2\/product_tag?post=7268"}],"curies":[{"name":"wp","href":"https:\/\/api.w.org\/{rel}","templated":true}]}}