{"id":7269,"date":"2025-04-01T17:55:41","date_gmt":"2025-04-01T17:55:41","guid":{"rendered":"https:\/\/www.mskeydepot.com\/?post_type=product&#038;p=7269"},"modified":"2025-05-18T12:21:01","modified_gmt":"2025-05-18T12:21:01","slug":"microsoft-office-home-business-2024-clave-bind","status":"publish","type":"product","link":"https:\/\/www.mskeydepot.com\/es\/producto\/microsoft-office-home-business-2024-clave-bind\/","title":{"rendered":"Clave de enlace de Microsoft Office Hogar y Empresa 2024"},"content":{"rendered":"<h3 class=\"wp-block-heading\">Libere la productividad con Microsoft Office 2024 Hogar y Empresa<\/h3>\n\n\n\n<p>Bienvenido a Microsoft Office 2024 Hogar y Peque\u00f1a Empresa, el paquete de productividad perfecto para familias y peque\u00f1as empresas. Tanto si organiza las tareas dom\u00e9sticas como si gestiona una empresa en crecimiento, esta soluci\u00f3n todo en uno le ofrece las herramientas esenciales que necesita para trabajar de forma m\u00e1s inteligente y r\u00e1pida.<\/p>\n\n\n\n<h3 class=\"wp-block-heading\">Comprar Microsoft Office 2024 Hogar y Empresa en Keyzland.com<\/h3>\n\n\n\n<p>Obtenga Microsoft Office 2024 Home and Business al mejor precio en Keyzland.com. Despu\u00e9s de su pedido, le enviaremos su clave de activaci\u00f3n al instante por correo electr\u00f3nico. Con un \u00fanico pago, se asegurar\u00e1 una licencia de por vida para un PC o Mac. Haga su pedido ahora para recibir su clave de licencia de Office 2024, activar su software y agilizar su flujo de trabajo en casa o en la empresa.<\/p>\n\n\n\n<hr class=\"wp-block-separator has-alpha-channel-opacity\"\/>\n\n\n\n<h3 class=\"wp-block-heading\">Todo lo que necesita en un solo paquete<\/h3>\n\n\n\n<p>Microsoft Office 2024 Hogar y Empresa est\u00e1 dise\u00f1ado tanto para usuarios dom\u00e9sticos como para peque\u00f1as empresas, y ofrece las aplicaciones de confianza de Microsoft en una \u00fanica y potente suite. Esta edici\u00f3n incluye Word, Excel, PowerPoint, Outlook y OneNote, y abarca desde la creaci\u00f3n de documentos y el an\u00e1lisis de datos hasta la gesti\u00f3n del correo electr\u00f3nico y la toma de notas.<\/p>\n\n\n\n<p>Compatible con Windows y macOS, esta compra \u00fanica elimina las cuotas de suscripci\u00f3n. Inst\u00e1lalo en un PC o Mac y disfruta de una productividad sin fisuras en casa, en la oficina o sobre la marcha.<\/p>\n\n\n\n<hr class=\"wp-block-separator has-alpha-channel-opacity\"\/>\n\n\n\n<h3 class=\"wp-block-heading\">Caracter\u00edsticas principales de Microsoft Office 2024 Hogar y Peque\u00f1a Empresa<\/h3>\n\n\n\n<h4 class=\"wp-block-heading\">Palabra 2024<\/h4>\n\n\n\n<p>Elabore desde informes profesionales hasta cartas personales con Word 2024. Las nuevas herramientas de colaboraci\u00f3n en tiempo real le permiten trabajar con otras personas sin esfuerzo, mientras que las opciones de formato mejoradas garantizan que sus documentos tengan un aspecto pulido y profesional.<\/p>\n\n\n\n<h4 class=\"wp-block-heading\">Excel 2024<\/h4>\n\n\n\n<p>Gestione presupuestos o analice datos empresariales con facilidad utilizando Excel 2024. Repleto de f\u00f3rmulas avanzadas, gr\u00e1ficos detallados y perspectivas basadas en IA, es perfecto tanto para principiantes como para usuarios experimentados.<\/p>\n\n\n\n<h4 class=\"wp-block-heading\">PowerPoint 2024<\/h4>\n\n\n\n<p>Crea presentaciones asombrosas para presentaciones de negocios o proyectos escolares con PowerPoint 2024. Elige entre una gran variedad de plantillas y herramientas de dise\u00f1o, y colabora con otros usuarios en tiempo real para dar vida a tus ideas.<\/p>\n\n\n\n<h4 class=\"wp-block-heading\">Perspectivas 2024<\/h4>\n\n\n\n<p>Mant\u00e9ngase al d\u00eda con Outlook 2024, su centro todo en uno para el correo electr\u00f3nico, la programaci\u00f3n y las tareas. Funciones como una bandeja de entrada centrada y una perfecta integraci\u00f3n con el calendario te mantienen organizado y bajo control.<\/p>\n\n\n\n<h4 class=\"wp-block-heading\">OneNote 2024<\/h4>\n\n\n\n<p>Captura ideas y mantente organizado con OneNote 2024, tu bloc de notas digital. Comparte notas con otras personas y sincron\u00edzalas con otros dispositivos a trav\u00e9s de la nube para tener acceso constante a ellas.<\/p>\n\n\n\n<hr class=\"wp-block-separator has-alpha-channel-opacity\"\/>\n\n\n\n<h3 class=\"wp-block-heading\">\u00bfPor qu\u00e9 elegir Microsoft Office 2024 Hogar y Peque\u00f1a Empresa?<\/h3>\n\n\n\n<ul class=\"wp-block-list\">\n<li><strong>Compra \u00fanica<\/strong>: Sin suscripciones: c\u00f3mprelo una vez y util\u00edcelo para siempre en un PC o Mac.<\/li>\n\n\n\n<li><strong>Soporte multiplataforma<\/strong>: Funciona a la perfecci\u00f3n tanto en Windows como en macOS.<\/li>\n\n\n\n<li><strong>Suite Todo en Uno<\/strong>: Incluye Word, Excel, PowerPoint, Outlook y OneNote para todas tus necesidades.<\/li>\n\n\n\n<li><strong>Perfecto para familias y peque\u00f1as empresas<\/strong>: Equilibra funciones potentes con un dise\u00f1o f\u00e1cil de usar.<\/li>\n\n\n\n<li><strong>Colaboraci\u00f3n reforzada<\/strong>: Edita documentos o presentaciones con otros usuarios en tiempo real.<\/li>\n<\/ul>\n\n\n\n<hr class=\"wp-block-separator has-alpha-channel-opacity\"\/>\n\n\n\n<h3 class=\"wp-block-heading\">Requisitos del sistema<\/h3>\n\n\n\n<p>Aseg\u00farese de que su dispositivo est\u00e1 preparado para Microsoft Office 2024 Hogar y Peque\u00f1a Empresa:<\/p>\n\n\n\n<h4 class=\"wp-block-heading\">Para Windows:<\/h4>\n\n\n\n<ul class=\"wp-block-list\">\n<li><strong>Procesador<\/strong>: 1,6 GHz o superior, 2 n\u00facleos<\/li>\n\n\n\n<li><strong>Memoria<\/strong>: 4 GB de RAM (64 bits) o 2 GB de RAM (32 bits)<\/li>\n\n\n\n<li><strong>Almacenamiento<\/strong>: 4 GB de espacio disponible en disco<\/li>\n\n\n\n<li><strong>Mostrar<\/strong>: Resoluci\u00f3n 1280 x 768<\/li>\n<\/ul>\n\n\n\n<h4 class=\"wp-block-heading\">Para macOS:<\/h4>\n\n\n\n<ul class=\"wp-block-list\">\n<li><strong>Procesador<\/strong>: Procesador de 2 n\u00facleos a 1,6 GHz<\/li>\n\n\n\n<li><strong>Memoria<\/strong>: 4 GB RAM<\/li>\n\n\n\n<li><strong>Almacenamiento<\/strong>: 10 GB de espacio disponible en disco<\/li>\n\n\n\n<li><strong>Mostrar<\/strong>: Resoluci\u00f3n 1280 x 800<\/li>\n<\/ul>\n\n\n\n<hr class=\"wp-block-separator has-alpha-channel-opacity\"\/>\n\n\n\n<h3 class=\"wp-block-heading\">Aumente su productividad hoy mismo<\/h3>\n\n\n\n<p>Microsoft Office 2024 Hogar y Peque\u00f1a Empresa es la soluci\u00f3n definitiva para familias y peque\u00f1as empresas. Con aplicaciones esenciales como Word, Excel, PowerPoint, Outlook y OneNote, adem\u00e1s de compatibilidad total con Windows y macOS, est\u00e1 dise\u00f1ado para ayudarle a tener \u00e9xito en casa o en el trabajo. Compre en Keyzland.com para obtener la mejor oferta, active su licencia de por vida y lleve su productividad al siguiente nivel.<\/p>","protected":false},"excerpt":{"rendered":"<p>Con aplicaciones esenciales como Word, Excel, PowerPoint, Outlook y OneNote, adem\u00e1s de compatibilidad total con Windows y macOS, est\u00e1 dise\u00f1ado para ayudarte a tener \u00e9xito en casa o en el trabajo.<\/p>","protected":false},"featured_media":7251,"comment_status":"open","ping_status":"closed","template":"","meta":{"_acf_changed":false},"product_brand":[54],"product_cat":[60],"product_tag":[],"class_list":{"0":"post-7269","1":"product","2":"type-product","3":"status-publish","4":"has-post-thumbnail","6":"product_brand-microsoft","7":"product_cat-office-products","9":"first","10":"instock","11":"shipping-taxable","12":"purchasable","13":"product-type-simple"},"acf":[],"aioseo_notices":[],"_links":{"self":[{"href":"https:\/\/www.mskeydepot.com\/es\/wp-json\/wp\/v2\/product\/7269","targetHints":{"allow":["GET"]}}],"collection":[{"href":"https:\/\/www.mskeydepot.com\/es\/wp-json\/wp\/v2\/product"}],"about":[{"href":"https:\/\/www.mskeydepot.com\/es\/wp-json\/wp\/v2\/types\/product"}],"replies":[{"embeddable":true,"href":"https:\/\/www.mskeydepot.com\/es\/wp-json\/wp\/v2\/comments?post=7269"}],"wp:featuredmedia":[{"embeddable":true,"href":"https:\/\/www.mskeydepot.com\/es\/wp-json\/wp\/v2\/media\/7251"}],"wp:attachment":[{"href":"https:\/\/www.mskeydepot.com\/es\/wp-json\/wp\/v2\/media?parent=7269"}],"wp:term":[{"taxonomy":"product_brand","embeddable":true,"href":"https:\/\/www.mskeydepot.com\/es\/wp-json\/wp\/v2\/product_brand?post=7269"},{"taxonomy":"product_cat","embeddable":true,"href":"https:\/\/www.mskeydepot.com\/es\/wp-json\/wp\/v2\/product_cat?post=7269"},{"taxonomy":"product_tag","embeddable":true,"href":"https:\/\/www.mskeydepot.com\/es\/wp-json\/wp\/v2\/product_tag?post=7269"}],"curies":[{"name":"wp","href":"https:\/\/api.w.org\/{rel}","templated":true}]}}