{"id":7271,"date":"2025-03-20T18:27:34","date_gmt":"2025-03-20T18:27:34","guid":{"rendered":"https:\/\/www.mskeydepot.com\/?post_type=product&#038;p=7271"},"modified":"2026-04-29T13:31:38","modified_gmt":"2026-04-29T13:31:38","slug":"microsoft-office-2019-pro-plus","status":"publish","type":"product","link":"https:\/\/www.mskeydepot.com\/es\/producto\/microsoft-office-2019-pro-plus\/","title":{"rendered":"Microsoft Office 2019 Pro Plus"},"content":{"rendered":"<p><strong>Nota: Se trata de una clave de activaci\u00f3n telef\u00f3nica, no de una activaci\u00f3n en l\u00ednea.<\/strong><\/p>\n\n\n\n<hr class=\"wp-block-separator has-alpha-channel-opacity\"\/>\n\n\n\n<h3 class=\"wp-block-heading\">Descripci\u00f3n general de Microsoft Office 2019 Professional Plus<\/h3>\n\n\n\n<p><strong>Nota<\/strong>: Esta versi\u00f3n no es compatible con ordenadores Mac. Existe una versi\u00f3n espec\u00edfica para Mac disponible por separado.<\/p>\n\n\n\n<p>Microsoft Office 2019 Professional Plus es la suite m\u00e1s avanzada y con m\u00e1s funciones que Microsoft ha lanzado nunca. Optimizada para ofrecer el m\u00e1ximo rendimiento, esta edici\u00f3n ofrece un completo conjunto de herramientas perfectas tanto para uso personal como profesional. Con aplicaciones actualizadas y funciones innovadoras como el reconocimiento de voz y la tinta digital (que permiten escribir en pantalla y convertir la escritura a mano en texto), Office 2019 Pro Plus establece un nuevo est\u00e1ndar de productividad.<\/p>\n\n\n\n<hr class=\"wp-block-separator has-alpha-channel-opacity\"\/>\n\n\n\n<h3 class=\"wp-block-heading\">Perfecto para el hogar y la empresa<\/h3>\n\n\n\n<p>Office 2019 Pro Plus es la opci\u00f3n definitiva tanto para empresas como para usuarios dom\u00e9sticos. Sus s\u00f3lidas funciones agilizan la comunicaci\u00f3n en equipo, el intercambio de datos y la colaboraci\u00f3n en proyectos. Disfrute de un rendimiento de primer nivel, compatibilidad con videollamadas HD a trav\u00e9s de Skype Empresarial (suscripci\u00f3n no incluida) y un espacio de trabajo simplificado para acceder r\u00e1pidamente a las herramientas. Adem\u00e1s, las funciones m\u00f3viles le permiten editar archivos sobre la marcha, sin necesidad de PC.<\/p>\n\n\n\n<h4 class=\"wp-block-heading\">Explicaci\u00f3n de la licencia vitalicia<\/h4>\n\n\n\n<p>Con una compra \u00fanica en Keyzland.com, su licencia de Office 2019 Pro Plus es suya para siempre, sin suscripciones ni cuotas de renovaci\u00f3n. Util\u00edcela en un solo dispositivo y, si cambia de PC, simplemente desact\u00edvela en el dispositivo antiguo y react\u00edvela en el nuevo. \u00a1Esta licencia es reutilizable de por vida!<\/p>\n\n\n\n<hr class=\"wp-block-separator has-alpha-channel-opacity\"\/>\n\n\n\n<h3 class=\"wp-block-heading\">Aplicaciones incluidas en Office 2019 Professional Plus<\/h3>\n\n\n\n<h4 class=\"wp-block-heading\">Excel 2019<\/h4>\n\n\n\n<p>Gesti\u00f3n de datos maestros con Excel 2019. Cree tablas financieras, registros fiscales o bases de datos de productos con nuevos gr\u00e1ficos, funciones matem\u00e1ticas y compatibilidad total con CSV, ideal para profesionales.<\/p>\n\n\n\n<h4 class=\"wp-block-heading\">Palabra 2019<\/h4>\n\n\n\n<p>Elabore cualquier documento con la interfaz mejorada de Word 2019. Nuevas funciones como el reconocimiento de voz y la tinta digital transforman las notas manuscritas en texto, lo que lo hace vers\u00e1til para uso personal o profesional.<\/p>\n\n\n\n<h4 class=\"wp-block-heading\">PowerPoint 2019<\/h4>\n\n\n\n<p>Eleva las presentaciones con PowerPoint 2019. A\u00f1ade im\u00e1genes Ultra HD, ampl\u00eda diapositivas y cambia el tama\u00f1o de los gr\u00e1ficos sin esfuerzo, sin necesidad de herramientas externas. Es el software de presentaciones definitivo, simplificado.<\/p>\n\n\n\n<h4 class=\"wp-block-heading\">Perspectivas para 2019<\/h4>\n\n\n\n<p>Mant\u00e9ngase organizado con Outlook 2019. Gestione correos electr\u00f3nicos, contactos y citas con actualizaciones en tiempo real gracias a la compatibilidad con Exchange Server. Gestione varias cuentas con facilidad.<\/p>\n\n\n\n<h4 class=\"wp-block-heading\">Editorial 2019<\/h4>\n\n\n\n<p>Dise\u00f1a impresionantes folletos, revistas y anuncios con Publisher 2019. Con reconocimiento de escritura a mano y herramientas de nivel profesional, es perfecto para cautivar a tu p\u00fablico.<\/p>\n\n\n\n<h4 class=\"wp-block-heading\">OneNote 2019<\/h4>\n\n\n\n<p>Capture ideas en cualquier lugar con OneNote 2019 (descarga disponible en el sitio de Microsoft). Comparte notas, p\u00e1ginas web, v\u00eddeos y mucho m\u00e1s, sincroniz\u00e1ndolos entre dispositivos para un acceso sin interrupciones.<\/p>\n\n\n\n<h4 class=\"wp-block-heading\">Acceso 2019<\/h4>\n\n\n\n<p>Construya y gestione bases de datos con Access 2019. La coordinaci\u00f3n mejorada y la edici\u00f3n basada en navegador hacen que el manejo de datos sea r\u00e1pido y seguro, almacenados de forma segura en una base de datos SQL.<\/p>\n\n\n\n<p><strong>Skype para empresas<\/strong>: Suscripci\u00f3n no incluida.<\/p>\n\n\n\n<hr class=\"wp-block-separator has-alpha-channel-opacity\"\/>\n\n\n\n<h3 class=\"wp-block-heading\">Compatibilidad<\/h3>\n\n\n\n<p>Office 2019 Professional Plus es compatible exclusivamente con Windows 10 y Windows Server 2019.<\/p>\n\n\n\n<hr class=\"wp-block-separator has-alpha-channel-opacity\"\/>\n\n\n\n<h3 class=\"wp-block-heading\">Qu\u00e9 obtiene con su compra<\/h3>\n\n\n\n<ul class=\"wp-block-list\">\n<li><strong>Entrega inmediata<\/strong>: La clave del producto y el enlace de descarga se env\u00edan por correo electr\u00f3nico en cuesti\u00f3n de minutos.<\/li>\n\n\n\n<li><strong>F\u00e1cil instalaci\u00f3n<\/strong>: Gu\u00eda paso a paso incluida.<\/li>\n\n\n\n<li><strong>Asistencia gratuita<\/strong>: Asistencia t\u00e9cnica gratuita.<\/li>\n<\/ul>\n\n\n\n<hr class=\"wp-block-separator has-alpha-channel-opacity\"\/>\n\n\n\n<h3 class=\"wp-block-heading\">Requisitos del sistema<\/h3>\n\n\n\n<ul class=\"wp-block-list\">\n<li><strong>Plataforma<\/strong>: Windows<\/li>\n\n\n\n<li><strong>Sistemas operativos compatibles<\/strong>: Windows 10, Windows Server 2019<\/li>\n\n\n\n<li><strong>Procesador<\/strong>: 3 GHz o superior<\/li>\n\n\n\n<li><strong>RAM<\/strong>2 GB o superior<\/li>\n\n\n\n<li><strong>Almacenamiento<\/strong>: 3 GB de espacio libre<\/li>\n\n\n\n<li><strong>Gr\u00e1ficos<\/strong>: Aplicaci\u00f3n directa Compatible con DirectX 10, resoluci\u00f3n de 1024 x 768 o superior.<\/li>\n\n\n\n<li><strong>Navegador<\/strong>: \u00daltima versi\u00f3n de Edge, Chrome, Firefox, Explorer o Safari.<\/li>\n\n\n\n<li><strong>Versi\u00f3n .NET<\/strong>.NET 3.5 o superior<\/li>\n<\/ul>\n\n\n\n<hr class=\"wp-block-separator has-alpha-channel-opacity\"\/>\n\n\n\n<p><\/p>","protected":false},"excerpt":{"rendered":"<p>Haga su pedido ahora y experimente la suite m\u00e1s potente de Microsoft: active su licencia y empiece a conseguir m\u00e1s hoy mismo.<\/p>","protected":false},"featured_media":7248,"comment_status":"open","ping_status":"closed","template":"","meta":{"_acf_changed":true},"product_brand":[54],"product_cat":[60],"product_tag":[],"class_list":{"0":"post-7271","1":"product","2":"type-product","3":"status-publish","4":"has-post-thumbnail","6":"product_brand-microsoft","7":"product_cat-office-products","9":"first","10":"instock","11":"shipping-taxable","12":"purchasable","13":"product-type-simple"},"acf":[],"aioseo_notices":[],"_links":{"self":[{"href":"https:\/\/www.mskeydepot.com\/es\/wp-json\/wp\/v2\/product\/7271","targetHints":{"allow":["GET"]}}],"collection":[{"href":"https:\/\/www.mskeydepot.com\/es\/wp-json\/wp\/v2\/product"}],"about":[{"href":"https:\/\/www.mskeydepot.com\/es\/wp-json\/wp\/v2\/types\/product"}],"replies":[{"embeddable":true,"href":"https:\/\/www.mskeydepot.com\/es\/wp-json\/wp\/v2\/comments?post=7271"}],"wp:featuredmedia":[{"embeddable":true,"href":"https:\/\/www.mskeydepot.com\/es\/wp-json\/wp\/v2\/media\/7248"}],"wp:attachment":[{"href":"https:\/\/www.mskeydepot.com\/es\/wp-json\/wp\/v2\/media?parent=7271"}],"wp:term":[{"taxonomy":"product_brand","embeddable":true,"href":"https:\/\/www.mskeydepot.com\/es\/wp-json\/wp\/v2\/product_brand?post=7271"},{"taxonomy":"product_cat","embeddable":true,"href":"https:\/\/www.mskeydepot.com\/es\/wp-json\/wp\/v2\/product_cat?post=7271"},{"taxonomy":"product_tag","embeddable":true,"href":"https:\/\/www.mskeydepot.com\/es\/wp-json\/wp\/v2\/product_tag?post=7271"}],"curies":[{"name":"wp","href":"https:\/\/api.w.org\/{rel}","templated":true}]}}