{"id":7272,"date":"2025-03-20T21:00:57","date_gmt":"2025-03-20T21:00:57","guid":{"rendered":"https:\/\/www.mskeydepot.com\/?post_type=product&#038;p=7272"},"modified":"2026-04-29T13:30:28","modified_gmt":"2026-04-29T13:30:28","slug":"microsoft-office-2019-home-y-business-para-mac","status":"publish","type":"product","link":"https:\/\/www.mskeydepot.com\/es\/producto\/microsoft-office-2019-home-y-business-para-mac\/","title":{"rendered":"Microsoft Office 2019 Hogar y empresa para MAC"},"content":{"rendered":"<p><\/p>\n\n\n\n<p>Get Microsoft Office 2019 Home and Business for Mac at the best price. After your order, we\u2019ll send your activation key instantly via email. With a one-time payment, you\u2019ll secure a lifetime license! Order now to receive your license key, activate your Office suite, and boost productivity on your Mac.<\/p>\n\n\n\n<hr class=\"wp-block-separator has-alpha-channel-opacity\"\/>\n\n\n\n<h3 class=\"wp-block-heading\">Descripci\u00f3n general de Microsoft Office 2019 Hogar y empresa para Mac<\/h3>\n\n\n\n<p>Perfecto para peque\u00f1as empresas y familias, Microsoft Office 2019 Home and Business para Mac ofrece las \u00faltimas versiones de Word, Excel, PowerPoint y Outlook. Dise\u00f1ada exclusivamente para macOS, esta suite le garantiza que siempre tendr\u00e1 acceso a las funciones m\u00e1s recientes mediante actualizaciones peri\u00f3dicas, lo que le permitir\u00e1 mantenerse a la vanguardia.<\/p>\n\n\n\n<p><strong>Nota<\/strong>: Este paquete s\u00f3lo es compatible con Mac OS.<\/p>\n\n\n\n<hr class=\"wp-block-separator has-alpha-channel-opacity\"\/>\n\n\n\n<h3 class=\"wp-block-heading\">Detalles del producto<\/h3>\n\n\n\n<ul class=\"wp-block-list\">\n<li><strong>Corporaci\u00f3n<\/strong>: Microsoft<\/li>\n\n\n\n<li><strong>Licencia<\/strong>: Compra \u00fanica para 1 Mac, licencia de por vida<\/li>\n\n\n\n<li><strong>Incluye<\/strong>: Versiones cl\u00e1sicas de 2019 de Word, Excel, PowerPoint y Outlook.<\/li>\n\n\n\n<li><strong>Compatibilidad<\/strong>macOS (funciona con Microsoft Teams)<\/li>\n<\/ul>\n\n\n\n<h4 class=\"wp-block-heading\">\u00bfQu\u00e9 incluye?<\/h4>\n\n\n\n<p>Esta suite ofrece una interfaz moderna y funciones que ahorran tiempo para mejorar la colaboraci\u00f3n. Guarde sus documentos en OneDrive para acceder a ellos en la nube desde cualquier lugar. Su compra incluye:<\/p>\n\n\n\n<ul class=\"wp-block-list\">\n<li>1 licencia (clave de producto)<\/li>\n\n\n\n<li>Enlace de descarga oficial de Microsoft<\/li>\n\n\n\n<li>Versiones 2019 completas de Word, Excel, PowerPoint y Outlook<\/li>\n\n\n\n<li>Todos los paquetes de idiomas (s\u00f3lo para un Mac)<\/li>\n<\/ul>\n\n\n\n<h4 class=\"wp-block-heading\">M\u00e9todo de entrega<\/h4>\n\n\n\n<p>Con nuestro r\u00e1pido sistema de entrega electr\u00f3nica, la clave de producto y el enlace de descarga llegan por correo electr\u00f3nico casi instant\u00e1neamente despu\u00e9s del pago. Vea su clave en la pantalla y en su bandeja de entrada, lo que garantiza una configuraci\u00f3n r\u00e1pida en cualquier momento, de d\u00eda o de noche.<\/p>\n\n\n\n<hr class=\"wp-block-separator has-alpha-channel-opacity\"\/>\n\n\n\n<h3 class=\"wp-block-heading\">Aplicaciones dom\u00e9sticas y empresariales de Microsoft Office 2019<\/h3>\n\n\n\n<h4 class=\"wp-block-heading\">Word 2019 para Mac<\/h4>\n\n\n\n<p>Tu procesador de textos favorito ha vuelto y mejor que nunca. Tanto si se trata de trabajos escolares como de proyectos dom\u00e9sticos, Word 2019 ofrece:<\/p>\n\n\n\n<ul class=\"wp-block-list\">\n<li><strong>Herramientas r\u00e1pidas<\/strong>: Utiliza la barra \"Dime\" para buscar funciones y a\u00f1adirlas a tu barra de herramientas de acceso r\u00e1pido.<\/li>\n\n\n\n<li><strong>Modo oscuro mejorado<\/strong>: Reduce la fatiga ocular con una p\u00e1gina m\u00e1s oscura y el modo Focus para escribir sin distracciones.<\/li>\n\n\n\n<li><strong>Mejora de la lectura en voz alta<\/strong>: Disfruta de texto a voz de alta calidad con Line Focus en Immersive Reader.<\/li>\n\n\n\n<li><strong>Comentarios modernos<\/strong>: Las @menciones contextuales sustituyen a las ventanas emergentes de la barra lateral para una colaboraci\u00f3n fluida.<\/li>\n<\/ul>\n\n\n\n<h4 class=\"wp-block-heading\">Excel 2019 para Mac<\/h4>\n\n\n\n<p>Lleve el an\u00e1lisis de datos a nuevas cotas con Excel 2019:<\/p>\n\n\n\n<ul class=\"wp-block-list\">\n<li><strong>Potente an\u00e1lisis<\/strong>: Simplifique hojas de c\u00e1lculo complejas para cualquier profesi\u00f3n o prop\u00f3sito.<\/li>\n\n\n\n<li><strong>Nuevas funciones<\/strong>: Aproveche LET() y XLOOKUP() para la manipulaci\u00f3n avanzada de datos.<\/li>\n\n\n\n<li><strong>Matrices din\u00e1micas<\/strong>: Sustituye las f\u00f3rmulas desordenadas por c\u00e1lculos claros y eficaces.<\/li>\n\n\n\n<li><strong>Mejor rendimiento<\/strong>: Navegaci\u00f3n y c\u00e1lculos m\u00e1s r\u00e1pidos para grandes conjuntos de datos.<\/li>\n<\/ul>\n\n\n\n<h4 class=\"wp-block-heading\">PowerPoint 2019 para Mac<\/h4>\n\n\n\n<p>Crea presentaciones sobresalientes con PowerPoint 2019:<\/p>\n\n\n\n<ul class=\"wp-block-list\">\n<li><strong>Libertad creativa<\/strong>: Dise\u00f1e diapositivas profesionales con animaciones y transiciones.<\/li>\n\n\n\n<li><strong>Dise\u00f1os e iconos 3D<\/strong>: Acceda a iconos SVG o cargue los suyos propios para obtener efectos visuales \u00fanicos.<\/li>\n\n\n\n<li><strong>Narre con facilidad<\/strong>: Graba la narraci\u00f3n directamente en la aplicaci\u00f3n, sin necesidad de herramientas externas.<\/li>\n<\/ul>\n\n\n\n<h4 class=\"wp-block-heading\">Outlook 2019 para Mac<\/h4>\n\n\n\n<p>Mantente conectado y organizado con Outlook 2019:<\/p>\n\n\n\n<ul class=\"wp-block-list\">\n<li><strong>Dominio del correo electr\u00f3nico<\/strong>: Gestiona correos electr\u00f3nicos, archivos adjuntos y contactos sin esfuerzo.<\/li>\n\n\n\n<li><strong>Programaci\u00f3n simplificada<\/strong>: Planifica reuniones con la integraci\u00f3n de Skype Empresarial y sincroniza tu calendario con los plazos.<\/li>\n<\/ul>\n\n\n\n<hr class=\"wp-block-separator has-alpha-channel-opacity\"\/>\n\n\n\n<h3 class=\"wp-block-heading\">Por qu\u00e9 elegir Office 2019 Hogar y Empresa para Mac?<\/h3>\n\n\n\n<ul class=\"wp-block-list\">\n<li><strong>Licencia de por vida<\/strong>: Compra \u00fanica, sin suscripciones.<\/li>\n\n\n\n<li><strong>Optimizado para Mac<\/strong>: Rendimiento perfecto en macOS.<\/li>\n\n\n\n<li><strong>Acceso a la nube<\/strong>: Guarda y recupera archivos a trav\u00e9s de OneDrive.<\/li>\n\n\n\n<li><strong>Herramientas vers\u00e1tiles<\/strong>: Perfecto para peque\u00f1as empresas y tareas familiares.<\/li>\n<\/ul>\n\n\n\n<hr class=\"wp-block-separator has-alpha-channel-opacity\"\/>\n\n\n\n<h3 class=\"wp-block-heading\">Requisitos del sistema<\/h3>\n\n\n\n<ul class=\"wp-block-list\">\n<li><strong>Procesador<\/strong>: Procesador Intel<\/li>\n\n\n\n<li><strong>Memoria<\/strong>: 4 GB RAM<\/li>\n\n\n\n<li><strong>Almacenamiento<\/strong>: 10 GB de espacio libre (formato HFS+ o APFS)<\/li>\n\n\n\n<li><strong>Mostrar<\/strong>: Resoluci\u00f3n de 1280 x 800 o superior<\/li>\n\n\n\n<li><strong>Gr\u00e1ficos<\/strong>: No hay requisitos espec\u00edficos<\/li>\n\n\n\n<li><strong>Conectividad<\/strong>: Acceso a Internet (de pago)<\/li>\n\n\n\n<li><strong>Otros<\/strong>: Cuenta Microsoft requerida<\/li>\n\n\n\n<li><strong>Sistema operativo<\/strong>: Compatible con las tres versiones m\u00e1s recientes de macOS (se actualiza con cada nueva versi\u00f3n de macOS).<\/li>\n<\/ul>\n\n\n\n<hr class=\"wp-block-separator has-alpha-channel-opacity\"\/>","protected":false},"excerpt":{"rendered":"<p>Con potentes herramientas adaptadas a macOS, estar\u00e1s listo para trabajar de forma m\u00e1s inteligente en cuesti\u00f3n de minutos. Haz tu pedido ahora, activa tu clave y transforma tu Mac en un centro neur\u00e1lgico de la productividad.<\/p>","protected":false},"featured_media":7247,"comment_status":"open","ping_status":"closed","template":"","meta":{"_acf_changed":false},"product_brand":[54],"product_cat":[60],"product_tag":[],"class_list":{"0":"post-7272","1":"product","2":"type-product","3":"status-publish","4":"has-post-thumbnail","6":"product_brand-microsoft","7":"product_cat-office-products","9":"first","10":"instock","11":"shipping-taxable","12":"purchasable","13":"product-type-simple"},"acf":[],"aioseo_notices":[],"_links":{"self":[{"href":"https:\/\/www.mskeydepot.com\/es\/wp-json\/wp\/v2\/product\/7272","targetHints":{"allow":["GET"]}}],"collection":[{"href":"https:\/\/www.mskeydepot.com\/es\/wp-json\/wp\/v2\/product"}],"about":[{"href":"https:\/\/www.mskeydepot.com\/es\/wp-json\/wp\/v2\/types\/product"}],"replies":[{"embeddable":true,"href":"https:\/\/www.mskeydepot.com\/es\/wp-json\/wp\/v2\/comments?post=7272"}],"wp:featuredmedia":[{"embeddable":true,"href":"https:\/\/www.mskeydepot.com\/es\/wp-json\/wp\/v2\/media\/7247"}],"wp:attachment":[{"href":"https:\/\/www.mskeydepot.com\/es\/wp-json\/wp\/v2\/media?parent=7272"}],"wp:term":[{"taxonomy":"product_brand","embeddable":true,"href":"https:\/\/www.mskeydepot.com\/es\/wp-json\/wp\/v2\/product_brand?post=7272"},{"taxonomy":"product_cat","embeddable":true,"href":"https:\/\/www.mskeydepot.com\/es\/wp-json\/wp\/v2\/product_cat?post=7272"},{"taxonomy":"product_tag","embeddable":true,"href":"https:\/\/www.mskeydepot.com\/es\/wp-json\/wp\/v2\/product_tag?post=7272"}],"curies":[{"name":"wp","href":"https:\/\/api.w.org\/{rel}","templated":true}]}}