{"id":7274,"date":"2025-03-20T21:34:12","date_gmt":"2025-03-20T21:34:12","guid":{"rendered":"https:\/\/www.mskeydepot.com\/?post_type=product&#038;p=7274"},"modified":"2026-04-29T13:28:59","modified_gmt":"2026-04-29T13:28:59","slug":"microsoft-office-2016-home-and-business-mac","status":"publish","type":"product","link":"https:\/\/www.mskeydepot.com\/es\/producto\/microsoft-office-2016-home-and-business-mac\/","title":{"rendered":"Microsoft Office 2016 Hogar y Empresa Mac"},"content":{"rendered":"<p><\/p>\n\n\n\n<hr class=\"wp-block-separator has-alpha-channel-opacity\"\/>\n\n\n\n<h3 class=\"wp-block-heading\">Descripci\u00f3n general de Microsoft Office 2016 Hogar y Peque\u00f1a Empresa para Mac<\/h3>\n\n\n\n<p>Microsoft Office 2016 Hogar y Peque\u00f1a Empresa para Mac es una potente suite de productividad dise\u00f1ada para particulares, familias y peque\u00f1as empresas. Esta edici\u00f3n exclusiva para macOS incluye Word, Excel, PowerPoint, Outlook y OneNote, con herramientas esenciales para crear documentos, analizar datos, dise\u00f1ar presentaciones y gestionar comunicaciones. Con colaboraci\u00f3n en tiempo real, integraci\u00f3n mejorada en la nube a trav\u00e9s de OneDrive y s\u00f3lidas funciones de seguridad, Office 2016 para Mac permite a los usuarios trabajar de forma eficiente y segura desde cualquier lugar.<\/p>\n\n\n\n<hr class=\"wp-block-separator has-alpha-channel-opacity\"\/>\n\n\n\n<h3 class=\"wp-block-heading\">Caracter\u00edsticas principales de Microsoft Office 2016 Hogar y Peque\u00f1a Empresa para Mac<\/h3>\n\n\n\n<h4 class=\"wp-block-heading\">Word 2016<\/h4>\n\n\n\n<p>Elabore documentos profesionales con facilidad utilizando herramientas avanzadas de formato, plantillas y colaboraci\u00f3n en tiempo real, perfectas para el hogar o la empresa.<\/p>\n\n\n\n<h4 class=\"wp-block-heading\">Excel 2016<\/h4>\n\n\n\n<p>Gesti\u00f3n de datos maestros con potentes f\u00f3rmulas, tablas din\u00e1micas y opciones de visualizaci\u00f3n, que hacen que el an\u00e1lisis sea sencillo y eficaz.<\/p>\n\n\n\n<h4 class=\"wp-block-heading\">PowerPoint 2016<\/h4>\n\n\n\n<p>Dise\u00f1e presentaciones din\u00e1micas con plantillas predise\u00f1adas, animaciones fluidas y transiciones para cautivar a su p\u00fablico.<\/p>\n\n\n\n<h4 class=\"wp-block-heading\">Perspectivas 2016<\/h4>\n\n\n\n<p>Mantente organizado con una gesti\u00f3n eficaz del correo electr\u00f3nico, el calendario y los contactos, mejorada gracias a un mayor rendimiento y a la integraci\u00f3n con Skype.<\/p>\n\n\n\n<h4 class=\"wp-block-heading\">OneNote 2016<\/h4>\n\n\n\n<p>Captura ideas en un cuaderno digital. Organiza notas, comp\u00e1rtelas con otros y sincron\u00edzalas entre dispositivos para acceder a ellas sin problemas.<\/p>\n\n\n\n<h4 class=\"wp-block-heading\">Colaboraci\u00f3n en tiempo real<\/h4>\n\n\n\n<p>Colabore en documentos, hojas de c\u00e1lculo y presentaciones con funciones de edici\u00f3n y comentarios en directo.<\/p>\n\n\n\n<h4 class=\"wp-block-heading\">Integraci\u00f3n en la nube<\/h4>\n\n\n\n<p>Guarda archivos en OneDrive para acceder a ellos de forma segura y en cualquier momento desde tu Mac y otros dispositivos.<\/p>\n\n\n\n<h4 class=\"wp-block-heading\">Seguridad reforzada<\/h4>\n\n\n\n<p>Proteja sus datos con la prevenci\u00f3n de p\u00e9rdida de datos (DLP) y la gesti\u00f3n de derechos de informaci\u00f3n (IRM) integradas en el paquete.<\/p>\n\n\n\n<h4 class=\"wp-block-heading\">Integraci\u00f3n de Skype<\/h4>\n\n\n\n<p>Realice llamadas de voz y v\u00eddeo directamente desde Outlook para mejorar la comunicaci\u00f3n.<\/p>\n\n\n\n<h4 class=\"wp-block-heading\">Acceso m\u00f3vil<\/h4>\n\n\n\n<p>Edita y visualiza archivos sobre la marcha con las aplicaciones m\u00f3viles complementarias para iOS y Android.<\/p>\n\n\n\n<hr class=\"wp-block-separator has-alpha-channel-opacity\"\/>\n\n\n\n<h3 class=\"wp-block-heading\">Requisitos del sistema<\/h3>\n\n\n\n<ul class=\"wp-block-list\">\n<li><strong>Sistema operativo<\/strong>macOS (compatible con las tres versiones m\u00e1s recientes en el momento del lanzamiento, por ejemplo, OS X 10.10 Yosemite o posterior)<\/li>\n\n\n\n<li><strong>Procesador<\/strong>: Procesador Intel<\/li>\n\n\n\n<li><strong>Memoria<\/strong>: 4 GB de RAM o m\u00e1s<\/li>\n\n\n\n<li><strong>Almacenamiento<\/strong>6 GB de espacio libre (formato HFS+ recomendado)<\/li>\n\n\n\n<li><strong>Mostrar<\/strong>: Resoluci\u00f3n de 1280 x 800 o superior<\/li>\n\n\n\n<li><strong>Gr\u00e1ficos<\/strong>: No requiere tarjeta gr\u00e1fica espec\u00edfica<\/li>\n\n\n\n<li><strong>Conectividad<\/strong>: Acceso a Internet para activaci\u00f3n y funciones en la nube<\/li>\n<\/ul>\n\n\n\n<p><strong>Nota<\/strong>: Los requisitos del sistema indicados originalmente eran para Windows, no para Mac. Los he corregido para reflejar la compatibilidad con macOS bas\u00e1ndome en los est\u00e1ndares de Office 2016 para Mac.<\/p>\n\n\n\n<hr class=\"wp-block-separator has-alpha-channel-opacity\"\/>\n\n\n\n<hr class=\"wp-block-separator has-alpha-channel-opacity\"\/>\n\n\n\n<p><\/p>","protected":false},"excerpt":{"rendered":"<p>Tendr\u00e1 todo lo que necesita para triunfar en casa o en su peque\u00f1a empresa. P\u00eddalo ahora, active su clave y disfrute de una combinaci\u00f3n perfecta de productividad y colaboraci\u00f3n adaptada a los usuarios de Mac.<\/p>","protected":false},"featured_media":7245,"comment_status":"open","ping_status":"closed","template":"","meta":{"_acf_changed":true},"product_brand":[54],"product_cat":[60],"product_tag":[],"class_list":{"0":"post-7274","1":"product","2":"type-product","3":"status-publish","4":"has-post-thumbnail","6":"product_brand-microsoft","7":"product_cat-office-products","9":"first","10":"instock","11":"shipping-taxable","12":"purchasable","13":"product-type-simple"},"acf":[],"aioseo_notices":[],"_links":{"self":[{"href":"https:\/\/www.mskeydepot.com\/es\/wp-json\/wp\/v2\/product\/7274","targetHints":{"allow":["GET"]}}],"collection":[{"href":"https:\/\/www.mskeydepot.com\/es\/wp-json\/wp\/v2\/product"}],"about":[{"href":"https:\/\/www.mskeydepot.com\/es\/wp-json\/wp\/v2\/types\/product"}],"replies":[{"embeddable":true,"href":"https:\/\/www.mskeydepot.com\/es\/wp-json\/wp\/v2\/comments?post=7274"}],"wp:featuredmedia":[{"embeddable":true,"href":"https:\/\/www.mskeydepot.com\/es\/wp-json\/wp\/v2\/media\/7245"}],"wp:attachment":[{"href":"https:\/\/www.mskeydepot.com\/es\/wp-json\/wp\/v2\/media?parent=7274"}],"wp:term":[{"taxonomy":"product_brand","embeddable":true,"href":"https:\/\/www.mskeydepot.com\/es\/wp-json\/wp\/v2\/product_brand?post=7274"},{"taxonomy":"product_cat","embeddable":true,"href":"https:\/\/www.mskeydepot.com\/es\/wp-json\/wp\/v2\/product_cat?post=7274"},{"taxonomy":"product_tag","embeddable":true,"href":"https:\/\/www.mskeydepot.com\/es\/wp-json\/wp\/v2\/product_tag?post=7274"}],"curies":[{"name":"wp","href":"https:\/\/api.w.org\/{rel}","templated":true}]}}