{"id":7518,"date":"2025-05-31T14:21:04","date_gmt":"2025-05-31T14:21:04","guid":{"rendered":"https:\/\/www.mskeydepot.com\/?post_type=product&#038;p=7518"},"modified":"2026-04-29T13:19:03","modified_gmt":"2026-04-29T13:19:03","slug":"microsoft-office-2024-para-mac-licencia-de-por-vida","status":"publish","type":"product","link":"https:\/\/www.mskeydepot.com\/es\/producto\/microsoft-office-2024-para-mac-licencia-de-por-vida\/","title":{"rendered":"Microsoft Office 2024 Hogar y Peque\u00f1a Empresa para Mac"},"content":{"rendered":"<p>Aumente su productividad con Microsoft Office 2024 para Mac, el paquete de aplicaciones definitivo dise\u00f1ado para estudiantes, profesionales y familias que buscan herramientas fiables sin suscripciones peri\u00f3dicas. Con una \u00fanica compra, obtendr\u00e1 una licencia de por vida para instalar las apps cl\u00e1sicas de Office en un \u00fanico Mac, lo que garantiza el acceso permanente a funciones avanzadas y actualizaciones de seguridad.<\/p>\n\n\n\n<p><strong>Caracter\u00edsticas principales<\/strong>:<\/p>\n\n\n\n<ul class=\"wp-block-list\">\n<li><strong>Compra \u00fanica<\/strong>: Sin cuotas peri\u00f3dicas. Pague una vez y utilice Office 2024 para siempre en un Mac.<\/li>\n\n\n\n<li><strong>Aplicaciones incluidas<\/strong>: Incluye versiones de escritorio de Word, Excel, PowerPoint, OneNote y Outlook, perfectas para crear documentos profesionales, gestionar datos, dise\u00f1ar presentaciones cautivadoras y organizar correos electr\u00f3nicos y notas.<\/li>\n\n\n\n<li><strong>Compatibilidad sin fisuras<\/strong>: Optimizado para macOS (compatible con las tres \u00faltimas versiones: Ventura, Sonoma y Sequoia), lo que garantiza un rendimiento y una integraci\u00f3n fluidos con tu Mac.<\/li>\n\n\n\n<li><strong>Colaboraci\u00f3n en tiempo real<\/strong>: Las funciones de coautor\u00eda permiten a varios usuarios trabajar simult\u00e1neamente en documentos de Word, Excel y PowerPoint, lo que resulta ideal para proyectos escolares o de trabajo.<\/li>\n\n\n\n<li><strong>Herramientas basadas en IA<\/strong>: Aproveche las sugerencias inteligentes para el texto, el formato y el dise\u00f1o, adem\u00e1s de las funciones avanzadas de Excel como las matrices din\u00e1micas (FILTRO, ORDENAR, \u00daNICO) para un an\u00e1lisis de datos m\u00e1s r\u00e1pido.<\/li>\n\n\n\n<li><strong>Accesibilidad mejorada<\/strong>: A\u00f1ade subt\u00edtulos autom\u00e1ticos a las presentaciones de PowerPoint y utiliza herramientas de IA para descripciones de audio y texto alternativo con el fin de crear contenidos inclusivos.<\/li>\n\n\n\n<li><strong>Interfaz unificada<\/strong>: Dise\u00f1o moderno y coherente en todas las aplicaciones, con compatibilidad optimizada con la entrada t\u00e1ctil y de l\u00e1piz en dispositivos h\u00edbridos.<\/li>\n\n\n\n<li><strong>Productividad sin conexi\u00f3n<\/strong>: Funciona sin conexi\u00f3n a Internet tras la instalaci\u00f3n, lo que garantiza el acceso en cualquier momento y lugar.<\/li>\n<\/ul>\n\n\n\n<p><strong>Detalles del producto<\/strong>:<\/p>\n\n\n\n<ul class=\"wp-block-list\">\n<li><strong>Validez de la licencia<\/strong>: Licencia de por vida para un Mac, con soporte de Microsoft incluido.<\/li>\n\n\n\n<li><strong>Idioma<\/strong>: Multiling\u00fce, incluido el ingl\u00e9s y otros idiomas para las herramientas de visualizaci\u00f3n, ayuda y pruebas.<\/li>\n\n\n\n<li><strong>Entrega<\/strong>: Reciba su clave de producto y enlace de descarga por correo electr\u00f3nico a los pocos minutos de la compra, con instrucciones claras de instalaci\u00f3n.<\/li>\n\n\n\n<li><strong>Requisitos del sistema<\/strong>macOS Ventura, Sonoma o Sequoia; procesador de doble n\u00facleo a 1,1 GHz, 4 GB de RAM, 4 GB de espacio en disco, resoluci\u00f3n de pantalla de 1280\u00d7768.<\/li>\n<\/ul>\n\n\n\n<p><\/p>\n\n\n\n<p><\/p>","protected":false},"excerpt":{"rendered":"<p>Perfecto para quienes buscan una soluci\u00f3n productiva y sin suscripciones, Office 2024 es la inversi\u00f3n ideal para su Mac.<\/p>","protected":false},"featured_media":7251,"comment_status":"open","ping_status":"closed","template":"","meta":{"_acf_changed":true},"product_brand":[54],"product_cat":[60],"product_tag":[],"class_list":{"0":"post-7518","1":"product","2":"type-product","3":"status-publish","4":"has-post-thumbnail","6":"product_brand-microsoft","7":"product_cat-office-products","9":"first","10":"instock","11":"shipping-taxable","12":"purchasable","13":"product-type-simple"},"acf":[],"aioseo_notices":[],"_links":{"self":[{"href":"https:\/\/www.mskeydepot.com\/es\/wp-json\/wp\/v2\/product\/7518","targetHints":{"allow":["GET"]}}],"collection":[{"href":"https:\/\/www.mskeydepot.com\/es\/wp-json\/wp\/v2\/product"}],"about":[{"href":"https:\/\/www.mskeydepot.com\/es\/wp-json\/wp\/v2\/types\/product"}],"replies":[{"embeddable":true,"href":"https:\/\/www.mskeydepot.com\/es\/wp-json\/wp\/v2\/comments?post=7518"}],"wp:featuredmedia":[{"embeddable":true,"href":"https:\/\/www.mskeydepot.com\/es\/wp-json\/wp\/v2\/media\/7251"}],"wp:attachment":[{"href":"https:\/\/www.mskeydepot.com\/es\/wp-json\/wp\/v2\/media?parent=7518"}],"wp:term":[{"taxonomy":"product_brand","embeddable":true,"href":"https:\/\/www.mskeydepot.com\/es\/wp-json\/wp\/v2\/product_brand?post=7518"},{"taxonomy":"product_cat","embeddable":true,"href":"https:\/\/www.mskeydepot.com\/es\/wp-json\/wp\/v2\/product_cat?post=7518"},{"taxonomy":"product_tag","embeddable":true,"href":"https:\/\/www.mskeydepot.com\/es\/wp-json\/wp\/v2\/product_tag?post=7518"}],"curies":[{"name":"wp","href":"https:\/\/api.w.org\/{rel}","templated":true}]}}