{"id":7519,"date":"2025-05-31T14:25:33","date_gmt":"2025-05-31T14:25:33","guid":{"rendered":"https:\/\/www.mskeydepot.com\/?post_type=product&#038;p=7519"},"modified":"2026-04-29T13:18:20","modified_gmt":"2026-04-29T13:18:20","slug":"microsoft-office-2021-para-mac-licencia-de-por-vida","status":"publish","type":"product","link":"https:\/\/www.mskeydepot.com\/es\/producto\/microsoft-office-2021-para-mac-licencia-de-por-vida\/","title":{"rendered":"Microsoft Office 2021 Hogar y Empresa para Mac"},"content":{"rendered":"<p>Eleve su productividad con Microsoft Office 2021 para Mac, un potente paquete de aplicaciones dise\u00f1ado para estudiantes, profesionales y familias que desean herramientas fiables sin suscripciones peri\u00f3dicas. Con una \u00fanica compra, obtendr\u00e1 una licencia de por vida para instalar las apps cl\u00e1sicas de Office en un \u00fanico Mac, lo que le proporcionar\u00e1 acceso permanente a las funciones esenciales y actualizaciones de seguridad.<\/p>\n\n\n\n<p><strong>Caracter\u00edsticas principales<\/strong>:<\/p>\n\n\n\n<ul class=\"wp-block-list\">\n<li><strong>Compra \u00fanica<\/strong>: Sin cuotas peri\u00f3dicas. Pague una vez y utilice Office 2021 para siempre en un Mac.<\/li>\n\n\n\n<li><strong>Aplicaciones incluidas<\/strong>: Incluye versiones de escritorio de Word, Excel, PowerPoint, OneNote y Outlook, ideales para crear documentos profesionales, analizar datos, elaborar presentaciones atractivas y gestionar correos electr\u00f3nicos y notas.<\/li>\n\n\n\n<li><strong>Compatibilidad sin fisuras<\/strong>: Optimizado para macOS (compatible con las tres \u00faltimas versiones en el momento del lanzamiento, incluidas Monterey, Ventura y Sonoma), lo que garantiza un rendimiento fluido en tu Mac.<\/li>\n\n\n\n<li><strong>Colaboraci\u00f3n en tiempo real<\/strong>: Las funciones de coautor\u00eda permiten a varios usuarios editar documentos de Word, Excel y PowerPoint simult\u00e1neamente, lo que resulta perfecto para proyectos en equipo o tareas escolares.<\/li>\n\n\n\n<li><strong>Herramientas mejoradas<\/strong>: Benef\u00edciese de funciones actualizadas como las funciones mejoradas de Excel (por ejemplo, XLOOKUP, LET) para el an\u00e1lisis avanzado de datos y plantillas modernizadas en Word y PowerPoint para obtener resultados profesionales.<\/li>\n\n\n\n<li><strong>Mejoras de accesibilidad<\/strong>: Incluye herramientas para a\u00f1adir texto alternativo y compatibilidad mejorada con lectores de pantalla, lo que hace que sus contenidos sean m\u00e1s inclusivos.<\/li>\n\n\n\n<li><strong>Interfaz moderna<\/strong>: Disfruta de un dise\u00f1o renovado y f\u00e1cil de usar en todas las apps, con soporte para entrada t\u00e1ctil en dispositivos Mac compatibles.<\/li>\n\n\n\n<li><strong>Productividad sin conexi\u00f3n<\/strong>: Funciona sin conexi\u00f3n a Internet tras la instalaci\u00f3n, lo que garantiza el acceso en cualquier momento y lugar.<\/li>\n<\/ul>\n\n\n\n<p><strong>Detalles del producto<\/strong>:<\/p>\n\n\n\n<ul class=\"wp-block-list\">\n<li><strong>Validez de la licencia<\/strong>: Licencia de por vida para un Mac, con soporte de Microsoft incluido.<\/li>\n\n\n\n<li><strong>Idioma<\/strong>: Multiling\u00fce, incluido el ingl\u00e9s y otros idiomas para las herramientas de visualizaci\u00f3n, ayuda y pruebas.<\/li>\n\n\n\n<li><strong>Entrega<\/strong>: Reciba su clave de producto y enlace de descarga por correo electr\u00f3nico a los pocos minutos de la compra, con instrucciones claras de instalaci\u00f3n.<\/li>\n\n\n\n<li><strong>Requisitos del sistema<\/strong>macOS Monterey, Ventura o Sonoma; procesador de doble n\u00facleo a 1,1 GHz, 4 GB de RAM, 4 GB de espacio en disco, resoluci\u00f3n de pantalla de 1280\u00d7768.<\/li>\n<\/ul>\n\n\n\n<p><\/p>","protected":false},"excerpt":{"rendered":"<p>Ideal para quienes buscan una soluci\u00f3n rentable y sin suscripciones, Office 2021 es la elecci\u00f3n perfecta para tu Mac.<\/p>","protected":false},"featured_media":7249,"comment_status":"open","ping_status":"closed","template":"","meta":{"_acf_changed":true},"product_brand":[54],"product_cat":[60],"product_tag":[],"class_list":{"0":"post-7519","1":"product","2":"type-product","3":"status-publish","4":"has-post-thumbnail","6":"product_brand-microsoft","7":"product_cat-office-products","9":"first","10":"instock","11":"shipping-taxable","12":"purchasable","13":"product-type-simple"},"acf":[],"aioseo_notices":[],"_links":{"self":[{"href":"https:\/\/www.mskeydepot.com\/es\/wp-json\/wp\/v2\/product\/7519","targetHints":{"allow":["GET"]}}],"collection":[{"href":"https:\/\/www.mskeydepot.com\/es\/wp-json\/wp\/v2\/product"}],"about":[{"href":"https:\/\/www.mskeydepot.com\/es\/wp-json\/wp\/v2\/types\/product"}],"replies":[{"embeddable":true,"href":"https:\/\/www.mskeydepot.com\/es\/wp-json\/wp\/v2\/comments?post=7519"}],"wp:featuredmedia":[{"embeddable":true,"href":"https:\/\/www.mskeydepot.com\/es\/wp-json\/wp\/v2\/media\/7249"}],"wp:attachment":[{"href":"https:\/\/www.mskeydepot.com\/es\/wp-json\/wp\/v2\/media?parent=7519"}],"wp:term":[{"taxonomy":"product_brand","embeddable":true,"href":"https:\/\/www.mskeydepot.com\/es\/wp-json\/wp\/v2\/product_brand?post=7519"},{"taxonomy":"product_cat","embeddable":true,"href":"https:\/\/www.mskeydepot.com\/es\/wp-json\/wp\/v2\/product_cat?post=7519"},{"taxonomy":"product_tag","embeddable":true,"href":"https:\/\/www.mskeydepot.com\/es\/wp-json\/wp\/v2\/product_tag?post=7519"}],"curies":[{"name":"wp","href":"https:\/\/api.w.org\/{rel}","templated":true}]}}