{"id":7244,"date":"2025-03-30T16:45:01","date_gmt":"2025-03-30T16:45:01","guid":{"rendered":"https:\/\/www.mskeydepot.com\/?post_type=product&#038;p=7244"},"modified":"2026-04-29T13:23:28","modified_gmt":"2026-04-29T13:23:28","slug":"microsoft-windows-11-professional","status":"publish","type":"product","link":"https:\/\/www.mskeydepot.com\/it\/prodotto-2\/microsoft-windows-11-professional\/","title":{"rendered":"Microsoft Windows 11 Professional"},"content":{"rendered":"<p>Ottenere <strong>Microsoft Windows 11 Professional<\/strong> for the best price. After your order, we\u2019ll deliver your <strong>chiave di attivazione<\/strong> direttamente nella vostra e-mail. Con un pagamento una tantum, si sblocca un <strong>licenza a vita<\/strong>-Attivate il vostro Windows e accendete il vostro PC oggi stesso. Ordinate ora ed entrate in un mondo in cui vi aspetta la chiave perfetta per il vostro potenziale digitale!<\/p>\n\n\n\n<hr class=\"wp-block-separator has-alpha-channel-opacity\"\/>\n\n\n\n<h3 class=\"wp-block-heading\">Scoprite Microsoft Windows 11 Professional<\/h3>\n\n\n\n<p>In un mondo in cui la tecnologia apre ogni giorno nuove porte, <strong>Windows 11 Professional<\/strong> \u00e8 la chiave principale per rimanere connessi a ci\u00f2 che conta di pi\u00f9. Progettato con strumenti intuitivi, massimizza lo spazio sullo schermo e sblocca la massima produttivit\u00e0.<\/p>\n\n\n\n<p>Con <strong>Windows 11 Pro<\/strong>, potrete godere di un'atmosfera rinfrescata <strong>Menu di avvio<\/strong> e nuovi modi per avviare il PC. Collegatevi con gli amici tramite <strong>Microsoft Teams<\/strong>Rimanete aggiornati sulle notizie, immergetevi nei giochi ed esplorate i contenuti verificati su <strong>Microsoft Edge<\/strong>. Windows 11 Professional \u00e8 la porta d'accesso per pensare, creare e crescere professionalmente.<\/p>\n\n\n\n<h4 class=\"wp-block-heading\">Un nuovo tasto del menu di avvio<\/h4>\n\n\n\n<p>Il <strong>Menu di avvio di Windows 11 Pro<\/strong> vanta un design elegante e moderno. Le posizioni e le opzioni principali si trovano in primo piano e al centro, mentre i riquadri delle app sono allineati sulla sinistra. Ridimensionatelo, espandetelo a tutto schermo e personalizzatelo a vostro piacimento con un solo giro di chiave.<\/p>\n\n\n\n<h4 class=\"wp-block-heading\">Una nuova prospettiva ci attende<\/h4>\n\n\n\n<p>Entrate in uno spazio calmo e creativo con <strong>Windows 11 Pro<\/strong> interfaccia ridisegnata. \u00c8 un ambiente sereno creato per alimentare le vostre passioni e ispirare nuove idee.<\/p>\n\n\n\n<h4 class=\"wp-block-heading\">Produttivit\u00e0 sbloccata<\/h4>\n\n\n\n<p>Potenziate il vostro flusso di lavoro con l'accesso a tutte le app di cui avete bisogno, tra cui <strong>Applicazioni Android<\/strong>! Multitasking come un professionista con <strong>Layout a scatto<\/strong>, <strong>Desktop virtuali<\/strong>e un'esperienza di riarmo senza soluzione di continuit\u00e0 che consente di passare da un'attivit\u00e0 all'altra con estrema facilit\u00e0.<\/p>\n\n\n\n<h4 class=\"wp-block-heading\">Connettetevi con Microsoft Teams<\/h4>\n\n\n\n<p><strong>Microsoft Teams<\/strong> sostituisce Skype come chiave per la connessione istantanea. Chiamate o chattate gratuitamente con le persone pi\u00f9 importanti, direttamente dalla barra delle applicazioni di Windows 11 Pro, su qualsiasi dispositivo.<\/p>\n\n\n\n<h4 class=\"wp-block-heading\">Curate il vostro mondo<\/h4>\n\n\n\n<p>Con <strong>Microsoft Edge<\/strong> e personalizzabile <strong>Widget<\/strong>Windows 11 Pro vi tiene informati con notizie, informazioni e intrattenimento su misura per voi, tutto a portata di mano.<\/p>\n\n\n\n<h4 class=\"wp-block-heading\">Esplora il Microsoft Store<\/h4>\n\n\n\n<p>Trovate velocemente applicazioni e intrattenimento nel <strong>Microsoft Store<\/strong>. Sbloccare <strong>Applicazioni Android<\/strong> con la tecnologia Intel Bridge o acquistarli direttamente in negozio: la chiave per infinite possibilit\u00e0.<\/p>\n\n\n\n<h4 class=\"wp-block-heading\">Gioco Level Up<\/h4>\n\n\n\n<p>Windows 11 Pro trasforma il vostro PC in una potenza di gioco con una grafica straordinaria che rivaleggia con la realt\u00e0. Sbloccate oltre 100 giochi di alta qualit\u00e0 con <strong>Xbox Game Pass<\/strong> (abbonamento venduto separatamente) e tuffatevi in un regno di gioco senza precedenti.<\/p>\n\n\n\n<hr class=\"wp-block-separator has-alpha-channel-opacity\"\/>\n\n\n\n<h3 class=\"wp-block-heading\">Caratteristiche principali di Windows 11 Professional<\/h3>\n\n\n\n<ul class=\"wp-block-list\">\n<li><strong>Microsoft Store<\/strong>: Sblocca un tesoro di applicazioni gratuite o a pagamento sul tuo tablet o PC, complete di recensioni e valutazioni.<\/li>\n\n\n\n<li><strong>Microsoft Teams<\/strong>: Integrato nella barra delle applicazioni per un accesso immediato a Windows, Mac, Android e iOS.<\/li>\n\n\n\n<li><strong>Xbox Game Pass<\/strong>: Migliorare il gioco con <strong>HDR automatico<\/strong> e <strong>Stoccaggio diretto<\/strong>portando sul vostro PC le prestazioni di una console.<\/li>\n\n\n\n<li><strong>Desktop virtuali<\/strong>: Creare e passare da un desktop all'altro per il lavoro, il tempo libero o la scuola con facilit\u00e0.<\/li>\n\n\n\n<li><strong>Windows Hello<\/strong>: Utilizzare il volto, l'impronta digitale o il PIN per sbloccare il dispositivo e l'account Microsoft in modo sicuro.<\/li>\n\n\n\n<li><strong>Crittografia del dispositivo<\/strong>: Proteggete i vostri dati con la crittografia integrata: solo gli utenti autorizzati possiedono la chiave.<\/li>\n\n\n\n<li><strong>Firewall e protezione di rete<\/strong>: Rimanete al sicuro con il monitoraggio della rete in tempo reale in Windows Security.<\/li>\n\n\n\n<li><strong>Protezione Internet<\/strong>: Navigate in sicurezza grazie a solide difese contro le minacce online.<\/li>\n\n\n\n<li><strong>Controlli parentali<\/strong>: Gestite la privacy e il tempo trascorso sullo schermo con strumenti che vi danno il controllo.<\/li>\n\n\n\n<li><strong>Avvio sicuro<\/strong>: Avvio sicuro con il software di fiducia del produttore del PC.<\/li>\n\n\n\n<li><strong>Windows Defender<\/strong>: Proteggete il vostro sistema con una protezione antivirus all'avanguardia.<\/li>\n\n\n\n<li><strong>Layout e gruppi Snap<\/strong>: Organizzare le app senza fatica e passare da un'attivit\u00e0 all'altra con un solo clic.<\/li>\n<\/ul>\n\n\n\n<h4 class=\"wp-block-heading\">Caratteristiche esclusive per i professionisti:<\/h4>\n\n\n\n<ol class=\"wp-block-list\">\n<li>Creare account locali<\/li>\n\n\n\n<li>Partecipare a Active Directory\/Azure AD<\/li>\n\n\n\n<li>Virtualizzazione Hyper-V<\/li>\n\n\n\n<li>Sandbox di Windows per test sicuri<\/li>\n\n\n\n<li>Crittografia BitLocker<\/li>\n\n\n\n<li>Protezione delle informazioni di Windows<\/li>\n\n\n\n<li>Gestione dei dispositivi mobili (MDM)<\/li>\n\n\n\n<li>Controlli dei Criteri di gruppo<\/li>\n\n\n\n<li>Roaming di stato aziendale con Azure<\/li>\n\n\n\n<li>Accesso assegnato per i chioschi<\/li>\n\n\n\n<li>Provisioning dinamico<\/li>\n\n\n\n<li>Windows Update per le aziende<\/li>\n\n\n\n<li>Modalit\u00e0 chiosco<\/li>\n<\/ol>\n\n\n\n<hr class=\"wp-block-separator has-alpha-channel-opacity\"\/>\n\n\n\n<h3 class=\"wp-block-heading\">Requisiti di sistema<\/h3>\n\n\n\n<ul class=\"wp-block-list\">\n<li><strong>Processore<\/strong>: 1 GHz o pi\u00f9 veloce, 2+ core, compatibile con 64 bit<\/li>\n\n\n\n<li><strong>RAM<\/strong>: 4 GB<\/li>\n\n\n\n<li><strong>Immagazzinamento<\/strong>64 GB o pi\u00f9<\/li>\n\n\n\n<li><strong>Firmware<\/strong>: UEFI, in grado di eseguire il Secure Boot<\/li>\n\n\n\n<li><strong>TPM<\/strong>: Versione 2.0<\/li>\n\n\n\n<li><strong>Grafica<\/strong>: Compatibile con DirectX 12, driver WDDM 2.0<\/li>\n\n\n\n<li><strong>Display<\/strong>720p, &gt;9\u201d di diagonale, colore a 8 bit<\/li>\n\n\n\n<li><strong>Internet e account Microsoft<\/strong>: Richiesto per la configurazione e gli aggiornamenti<\/li>\n<\/ul>\n\n\n\n<p><\/p>","protected":false},"excerpt":{"rendered":"<div>Prendete il vostro <strong>Chiave di Windows 11 Professional<\/strong> oggi stesso, attivate la vostra licenza a vita ed entrate in un mondo di produttivit\u00e0, creativit\u00e0 e connessione. Un solo pagamento, accesso a vita<\/div>","protected":false},"featured_media":7256,"comment_status":"open","ping_status":"closed","template":"","meta":{"_acf_changed":true},"product_brand":[54],"product_cat":[61],"product_tag":[],"class_list":{"0":"post-7244","1":"product","2":"type-product","3":"status-publish","4":"has-post-thumbnail","6":"product_brand-microsoft","7":"product_cat-operating-system","9":"first","10":"instock","11":"shipping-taxable","12":"purchasable","13":"product-type-simple"},"acf":[],"aioseo_notices":[],"_links":{"self":[{"href":"https:\/\/www.mskeydepot.com\/it\/wp-json\/wp\/v2\/product\/7244","targetHints":{"allow":["GET"]}}],"collection":[{"href":"https:\/\/www.mskeydepot.com\/it\/wp-json\/wp\/v2\/product"}],"about":[{"href":"https:\/\/www.mskeydepot.com\/it\/wp-json\/wp\/v2\/types\/product"}],"replies":[{"embeddable":true,"href":"https:\/\/www.mskeydepot.com\/it\/wp-json\/wp\/v2\/comments?post=7244"}],"wp:featuredmedia":[{"embeddable":true,"href":"https:\/\/www.mskeydepot.com\/it\/wp-json\/wp\/v2\/media\/7256"}],"wp:attachment":[{"href":"https:\/\/www.mskeydepot.com\/it\/wp-json\/wp\/v2\/media?parent=7244"}],"wp:term":[{"taxonomy":"product_brand","embeddable":true,"href":"https:\/\/www.mskeydepot.com\/it\/wp-json\/wp\/v2\/product_brand?post=7244"},{"taxonomy":"product_cat","embeddable":true,"href":"https:\/\/www.mskeydepot.com\/it\/wp-json\/wp\/v2\/product_cat?post=7244"},{"taxonomy":"product_tag","embeddable":true,"href":"https:\/\/www.mskeydepot.com\/it\/wp-json\/wp\/v2\/product_tag?post=7244"}],"curies":[{"name":"wp","href":"https:\/\/api.w.org\/{rel}","templated":true}]}}