{"id":7265,"date":"2025-03-29T17:22:17","date_gmt":"2025-03-29T17:22:17","guid":{"rendered":"https:\/\/www.mskeydepot.com\/?post_type=product&#038;p=7265"},"modified":"2026-04-29T13:25:24","modified_gmt":"2026-04-29T13:25:24","slug":"microsoft-windows-10-professional","status":"publish","type":"product","link":"https:\/\/www.mskeydepot.com\/it\/prodotto-2\/microsoft-windows-10-professional\/","title":{"rendered":"Microsoft Windows 10 Professional"},"content":{"rendered":"<h3 class=\"wp-block-heading\">Buy Windows 10 Professional at the Best Price.<\/h3>\n\n\n\n<p>Get Windows 10 Professional for an unbeatable price. After placing your order, we\u2019ll deliver your activation key instantly via email. Enjoy a one-time payment for a lifetime license! Order now to receive your Windows 10 Pro license key and activate your system for smooth, reliable performance on your computer.<\/p>\n\n\n\n<p>Windows 10 \u00e8 stato progettato per essere intuitivo e facile da usare, in modo da poterlo padroneggiare in pochi minuti. L'amato menu Start ritorna in una versione ampliata e migliorata. Grazie agli avvii rapidi, ai riavvii veloci e alle funzioni di sicurezza integrate, Windows 10 mantiene il PC al sicuro, integrandosi perfettamente con il software e l'hardware esistenti.<\/p>\n\n\n\n<hr class=\"wp-block-separator has-alpha-channel-opacity\"\/>\n\n\n\n<h3 class=\"wp-block-heading\">Dettagli del prodotto<\/h3>\n\n\n\n<ul class=\"wp-block-list\">\n<li><strong>Marchio<\/strong>: Microsoft<\/li>\n\n\n\n<li><strong>Piattaforma<\/strong>: Windows 10<\/li>\n\n\n\n<li><strong>Formato<\/strong>: Licenza digitale monouso<\/li>\n\n\n\n<li><strong>Lingua<\/strong>: Multilingua (modifica delle impostazioni linguistiche dopo l'installazione; pacchetti di interfaccia linguistica aggiuntivi disponibili per il download)<\/li>\n<\/ul>\n\n\n\n<hr class=\"wp-block-separator has-alpha-channel-opacity\"\/>\n\n\n\n<h3 class=\"wp-block-heading\">Perch\u00e9 scegliere Windows 10 Professional?<\/h3>\n\n\n\n<p>Windows 10 Pro offre tutto ci\u00f2 che amate di Windows 10 Home, oltre a funzioni avanzate pensate per gli utenti aziendali e per gli utenti pi\u00f9 esigenti. Sia che lo utilizziate su un computer portatile o desktop, questa versione trasforma il vostro dispositivo in un computer personalizzato di ultima generazione.<\/p>\n\n\n\n<p>Scoprite funzionalit\u00e0 all'avanguardia e sicurezza di alto livello con gli aggiornamenti pi\u00f9 rapidi mai rilasciati da Microsoft. Windows 10 Pro protegge il vostro sistema dalle minacce informatiche e vi mantiene al passo con i miglioramenti pi\u00f9 recenti.<\/p>\n\n\n\n<hr class=\"wp-block-separator has-alpha-channel-opacity\"\/>\n\n\n\n<h3 class=\"wp-block-heading\">Caratteristiche principali di Windows 10 Professional<\/h3>\n\n\n\n<h4 class=\"wp-block-heading\">Familiare e facile da usare<\/h4>\n\n\n\n<p>L'iconico menu Start \u00e8 tornato e pi\u00f9 bello che mai, per darvi accesso rapido agli strumenti essenziali. Windows 10 Pro \u00e8 compatibile con un'ampia gamma di software e hardware, compresi quelli gi\u00e0 installati sul vostro dispositivo.<\/p>\n\n\n\n<h4 class=\"wp-block-heading\">Prestazioni veloci e fluide<\/h4>\n\n\n\n<p>Windows 10 Pro si avvia velocemente, riprende istantaneamente ed esegue le app in modo cos\u00ec efficiente che anche i PC pi\u00f9 vecchi sembrano nuovi. La funzione di risparmio della batteria prolunga la vita del vostro dispositivo, permettendovi di essere produttivi e di divertirvi pi\u00f9 a lungo.<\/p>\n\n\n\n<h4 class=\"wp-block-heading\">Sicurezza potenziata per la massima tranquillit\u00e0<\/h4>\n\n\n\n<p>Rimanete protetti grazie alle funzioni di sicurezza potenziate e agli aggiornamenti automatici che offrono le pi\u00f9 recenti protezioni contro le minacce.<\/p>\n\n\n\n<h4 class=\"wp-block-heading\">Compatibilit\u00e0 senza soluzione di continuit\u00e0<\/h4>\n\n\n\n<p>Windows 10 funziona perfettamente con i programmi di Windows 7 e 8\/8.1. I vostri file e documenti rimangono al sicuro: non dovete preoccuparvi di perdere i dati.<\/p>\n\n\n\n<h4 class=\"wp-block-heading\">Il vostro assistente digitale personale<\/h4>\n\n\n\n<p>Cortana, il vostro assistente virtuale, \u00e8 disponibile su tutti i dispositivi Windows 10 Pro per aiutarvi ad affrontare le attivit\u00e0 con facilit\u00e0.<\/p>\n\n\n\n<h4 class=\"wp-block-heading\">Il multitasking reso semplice<\/h4>\n\n\n\n<p>Aumentate la produttivit\u00e0 con strumenti innovativi. Potete collegare fino a quattro applicazioni su un unico schermo o creare desktop virtuali per aumentare lo spazio di lavoro.<\/p>\n\n\n\n<h4 class=\"wp-block-heading\">Perfetto per la produttivit\u00e0 in ufficio<\/h4>\n\n\n\n<p>Windows 10 Pro si abbina perfettamente a Microsoft Office (Word, Excel, PowerPoint e Outlook). Esplora i pacchetti Office su Keyzland.com!<\/p>\n\n\n\n<h4 class=\"wp-block-heading\">Crittografia avanzata<\/h4>\n\n\n\n<p>Proteggete i vostri dati con la crittografia BitLocker e strumenti di gestione della sicurezza avanzati.<\/p>\n\n\n\n<h4 class=\"wp-block-heading\">Accesso desktop remoto<\/h4>\n\n\n\n<p>Accedete con Remote Desktop per utilizzare il vostro PC Pro da qualsiasi luogo: casa, ufficio o in viaggio.<\/p>\n\n\n\n<h4 class=\"wp-block-heading\">Macchine virtuali<\/h4>\n\n\n\n<p>Eseguite pi\u00f9 sistemi operativi contemporaneamente grazie al supporto delle macchine virtuali Hyper-V.<\/p>\n\n\n\n<h4 class=\"wp-block-heading\">Le vostre applicazioni, a modo vostro<\/h4>\n\n\n\n<p>Create una sezione app personalizzata nel Windows Store per accedere rapidamente agli strumenti aziendali.<\/p>\n\n\n\n<hr class=\"wp-block-separator has-alpha-channel-opacity\"\/>\n\n\n\n<h3 class=\"wp-block-heading\">Scarica Windows 10 Professional<\/h3>\n\n\n\n<p>Avete bisogno del download ufficiale? Fare clic qui per il file <a href=\"https:\/\/www.microsoft.com\/en-us\/software-download\/windows10\" target=\"_blank\" rel=\"noreferrer noopener\">Collegamento per il download di Microsoft Windows 10<\/a>.<\/p>\n\n\n\n<hr class=\"wp-block-separator has-alpha-channel-opacity\"\/>\n\n\n\n<h3 class=\"wp-block-heading\">Requisiti di sistema di Windows 10 Professional<\/h3>\n\n\n\n<ul class=\"wp-block-list\">\n<li><strong>Processore<\/strong>: 1 GHz o pi\u00f9 veloce<\/li>\n\n\n\n<li><strong>RAM<\/strong>: 1 GB (32 bit) o 2 GB (64 bit)<\/li>\n\n\n\n<li><strong>Spazio su disco rigido<\/strong>: 16 GB (32 bit) o 20 GB (64 bit)<\/li>\n\n\n\n<li><strong>Grafica<\/strong>: DirectX 9 o successive con driver WDDM 1.0 (alcune applicazioni\/giochi potrebbero richiedere una grafica avanzata)<\/li>\n\n\n\n<li><strong>Display<\/strong>: Risoluzione 1024\u00d7600<\/li>\n\n\n\n<li><strong>Cortana<\/strong>: Disponibile negli Stati Uniti, nel Regno Unito, in Cina, Francia, Italia, Germania e Spagna.<\/li>\n\n\n\n<li><strong>Crittografia<\/strong>: Richiede Instant Go e TPM 2.0<\/li>\n\n\n\n<li><strong>BitLocker<\/strong>: Necessita di TPM 1.2, 2.0 o di un'unit\u00e0 flash USB (BitLocker To Go richiede l'USB per la crittografia).<\/li>\n\n\n\n<li><strong>Hyper-V<\/strong>: Richiede capacit\u00e0 SLAT e 2 GB di RAM aggiuntivi.<\/li>\n<\/ul>\n\n\n\n<hr class=\"wp-block-separator has-alpha-channel-opacity\"\/>\n\n\n\n<h3 class=\"wp-block-heading\"><\/h3>","protected":false},"excerpt":{"rendered":"<p>Attivate il vostro sistema con una chiave di licenza autentica e sbloccate un mondo di produttivit\u00e0, sicurezza e prestazioni. Ordinate ora e scoprite perch\u00e9 Windows 10 Pro \u00e8 la scelta definitiva per professionisti e appassionati!<\/p>","protected":false},"featured_media":7254,"comment_status":"open","ping_status":"closed","template":"","meta":{"_acf_changed":true},"product_brand":[54],"product_cat":[61],"product_tag":[],"class_list":{"0":"post-7265","1":"product","2":"type-product","3":"status-publish","4":"has-post-thumbnail","6":"product_brand-microsoft","7":"product_cat-operating-system","9":"first","10":"instock","11":"shipping-taxable","12":"purchasable","13":"product-type-simple"},"acf":[],"aioseo_notices":[],"_links":{"self":[{"href":"https:\/\/www.mskeydepot.com\/it\/wp-json\/wp\/v2\/product\/7265","targetHints":{"allow":["GET"]}}],"collection":[{"href":"https:\/\/www.mskeydepot.com\/it\/wp-json\/wp\/v2\/product"}],"about":[{"href":"https:\/\/www.mskeydepot.com\/it\/wp-json\/wp\/v2\/types\/product"}],"replies":[{"embeddable":true,"href":"https:\/\/www.mskeydepot.com\/it\/wp-json\/wp\/v2\/comments?post=7265"}],"wp:featuredmedia":[{"embeddable":true,"href":"https:\/\/www.mskeydepot.com\/it\/wp-json\/wp\/v2\/media\/7254"}],"wp:attachment":[{"href":"https:\/\/www.mskeydepot.com\/it\/wp-json\/wp\/v2\/media?parent=7265"}],"wp:term":[{"taxonomy":"product_brand","embeddable":true,"href":"https:\/\/www.mskeydepot.com\/it\/wp-json\/wp\/v2\/product_brand?post=7265"},{"taxonomy":"product_cat","embeddable":true,"href":"https:\/\/www.mskeydepot.com\/it\/wp-json\/wp\/v2\/product_cat?post=7265"},{"taxonomy":"product_tag","embeddable":true,"href":"https:\/\/www.mskeydepot.com\/it\/wp-json\/wp\/v2\/product_tag?post=7265"}],"curies":[{"name":"wp","href":"https:\/\/api.w.org\/{rel}","templated":true}]}}