{"id":7267,"date":"2025-03-29T17:42:55","date_gmt":"2025-03-29T17:42:55","guid":{"rendered":"https:\/\/www.mskeydepot.com\/?post_type=product&#038;p=7267"},"modified":"2026-04-29T13:24:39","modified_gmt":"2026-04-29T13:24:39","slug":"microsoft-windows-11-home","status":"publish","type":"product","link":"https:\/\/www.mskeydepot.com\/it\/prodotto-2\/microsoft-windows-11-home\/","title":{"rendered":"Microsoft Windows 11 Home"},"content":{"rendered":"<h3 class=\"wp-block-heading\">Scoprite un nuovo modo di vivere il PC con Windows 11 Home<\/h3>\n\n\n\n<p>Cercate un aggiornamento moderno ed efficiente per il vostro computer? Ecco Microsoft Windows 11 Home! Dotato di funzioni innovative e di un design elegante e raffinato, Windows 11 Home \u00e8 il modo perfetto per migliorare la vostra esperienza informatica. Inoltre, con Microsoft Edge come browser predefinito, potrete navigare ogni giorno in modo pi\u00f9 veloce e sicuro. Non aspettate: acquistate oggi stesso Windows 11 Home e trasformate il vostro PC!<\/p>\n\n\n\n<h3 class=\"wp-block-heading\">Buy Windows 11 Home at the Best Price<\/h3>\n\n\n\n<p>Get Windows 11 Home at an unbeatable price. After your order, we\u2019ll deliver your activation key instantly via email. With a one-time payment, you\u2019ll secure a lifetime license! Order now to receive your Windows 11 Home license key, activate your system, and enjoy a seamless, high-performance computer.<\/p>\n\n\n\n<hr class=\"wp-block-separator has-alpha-channel-opacity\"\/>\n\n\n\n<h3 class=\"wp-block-heading\">Caratteristiche di Windows 11 Home<\/h3>\n\n\n\n<h4 class=\"wp-block-heading\">Microsoft Edge<\/h4>\n\n\n\n<p>Ottenete di pi\u00f9 con Microsoft Edge, un browser costruito per la velocit\u00e0 e la produttivit\u00e0. Grazie a strumenti come la presa di appunti, la prevenzione del tracciamento e una visualizzazione di lettura senza distrazioni, \u00e8 il compagno perfetto per portare a termine le cose.<\/p>\n\n\n\n<h4 class=\"wp-block-heading\">Microsoft Store<\/h4>\n\n\n\n<p>Il vostro negozio unico per tutto ci\u00f2 che riguarda il PC. Dal software all'hardware e agli accessori, il Microsoft Store ha tutto ci\u00f2 che serve per ottimizzare l'esperienza di Windows 11 Home.<\/p>\n\n\n\n<h4 class=\"wp-block-heading\">Layout a scatto<\/h4>\n\n\n\n<p>Organizzate il vostro spazio di lavoro senza sforzo con Snap Layouts. Con pochi clic \u00e8 possibile disporre le finestre una accanto all'altra o impilarle per ottenere una schermata priva di disordine.<\/p>\n\n\n\n<h4 class=\"wp-block-heading\">Desktop<\/h4>\n\n\n\n<p>Create desktop virtuali separati per il lavoro, il tempo libero o le attivit\u00e0 personali. Passate da uno all'altro all'istante per mantenere la vostra vita organizzata e concentrata.<\/p>\n\n\n\n<h4 class=\"wp-block-heading\">Microsoft Teams<\/h4>\n\n\n\n<p>Rimanete in contatto con Microsoft Teams, uno strumento di collaborazione basato su chat. Chattate, chiamate e lavorate a progetti con colleghi o amici, il tutto da un'unica piattaforma.<\/p>\n\n\n\n<h4 class=\"wp-block-heading\">Esperienza vocale, tattile e di penna<\/h4>\n\n\n\n<p>Windows 11 Home offre un'interfaccia naturale e intuitiva. Utilizzate i comandi vocali, i gesti tattili o la penna per completare le attivit\u00e0 in modo rapido ed efficiente.<\/p>\n\n\n\n<h4 class=\"wp-block-heading\">Widget<\/h4>\n\n\n\n<p>Accedete alle informazioni chiave direttamente dal desktop con i Widget. Controllate il meteo, i prezzi delle azioni o le notizie senza dover aprire altre applicazioni.<\/p>\n\n\n\n<h4 class=\"wp-block-heading\">Eccellenza nel gioco<\/h4>\n\n\n\n<p>Windows 11 Home \u00e8 il sogno dei videogiocatori e supporta l'hardware e i titoli pi\u00f9 recenti per un'esperienza di gioco senza pari.<\/p>\n\n\n\n<hr class=\"wp-block-separator has-alpha-channel-opacity\"\/>\n\n\n\n<h3 class=\"wp-block-heading\">Caratteristiche di sicurezza di Windows 11 Home<\/h3>\n\n\n\n<h4 class=\"wp-block-heading\">Crittografia del dispositivo<\/h4>\n\n\n\n<p>Proteggete i vostri dati con la crittografia del dispositivo. Anche se il vostro PC viene perso o rubato, le vostre informazioni rimangono al sicuro.<\/p>\n\n\n\n<h4 class=\"wp-block-heading\">Firewall e protezione di rete<\/h4>\n\n\n\n<p>Proteggete il vostro sistema da hacker e malware con robuste funzioni di firewall e sicurezza di rete.<\/p>\n\n\n\n<h4 class=\"wp-block-heading\">Protezione Internet<\/h4>\n\n\n\n<p>Tenete a bada le minacce online con la protezione Internet, per garantire che i vostri dati siano al sicuro da accessi non autorizzati e malware.<\/p>\n\n\n\n<h4 class=\"wp-block-heading\">Avvio sicuro<\/h4>\n\n\n\n<p>Secure Boot previene le manomissioni garantendo che il PC si avvii solo con software affidabile.<\/p>\n\n\n\n<h4 class=\"wp-block-heading\">Windows Hello<\/h4>\n\n\n\n<p>Accedete in modo sicuro con il vostro volto, l'impronta digitale o l'iride. Windows Hello rende il vostro PC accessibile solo a voi.<\/p>\n\n\n\n<h4 class=\"wp-block-heading\">Sicurezza di Windows<\/h4>\n\n\n\n<p>Rimanete protetti dal malware e dalle minacce emergenti con Windows Security, il vostro sistema di difesa completo.<\/p>\n\n\n\n<hr class=\"wp-block-separator has-alpha-channel-opacity\"\/>\n\n\n\n<h3 class=\"wp-block-heading\">Requisiti di sistema<\/h3>\n\n\n\n<ul class=\"wp-block-list\">\n<li><strong>Processore<\/strong>: 1 GHz o pi\u00f9 veloce<\/li>\n\n\n\n<li><strong>RAM<\/strong>: 1 GB (32 bit) o 2 GB (64 bit)<\/li>\n\n\n\n<li><strong>Immagazzinamento<\/strong>: 16 GB di spazio libero (32-bit) o 20 GB (64-bit)<\/li>\n\n\n\n<li><strong>Grafica<\/strong>: DirectX 9 o successivo con driver WDDM 1.0<\/li>\n<\/ul>\n\n\n\n<hr class=\"wp-block-separator has-alpha-channel-opacity\"\/>\n\n\n\n<h3 class=\"wp-block-heading\"><\/h3>\n\n\n\n<p><\/p>","protected":false},"excerpt":{"rendered":"<p>Discover a Fresh Way to Experience Your PC with Windows 11 Home Looking for a modern, efficient upgrade for your computer? Meet Microsoft Windows 11 Home! Packed with innovative features and a sleek, stylish design, Windows 11 Home is the perfect way to elevate your computing experience. Plus, with Microsoft Edge as the default browser, [&hellip;]<\/p>\n","protected":false},"featured_media":7255,"comment_status":"open","ping_status":"closed","template":"","meta":{"_acf_changed":true},"product_brand":[54],"product_cat":[61],"product_tag":[],"class_list":{"0":"post-7267","1":"product","2":"type-product","3":"status-publish","4":"has-post-thumbnail","6":"product_brand-microsoft","7":"product_cat-operating-system","9":"first","10":"instock","11":"shipping-taxable","12":"purchasable","13":"product-type-simple"},"acf":[],"aioseo_notices":[],"_links":{"self":[{"href":"https:\/\/www.mskeydepot.com\/it\/wp-json\/wp\/v2\/product\/7267","targetHints":{"allow":["GET"]}}],"collection":[{"href":"https:\/\/www.mskeydepot.com\/it\/wp-json\/wp\/v2\/product"}],"about":[{"href":"https:\/\/www.mskeydepot.com\/it\/wp-json\/wp\/v2\/types\/product"}],"replies":[{"embeddable":true,"href":"https:\/\/www.mskeydepot.com\/it\/wp-json\/wp\/v2\/comments?post=7267"}],"wp:featuredmedia":[{"embeddable":true,"href":"https:\/\/www.mskeydepot.com\/it\/wp-json\/wp\/v2\/media\/7255"}],"wp:attachment":[{"href":"https:\/\/www.mskeydepot.com\/it\/wp-json\/wp\/v2\/media?parent=7267"}],"wp:term":[{"taxonomy":"product_brand","embeddable":true,"href":"https:\/\/www.mskeydepot.com\/it\/wp-json\/wp\/v2\/product_brand?post=7267"},{"taxonomy":"product_cat","embeddable":true,"href":"https:\/\/www.mskeydepot.com\/it\/wp-json\/wp\/v2\/product_cat?post=7267"},{"taxonomy":"product_tag","embeddable":true,"href":"https:\/\/www.mskeydepot.com\/it\/wp-json\/wp\/v2\/product_tag?post=7267"}],"curies":[{"name":"wp","href":"https:\/\/api.w.org\/{rel}","templated":true}]}}