{"id":7376,"date":"2025-04-07T16:47:50","date_gmt":"2025-04-07T16:47:50","guid":{"rendered":"https:\/\/www.mskeydepot.com\/?post_type=product&#038;p=7376"},"modified":"2026-04-29T13:21:21","modified_gmt":"2026-04-29T13:21:21","slug":"microsoft-office-2021-professional-plus-2","status":"publish","type":"product","link":"https:\/\/www.mskeydepot.com\/it\/prodotto-2\/microsoft-office-2021-professional-plus-2\/","title":{"rendered":"Microsoft Office 2021 Professional Plus"},"content":{"rendered":"<p><\/p>\n\n\n\n<hr class=\"wp-block-separator has-alpha-channel-opacity\"\/>\n\n\n\n<h3 class=\"wp-block-heading\">Panoramica di Microsoft Office 2021 Professional Plus<\/h3>\n\n\n\n<p>Microsoft \u00e8 orgogliosa di presentare Office 2021 Professional Plus, la soluzione perfetta per i privati e le aziende che non sono ancora pronti a passare a Microsoft 365. Questa robusta suite offre tutte le applicazioni preferite - Word, Excel, PowerPoint, Outlook, Access, OneNote, Publisher e Teams - con prestazioni migliorate, nuove funzionalit\u00e0 e aggiornamenti progettati per aiutarvi a raggiungere i vostri obiettivi in modo efficiente.<\/p>\n\n\n\n<p>Da Line Focus in Word per una lettura senza distrazioni al potente XLOOKUP in Excel per ricerche avanzate, Office 2021 Pro Plus offre strumenti per essere sempre all'avanguardia. Ora supporta il formato OpenDocument (ODF) e la modifica diretta dei documenti di Microsoft SharePoint, per una collaborazione senza soluzione di continuit\u00e0.<\/p>\n\n\n\n<hr class=\"wp-block-separator has-alpha-channel-opacity\"\/>\n\n\n\n<h3 class=\"wp-block-heading\">Dettagli del prodotto<\/h3>\n\n\n\n<ul class=\"wp-block-list\">\n<li><strong>Marchio<\/strong>: Microsoft<\/li>\n\n\n\n<li><strong>Tipo di programma<\/strong>: Suite per ufficio<\/li>\n\n\n\n<li><strong>Formato<\/strong>: Licenza digitale monouso<\/li>\n\n\n\n<li><strong>Lingua<\/strong>: EU Multilingua (cambiare le lingue dopo l'installazione; pacchetti aggiuntivi disponibili separatamente)<\/li>\n\n\n\n<li><strong>Include<\/strong>: Word, Excel, PowerPoint, Access, OneNote, Outlook, Publisher e Teams.<\/li>\n<\/ul>\n\n\n\n<hr class=\"wp-block-separator has-alpha-channel-opacity\"\/>\n\n\n\n<h3 class=\"wp-block-heading\">Microsoft Office 2021 Professional Plus Caratteristiche per applicazione<\/h3>\n\n\n\n<h4 class=\"wp-block-heading\">Prospettive 2021<\/h4>\n\n\n\n<p>Migliorate il vostro gioco con Outlook 2021. La ricerca in alto, il traduttore per le traduzioni in movimento in oltre 70 lingue e la casella di posta focalizzata per dare priorit\u00e0 a ci\u00f2 che conta. Condividete file, gestite il calendario e mantenete la produttivit\u00e0 con facilit\u00e0.<\/p>\n\n\n\n<h4 class=\"wp-block-heading\">Parola 2021<\/h4>\n\n\n\n<p>Collaborate in tempo reale con i membri del team utilizzando Word 2021. La messa a fuoco delle linee migliora la leggibilit\u00e0 isolando le linee di testo, mentre il supporto di OpenDocument amplia la compatibilit\u00e0, ideale per creare documenti di grande impatto.<\/p>\n\n\n\n<h4 class=\"wp-block-heading\">Excel 2021<\/h4>\n\n\n\n<p>Excel 2021 porta l'analisi dei dati a un livello superiore con XLOOKUP, che sostituisce VLOOKUP per ricerche pi\u00f9 veloci e flessibili. La barra multifunzione Accessibilit\u00e0 mette a portata di mano gli strumenti chiave, rendendo la visualizzazione dei dati un gioco da ragazzi.<\/p>\n\n\n\n<h4 class=\"wp-block-heading\">Punto di vista 2021<\/h4>\n\n\n\n<p>Create presentazioni accattivanti con PowerPoint 2021. Registrate i video dei presentatori, l'inchiostro o i puntatori laser e godete di controlli di animazione migliorati. Collaborate senza problemi con le funzioni di commento migliorate.<\/p>\n\n\n\n<h4 class=\"wp-block-heading\">OneNote 2021<\/h4>\n\n\n\n<p>Il vostro taccuino digitale, OneNote 2021, vi consente di digitare, disegnare o ritagliare contenuti dal Web. \u00c8 possibile sincronizzarlo su tutti i dispositivi e personalizzarlo per adattarlo al proprio flusso di lavoro, ideale per il brainstorming e l'organizzazione.<\/p>\n\n\n\n<h4 class=\"wp-block-heading\">Editore 2021<\/h4>\n\n\n\n<p>Create pubblicazioni professionali con Publisher 2021. Create cataloghi, volantini e newsletter con facilit\u00e0, grazie a un aggiornamento visivo e al supporto dei colori Hex per una personalizzazione precisa.<\/p>\n\n\n\n<h4 class=\"wp-block-heading\">Accesso 2021<\/h4>\n\n\n\n<p>Gestite i dati come un professionista con Access 2021. Aggiungete tabelle alle query con un minor numero di clic, aggiornate le tabelle collegate tramite la Gestione tabelle collegate migliorata e mantenete il vostro database in perfetta efficienza.<\/p>\n\n\n\n<h4 class=\"wp-block-heading\">Squadre 2021<\/h4>\n\n\n\n<p>Rimanete in contatto con Microsoft Teams. Passate da chat, chiamate e condivisione dello schermo e collaborate in tempo reale con i team aziendali, il tutto ottimizzato per una comunicazione efficiente.<\/p>\n\n\n\n<hr class=\"wp-block-separator has-alpha-channel-opacity\"\/>\n\n\n\n<h3 class=\"wp-block-heading\">Principali caratteristiche di Office 2021 Professional Plus<\/h3>\n\n\n\n<h4 class=\"wp-block-heading\">Co-autorizzazione in tempo reale<\/h4>\n\n\n\n<p>Lavorate insieme sui documenti con aggiornamenti in tempo reale e notifiche di modifica per una collaborazione pi\u00f9 fluida.<\/p>\n\n\n\n<h4 class=\"wp-block-heading\">Tradurre le e-mail in Outlook<\/h4>\n\n\n\n<p>Traducete i messaggi in oltre 70 lingue senza lasciare Outlook: la comunicazione diventa semplice.<\/p>\n\n\n\n<h4 class=\"wp-block-heading\">XLOOKUP in Excel<\/h4>\n\n\n\n<p>Trovate velocemente i dati con la funzione avanzata XLOOKUP di Excel, perfetta per la ricerca in tabelle e intervalli.<\/p>\n\n\n\n<h4 class=\"wp-block-heading\">Prestazioni migliorate<\/h4>\n\n\n\n<p>Prestazioni pi\u00f9 veloci e stabili in Word, Excel, PowerPoint e Outlook.<\/p>\n\n\n\n<h4 class=\"wp-block-heading\">Supporto per i colori esadecimali<\/h4>\n\n\n\n<p>Applicate facilmente colori precisi utilizzando i valori esadecimali, senza bisogno di conversioni.<\/p>\n\n\n\n<hr class=\"wp-block-separator has-alpha-channel-opacity\"\/>\n\n\n\n<h3 class=\"wp-block-heading\">Requisiti di sistema<\/h3>\n\n\n\n<ul class=\"wp-block-list\">\n<li><strong>Processore<\/strong>: 1,1 GHz o pi\u00f9 veloce, 2-core<\/li>\n\n\n\n<li><strong>Memoria<\/strong>: 4 GB di RAM (consigliati 64 bit)<\/li>\n\n\n\n<li><strong>Immagazzinamento<\/strong>: 4 GB di spazio libero<\/li>\n\n\n\n<li><strong>Display<\/strong>: Risoluzione 1280 x 768 o superiore<\/li>\n\n\n\n<li><strong>Grafica<\/strong>: DirectX 9 o successive, WDDM 2.0 o superiore<\/li>\n\n\n\n<li><strong>Connettivit\u00e0<\/strong>: Internet richiesto solo per il download e l'attivazione<\/li>\n\n\n\n<li><strong>Sistema operativo<\/strong>: Windows 10, 11, Windows 10 LTSC 2021\/2019, Windows Server 2022\/2019<\/li>\n\n\n\n<li><strong>Browser<\/strong>: Versione pi\u00f9 recente di Edge, Chrome, Firefox o Internet Explorer<\/li>\n\n\n\n<li><strong>Altro<\/strong>: Requisiti aggiuntivi per la funzionalit\u00e0 di Teams<\/li>\n<\/ul>\n\n\n\n<hr class=\"wp-block-separator has-alpha-channel-opacity\"\/>\n\n\n\n<h3 class=\"wp-block-heading\"><\/h3>\n\n\n\n<p><\/p>","protected":false},"excerpt":{"rendered":"<p>Con una licenza a vita per un PC, questa suite offre strumenti potenti, prestazioni migliorate e una collaborazione perfetta per professionisti e aziende.<\/p>","protected":false},"featured_media":7250,"comment_status":"open","ping_status":"closed","template":"","meta":{"_acf_changed":true},"product_brand":[54],"product_cat":[60],"product_tag":[],"class_list":{"0":"post-7376","1":"product","2":"type-product","3":"status-publish","4":"has-post-thumbnail","6":"product_brand-microsoft","7":"product_cat-office-products","9":"first","10":"instock","11":"shipping-taxable","12":"purchasable","13":"product-type-simple"},"acf":[],"aioseo_notices":[],"_links":{"self":[{"href":"https:\/\/www.mskeydepot.com\/it\/wp-json\/wp\/v2\/product\/7376","targetHints":{"allow":["GET"]}}],"collection":[{"href":"https:\/\/www.mskeydepot.com\/it\/wp-json\/wp\/v2\/product"}],"about":[{"href":"https:\/\/www.mskeydepot.com\/it\/wp-json\/wp\/v2\/types\/product"}],"replies":[{"embeddable":true,"href":"https:\/\/www.mskeydepot.com\/it\/wp-json\/wp\/v2\/comments?post=7376"}],"wp:featuredmedia":[{"embeddable":true,"href":"https:\/\/www.mskeydepot.com\/it\/wp-json\/wp\/v2\/media\/7250"}],"wp:attachment":[{"href":"https:\/\/www.mskeydepot.com\/it\/wp-json\/wp\/v2\/media?parent=7376"}],"wp:term":[{"taxonomy":"product_brand","embeddable":true,"href":"https:\/\/www.mskeydepot.com\/it\/wp-json\/wp\/v2\/product_brand?post=7376"},{"taxonomy":"product_cat","embeddable":true,"href":"https:\/\/www.mskeydepot.com\/it\/wp-json\/wp\/v2\/product_cat?post=7376"},{"taxonomy":"product_tag","embeddable":true,"href":"https:\/\/www.mskeydepot.com\/it\/wp-json\/wp\/v2\/product_tag?post=7376"}],"curies":[{"name":"wp","href":"https:\/\/api.w.org\/{rel}","templated":true}]}}