{"id":7378,"date":"2025-04-07T17:46:15","date_gmt":"2025-04-07T17:46:15","guid":{"rendered":"https:\/\/www.mskeydepot.com\/?post_type=product&#038;p=7378"},"modified":"2026-04-29T13:21:02","modified_gmt":"2026-04-29T13:21:02","slug":"microsoft-office-2019-pro-plus-2","status":"publish","type":"product","link":"https:\/\/www.mskeydepot.com\/it\/prodotto-2\/microsoft-office-2019-pro-plus-2\/","title":{"rendered":"Microsoft Office 2019 Pro Plus"},"content":{"rendered":"<p><\/p>\n\n\n\n<p><\/p>\n\n\n\n<hr class=\"wp-block-separator has-alpha-channel-opacity\"\/>\n\n\n\n<h3 class=\"wp-block-heading\">Panoramica di Microsoft Office 2019 Professional Plus<\/h3>\n\n\n\n<p><strong>Nota<\/strong>: Questa versione non \u00e8 compatibile con i computer Mac. Una versione specifica per Mac \u00e8 disponibile separatamente.<\/p>\n\n\n\n<p>Microsoft Office 2019 Professional Plus \u00e8 la suite pi\u00f9 avanzata e ricca di funzionalit\u00e0 che Microsoft abbia mai rilasciato. Ottimizzata per ottenere le massime prestazioni, questa edizione offre una serie completa di strumenti perfetti per l'uso personale e professionale. Grazie alle applicazioni aggiornate e a funzioni innovative come il riconoscimento vocale e l'inchiostro digitale, che consentono di scrivere sullo schermo e convertire la scrittura a mano in testo, Office 2019 Pro Plus stabilisce un nuovo standard di produttivit\u00e0.<\/p>\n\n\n\n<hr class=\"wp-block-separator has-alpha-channel-opacity\"\/>\n\n\n\n<h3 class=\"wp-block-heading\">Perfetto per la casa e l'azienda<\/h3>\n\n\n\n<p>Office 2019 Pro Plus \u00e8 la scelta definitiva per le aziende e gli utenti privati. Le sue solide funzionalit\u00e0 semplificano la comunicazione di gruppo, la condivisione dei dati e la collaborazione ai progetti. Prestazioni di alto livello, supporto per le videochiamate in HD tramite Skype for Business (abbonamento non incluso) e un'area di lavoro semplificata per un accesso rapido agli strumenti. Inoltre, le funzionalit\u00e0 mobili consentono di modificare i file mentre si \u00e8 in viaggio, senza bisogno di un PC.<\/p>\n\n\n\n<h4 class=\"wp-block-heading\">Spiegazione della licenza a vita<\/h4>\n\n\n\n<p>Con un unico acquisto su Keyzland.com, la licenza di Office 2019 Pro Plus \u00e8 vostra per sempre, senza abbonamenti o costi di rinnovo. Utilizzatela su un solo dispositivo e, se cambiate PC, disattivatela semplicemente sul vecchio dispositivo e riattivatela sul nuovo. Questa licenza \u00e8 riutilizzabile a vita!<\/p>\n\n\n\n<hr class=\"wp-block-separator has-alpha-channel-opacity\"\/>\n\n\n\n<h3 class=\"wp-block-heading\">Applicazioni incluse in Office 2019 Professional Plus<\/h3>\n\n\n\n<h4 class=\"wp-block-heading\">Excel 2019<\/h4>\n\n\n\n<p>Gestione dei dati master con Excel 2019. Create tabelle finanziarie, registri fiscali o database di prodotti con nuovi grafici, funzioni matematiche e piena compatibilit\u00e0 CSV, ideali per i professionisti.<\/p>\n\n\n\n<h4 class=\"wp-block-heading\">Parola 2019<\/h4>\n\n\n\n<p>Create qualsiasi documento con l'interfaccia aggiornata di Word 2019. Nuove funzioni come il riconoscimento vocale e l'inchiostro digitale trasformano gli appunti scritti a mano in testo, rendendolo versatile per l'uso personale o lavorativo.<\/p>\n\n\n\n<h4 class=\"wp-block-heading\">PowerPoint 2019<\/h4>\n\n\n\n<p>Elevate le presentazioni con PowerPoint 2019. Aggiungete immagini Ultra HD, zoomate le diapositive e ridimensionate la grafica senza sforzo, senza bisogno di strumenti esterni. \u00c8 il software di presentazione per eccellenza, semplificato.<\/p>\n\n\n\n<h4 class=\"wp-block-heading\">Prospettive 2019<\/h4>\n\n\n\n<p>Rimanete organizzati con Outlook 2019. Gestite e-mail, contatti e appuntamenti con aggiornamenti in tempo reale grazie al supporto di Exchange Server. Gestite pi\u00f9 account con facilit\u00e0.<\/p>\n\n\n\n<h4 class=\"wp-block-heading\">Editore 2019<\/h4>\n\n\n\n<p>Progettate splendidi volantini, riviste e annunci con Publisher 2019. Grazie al riconoscimento della scrittura e agli strumenti di livello professionale, \u00e8 perfetto per affascinare il pubblico.<\/p>\n\n\n\n<h4 class=\"wp-block-heading\">OneNote 2019<\/h4>\n\n\n\n<p>Catturate le idee ovunque con OneNote 2019 (download disponibile sul sito Microsoft). Condividete appunti, pagine web, video e altro ancora, sincronizzandoli su tutti i dispositivi per un accesso senza interruzioni.<\/p>\n\n\n\n<h4 class=\"wp-block-heading\">Accesso 2019<\/h4>\n\n\n\n<p>Create e gestite database con Access 2019. Il coordinamento migliorato e la modifica basata su browser rendono la gestione dei dati veloce e sicura, archiviati in modo sicuro in un database SQL.<\/p>\n\n\n\n<p><strong>Skype per le aziende<\/strong>: Abbonamento non incluso.<\/p>\n\n\n\n<hr class=\"wp-block-separator has-alpha-channel-opacity\"\/>\n\n\n\n<h3 class=\"wp-block-heading\">Compatibilit\u00e0<\/h3>\n\n\n\n<p>Office 2019 Professional Plus \u00e8 supportato esclusivamente su Windows 10 e Windows Server 2019.<\/p>\n\n\n\n<hr class=\"wp-block-separator has-alpha-channel-opacity\"\/>\n\n\n\n<h3 class=\"wp-block-heading\">Cosa si ottiene con l'acquisto<\/h3>\n\n\n\n<ul class=\"wp-block-list\">\n<li><strong>Consegna immediata<\/strong>: La chiave del prodotto e il link per il download vengono inviati via e-mail in pochi minuti, senza spese di spedizione e senza ritardi.<\/li>\n\n\n\n<li><strong>Installazione semplice<\/strong>: Guida passo-passo inclusa.<\/li>\n\n\n\n<li><strong>Supporto gratuito<\/strong>: Assistenza tecnica disponibile senza costi aggiuntivi.<\/li>\n<\/ul>\n\n\n\n<hr class=\"wp-block-separator has-alpha-channel-opacity\"\/>\n\n\n\n<h3 class=\"wp-block-heading\">Requisiti di sistema<\/h3>\n\n\n\n<ul class=\"wp-block-list\">\n<li><strong>Piattaforma<\/strong>: Windows<\/li>\n\n\n\n<li><strong>Sistema operativo supportato<\/strong>: Windows 10, Windows Server 2019<\/li>\n\n\n\n<li><strong>Processore<\/strong>: 3 GHz o pi\u00f9 veloce<\/li>\n\n\n\n<li><strong>RAM<\/strong>2 GB o superiore<\/li>\n\n\n\n<li><strong>Immagazzinamento<\/strong>: 3 GB di spazio libero<\/li>\n\n\n\n<li><strong>Grafica<\/strong>: Applicazione direttaSupporto DirectX 10, risoluzione 1024 x 768 o superiore<\/li>\n\n\n\n<li><strong>Browser<\/strong>: Ultima versione di Edge, Chrome, Firefox, Explorer o Safari<\/li>\n\n\n\n<li><strong>Versione .NET<\/strong>.NET 3.5 o superiore<\/li>\n<\/ul>\n\n\n\n<hr class=\"wp-block-separator has-alpha-channel-opacity\"\/>\n\n\n\n<p><\/p>","protected":false},"excerpt":{"rendered":"<p>Ordina ora e prova la suite pi\u00f9 potente di Microsoft: attiva la tua licenza e inizia a ottenere di pi\u00f9 oggi stesso!<\/p>","protected":false},"featured_media":7248,"comment_status":"open","ping_status":"closed","template":"","meta":{"_acf_changed":true},"product_brand":[54],"product_cat":[60],"product_tag":[],"class_list":{"0":"post-7378","1":"product","2":"type-product","3":"status-publish","4":"has-post-thumbnail","6":"product_brand-microsoft","7":"product_cat-office-products","9":"first","10":"instock","11":"shipping-taxable","12":"purchasable","13":"product-type-simple"},"acf":[],"aioseo_notices":[],"_links":{"self":[{"href":"https:\/\/www.mskeydepot.com\/it\/wp-json\/wp\/v2\/product\/7378","targetHints":{"allow":["GET"]}}],"collection":[{"href":"https:\/\/www.mskeydepot.com\/it\/wp-json\/wp\/v2\/product"}],"about":[{"href":"https:\/\/www.mskeydepot.com\/it\/wp-json\/wp\/v2\/types\/product"}],"replies":[{"embeddable":true,"href":"https:\/\/www.mskeydepot.com\/it\/wp-json\/wp\/v2\/comments?post=7378"}],"wp:featuredmedia":[{"embeddable":true,"href":"https:\/\/www.mskeydepot.com\/it\/wp-json\/wp\/v2\/media\/7248"}],"wp:attachment":[{"href":"https:\/\/www.mskeydepot.com\/it\/wp-json\/wp\/v2\/media?parent=7378"}],"wp:term":[{"taxonomy":"product_brand","embeddable":true,"href":"https:\/\/www.mskeydepot.com\/it\/wp-json\/wp\/v2\/product_brand?post=7378"},{"taxonomy":"product_cat","embeddable":true,"href":"https:\/\/www.mskeydepot.com\/it\/wp-json\/wp\/v2\/product_cat?post=7378"},{"taxonomy":"product_tag","embeddable":true,"href":"https:\/\/www.mskeydepot.com\/it\/wp-json\/wp\/v2\/product_tag?post=7378"}],"curies":[{"name":"wp","href":"https:\/\/api.w.org\/{rel}","templated":true}]}}