{"id":7269,"date":"2025-04-01T17:55:41","date_gmt":"2025-04-01T17:55:41","guid":{"rendered":"https:\/\/www.mskeydepot.com\/?post_type=product&#038;p=7269"},"modified":"2025-05-18T12:21:01","modified_gmt":"2025-05-18T12:21:01","slug":"microsoft-office-home-business-2024-bindingssleutel","status":"publish","type":"product","link":"https:\/\/www.mskeydepot.com\/nl\/product\/microsoft-office-home-business-2024-bindingssleutel\/","title":{"rendered":"Microsoft Office Home &amp; Business 2024 Bindsleutel"},"content":{"rendered":"<h3 class=\"wp-block-heading\">Ontgrendel productiviteit met Microsoft Office 2024 voor thuis en zakelijk gebruik<\/h3>\n\n\n\n<p>Welkom bij Microsoft Office 2024 Home and Business: de perfecte productiviteitssuite voor gezinnen en kleine bedrijven. Of u nu huishoudelijke taken organiseert of een groeiend bedrijf leidt, deze alles-in-\u00e9\u00e9n oplossing biedt de essenti\u00eble tools die u nodig hebt om slimmer en sneller te werken.<\/p>\n\n\n\n<h3 class=\"wp-block-heading\">Koop Microsoft Office 2024 Home en Business bij Keyzland.com<\/h3>\n\n\n\n<p>Koop Microsoft Office 2024 Home and Business tegen de beste prijs bij Keyzland.com. Na je bestelling sturen we je activeringssleutel direct per e-mail. Met een eenmalige betaling ben je verzekerd van een levenslange licentie voor \u00e9\u00e9n PC of Mac! Bestel nu om je Office 2024 licentiesleutel te ontvangen, je software te activeren en je workflow thuis of op kantoor te stroomlijnen.<\/p>\n\n\n\n<hr class=\"wp-block-separator has-alpha-channel-opacity\"\/>\n\n\n\n<h3 class=\"wp-block-heading\">Alles wat je nodig hebt in \u00e9\u00e9n pakket<\/h3>\n\n\n\n<p>Microsoft Office 2024 Home and Business is op maat gemaakt voor zowel thuisgebruikers als kleine bedrijven en biedt de vertrouwde toepassingen van Microsoft in \u00e9\u00e9n krachtige suite. Deze editie bevat Word, Excel, PowerPoint, Outlook en OneNote voor alles van documentcreatie en gegevensanalyse tot e-mailbeheer en het maken van notities.<\/p>\n\n\n\n<p>Deze eenmalige aankoop is compatibel met Windows en macOS en maakt abonnementskosten overbodig. Installeer het op \u00e9\u00e9n pc of Mac en geniet van naadloze productiviteit thuis, op kantoor of onderweg.<\/p>\n\n\n\n<hr class=\"wp-block-separator has-alpha-channel-opacity\"\/>\n\n\n\n<h3 class=\"wp-block-heading\">Belangrijkste functies van Microsoft Office 2024 Home and Business<\/h3>\n\n\n\n<h4 class=\"wp-block-heading\">Woord 2024<\/h4>\n\n\n\n<p>Maak alles van professionele rapporten tot persoonlijke brieven met Word 2024. Met de nieuwe realtime samenwerkingstools kun je moeiteloos samenwerken met anderen, terwijl verbeterde opmaakopties ervoor zorgen dat je documenten er gepolijst en professioneel uitzien.<\/p>\n\n\n\n<h4 class=\"wp-block-heading\">Excel 2024<\/h4>\n\n\n\n<p>Beheer budgetten of analyseer bedrijfsgegevens met Excel 2024. Het zit boordevol geavanceerde formules, gedetailleerde grafieken en AI-gestuurde inzichten en is perfect voor zowel beginners als doorgewinterde gebruikers.<\/p>\n\n\n\n<h4 class=\"wp-block-heading\">PowerPoint 2024<\/h4>\n\n\n\n<p>Maak verbluffende presentaties voor zakelijke pitches of schoolprojecten met PowerPoint 2024. Kies uit verschillende sjablonen en ontwerptools en werk in realtime samen met anderen om je idee\u00ebn tot leven te brengen.<\/p>\n\n\n\n<h4 class=\"wp-block-heading\">Vooruitzichten 2024<\/h4>\n\n\n\n<p>Blijf op de hoogte van uw dag met Outlook 2024, uw alles-in-\u00e9\u00e9n hub voor e-mail, planning en taken. Functies zoals een gerichte inbox en naadloze agenda-integratie houden je georganiseerd en in controle.<\/p>\n\n\n\n<h4 class=\"wp-block-heading\">OneNote 2024<\/h4>\n\n\n\n<p>Leg idee\u00ebn vast en blijf georganiseerd met OneNote 2024, uw digitale notitieblok. Deel notities met anderen en synchroniseer ze op verschillende apparaten via de cloud voor constante toegang.<\/p>\n\n\n\n<hr class=\"wp-block-separator has-alpha-channel-opacity\"\/>\n\n\n\n<h3 class=\"wp-block-heading\">Waarom kiezen voor Microsoft Office 2024 Home and Business?<\/h3>\n\n\n\n<ul class=\"wp-block-list\">\n<li><strong>Eenmalige aankoop<\/strong>: Geen abonnementen: je koopt het gewoon \u00e9\u00e9n keer en gebruikt het voor altijd op \u00e9\u00e9n pc of Mac.<\/li>\n\n\n\n<li><strong>Ondersteuning voor meerdere platforms<\/strong>: Werkt probleemloos op zowel Windows als macOS.<\/li>\n\n\n\n<li><strong>Alles-in-\u00e9\u00e9n Suite<\/strong>: Word, Excel, PowerPoint, Outlook en OneNote voor al je behoeften.<\/li>\n\n\n\n<li><strong>Perfect voor gezinnen en kleine bedrijven<\/strong>: Balanceert krachtige functies met een gebruiksvriendelijk ontwerp.<\/li>\n\n\n\n<li><strong>Verbeterde samenwerking<\/strong>: Bewerk documenten of presentaties met anderen in realtime.<\/li>\n<\/ul>\n\n\n\n<hr class=\"wp-block-separator has-alpha-channel-opacity\"\/>\n\n\n\n<h3 class=\"wp-block-heading\">Systeemvereisten<\/h3>\n\n\n\n<p>Zorg ervoor dat uw apparaat klaar is voor Microsoft Office 2024 Home and Business:<\/p>\n\n\n\n<h4 class=\"wp-block-heading\">Voor Windows:<\/h4>\n\n\n\n<ul class=\"wp-block-list\">\n<li><strong>Processor<\/strong>: 1,6 GHz of sneller, 2-core<\/li>\n\n\n\n<li><strong>Geheugen<\/strong>: 4 GB RAM (64-bits) of 2 GB RAM (32-bits)<\/li>\n\n\n\n<li><strong>Opslag<\/strong>: 4 GB beschikbare schijfruimte<\/li>\n\n\n\n<li><strong>Weergave<\/strong>: Resolutie 1280 x 768<\/li>\n<\/ul>\n\n\n\n<h4 class=\"wp-block-heading\">Voor macOS:<\/h4>\n\n\n\n<ul class=\"wp-block-list\">\n<li><strong>Processor<\/strong>: 1,6 GHz, 2-core processor<\/li>\n\n\n\n<li><strong>Geheugen<\/strong>: 4 GB RAM<\/li>\n\n\n\n<li><strong>Opslag<\/strong>: 10 GB beschikbare schijfruimte<\/li>\n\n\n\n<li><strong>Weergave<\/strong>: Resolutie 1280 x 800<\/li>\n<\/ul>\n\n\n\n<hr class=\"wp-block-separator has-alpha-channel-opacity\"\/>\n\n\n\n<h3 class=\"wp-block-heading\">Verhoog uw productiviteit vandaag<\/h3>\n\n\n\n<p>Microsoft Office 2024 Home and Business is de ultieme oplossing voor gezinnen en kleine bedrijven. Met essenti\u00eble apps zoals Word, Excel, PowerPoint, Outlook en OneNote, plus volledige compatibiliteit met Windows en macOS, is het gemaakt om je te helpen slagen thuis of op het werk. Ga naar Keyzland.com voor de beste deal, activeer je levenslange licentie en til je productiviteit naar een hoger niveau!<\/p>","protected":false},"excerpt":{"rendered":"<p>Met essenti\u00eble apps zoals Word, Excel, PowerPoint, Outlook en OneNote, plus volledige compatibiliteit met Windows en macOS, is het gemaakt om je te helpen slagen thuis of op het werk.<\/p>","protected":false},"featured_media":7251,"comment_status":"open","ping_status":"closed","template":"","meta":{"_acf_changed":false},"product_brand":[54],"product_cat":[60],"product_tag":[],"class_list":{"0":"post-7269","1":"product","2":"type-product","3":"status-publish","4":"has-post-thumbnail","6":"product_brand-microsoft","7":"product_cat-office-products","9":"first","10":"instock","11":"shipping-taxable","12":"purchasable","13":"product-type-simple"},"acf":[],"aioseo_notices":[],"_links":{"self":[{"href":"https:\/\/www.mskeydepot.com\/nl\/wp-json\/wp\/v2\/product\/7269","targetHints":{"allow":["GET"]}}],"collection":[{"href":"https:\/\/www.mskeydepot.com\/nl\/wp-json\/wp\/v2\/product"}],"about":[{"href":"https:\/\/www.mskeydepot.com\/nl\/wp-json\/wp\/v2\/types\/product"}],"replies":[{"embeddable":true,"href":"https:\/\/www.mskeydepot.com\/nl\/wp-json\/wp\/v2\/comments?post=7269"}],"wp:featuredmedia":[{"embeddable":true,"href":"https:\/\/www.mskeydepot.com\/nl\/wp-json\/wp\/v2\/media\/7251"}],"wp:attachment":[{"href":"https:\/\/www.mskeydepot.com\/nl\/wp-json\/wp\/v2\/media?parent=7269"}],"wp:term":[{"taxonomy":"product_brand","embeddable":true,"href":"https:\/\/www.mskeydepot.com\/nl\/wp-json\/wp\/v2\/product_brand?post=7269"},{"taxonomy":"product_cat","embeddable":true,"href":"https:\/\/www.mskeydepot.com\/nl\/wp-json\/wp\/v2\/product_cat?post=7269"},{"taxonomy":"product_tag","embeddable":true,"href":"https:\/\/www.mskeydepot.com\/nl\/wp-json\/wp\/v2\/product_tag?post=7269"}],"curies":[{"name":"wp","href":"https:\/\/api.w.org\/{rel}","templated":true}]}}