{"id":7519,"date":"2025-05-31T14:25:33","date_gmt":"2025-05-31T14:25:33","guid":{"rendered":"https:\/\/www.mskeydepot.com\/?post_type=product&#038;p=7519"},"modified":"2026-04-29T13:18:20","modified_gmt":"2026-04-29T13:18:20","slug":"microsoft-office-2021-voor-mac-levenslange-licentie","status":"publish","type":"product","link":"https:\/\/www.mskeydepot.com\/nl\/product\/microsoft-office-2021-voor-mac-levenslange-licentie\/","title":{"rendered":"Microsoft Office 2021 voor thuis en zakelijk voor Mac"},"content":{"rendered":"<p>Verhoog je productiviteit met Microsoft Office 2021 voor Mac, een krachtig pakket programma's voor studenten, professionals en gezinnen die op zoek zijn naar betrouwbare tools zonder terugkerende abonnementen. Met een eenmalige aankoop krijg je een levenslange licentie om klassieke Office-programma's op \u00e9\u00e9n Mac te installeren, zodat je altijd toegang hebt tot essenti\u00eble functies en beveiligingsupdates.<\/p>\n\n\n\n<p><strong>Belangrijkste kenmerken<\/strong>:<\/p>\n\n\n\n<ul class=\"wp-block-list\">\n<li><strong>Eenmalige aankoop<\/strong>: Geen terugkerende kosten. Betaal \u00e9\u00e9n keer en gebruik Office 2021 voor altijd op \u00e9\u00e9n Mac.<\/li>\n\n\n\n<li><strong>Meegeleverde toepassingen<\/strong>: Bevat desktopversies van Word, Excel, PowerPoint, OneNote en Outlook, ideaal voor het maken van professionele documenten, het analyseren van gegevens, het maken van boeiende presentaties en het beheren van e-mails en notities.<\/li>\n\n\n\n<li><strong>Naadloze compatibiliteit<\/strong>: Geoptimaliseerd voor macOS (ondersteunt de drie nieuwste versies op het moment van uitbrengen, waaronder Monterey, Ventura en Sonoma), voor soepele prestaties op je Mac.<\/li>\n\n\n\n<li><strong>Real-Time Samenwerking<\/strong>: Met de functie Co-authoring kunnen meerdere gebruikers tegelijkertijd Word-, Excel- en PowerPoint-documenten bewerken, perfect voor teamprojecten of schoolopdrachten.<\/li>\n\n\n\n<li><strong>Verbeterde gereedschappen<\/strong>: Profiteer van bijgewerkte functies zoals verbeterde Excel-functies (bijv. XLOOKUP, LET) voor geavanceerde gegevensanalyse en gemoderniseerde sjablonen in Word en PowerPoint voor professionele output.<\/li>\n\n\n\n<li><strong>Toegankelijkheid verbeteren<\/strong>: Bevat tools voor het toevoegen van alt-tekst en verbeterde ondersteuning voor schermlezers, waardoor uw inhoud inclusiever wordt.<\/li>\n\n\n\n<li><strong>Moderne interface<\/strong>: Geniet van een vernieuwd, gebruiksvriendelijk ontwerp in alle programma's, met ondersteuning voor aanraakinvoer op compatibele Mac-apparaten.<\/li>\n\n\n\n<li><strong>Offline productiviteit<\/strong>: Werkt na installatie zonder internetverbinding, zodat je altijd en overal toegang hebt.<\/li>\n<\/ul>\n\n\n\n<p><strong>Productgegevens<\/strong>:<\/p>\n\n\n\n<ul class=\"wp-block-list\">\n<li><strong>Geldigheid licentie<\/strong>: Levenslange licentie voor \u00e9\u00e9n Mac, inclusief Microsoft-ondersteuning.<\/li>\n\n\n\n<li><strong>Taal<\/strong>: Meertalig, inclusief Engels en andere talen voor weergave, hulp en proefdrukhulpmiddelen.<\/li>\n\n\n\n<li><strong>Levering<\/strong>: Ontvang je Product Key en downloadlink via e-mail binnen enkele minuten na aankoop, met duidelijke installatie-instructies.<\/li>\n\n\n\n<li><strong>Systeemvereisten<\/strong>macOS Monterey, Ventura of Sonoma; 1,1 GHz dual-core processor, 4 GB RAM, 4 GB schijfruimte, beeldschermresolutie 1280\u00d7768.<\/li>\n<\/ul>\n\n\n\n<p><\/p>","protected":false},"excerpt":{"rendered":"<p>Office 2021 is ideaal voor wie op zoek is naar een kosteneffectieve oplossing zonder abonnement.<\/p>","protected":false},"featured_media":7249,"comment_status":"open","ping_status":"closed","template":"","meta":{"_acf_changed":true},"product_brand":[54],"product_cat":[60],"product_tag":[],"class_list":{"0":"post-7519","1":"product","2":"type-product","3":"status-publish","4":"has-post-thumbnail","6":"product_brand-microsoft","7":"product_cat-office-products","9":"first","10":"instock","11":"shipping-taxable","12":"purchasable","13":"product-type-simple"},"acf":[],"aioseo_notices":[],"_links":{"self":[{"href":"https:\/\/www.mskeydepot.com\/nl\/wp-json\/wp\/v2\/product\/7519","targetHints":{"allow":["GET"]}}],"collection":[{"href":"https:\/\/www.mskeydepot.com\/nl\/wp-json\/wp\/v2\/product"}],"about":[{"href":"https:\/\/www.mskeydepot.com\/nl\/wp-json\/wp\/v2\/types\/product"}],"replies":[{"embeddable":true,"href":"https:\/\/www.mskeydepot.com\/nl\/wp-json\/wp\/v2\/comments?post=7519"}],"wp:featuredmedia":[{"embeddable":true,"href":"https:\/\/www.mskeydepot.com\/nl\/wp-json\/wp\/v2\/media\/7249"}],"wp:attachment":[{"href":"https:\/\/www.mskeydepot.com\/nl\/wp-json\/wp\/v2\/media?parent=7519"}],"wp:term":[{"taxonomy":"product_brand","embeddable":true,"href":"https:\/\/www.mskeydepot.com\/nl\/wp-json\/wp\/v2\/product_brand?post=7519"},{"taxonomy":"product_cat","embeddable":true,"href":"https:\/\/www.mskeydepot.com\/nl\/wp-json\/wp\/v2\/product_cat?post=7519"},{"taxonomy":"product_tag","embeddable":true,"href":"https:\/\/www.mskeydepot.com\/nl\/wp-json\/wp\/v2\/product_tag?post=7519"}],"curies":[{"name":"wp","href":"https:\/\/api.w.org\/{rel}","templated":true}]}}